{"id":522,"date":"2016-10-27T14:46:10","date_gmt":"2016-10-27T12:46:10","guid":{"rendered":"http:\/\/www.schilliger.ch\/geschichte\/"},"modified":"2021-09-24T09:37:04","modified_gmt":"2021-09-24T07:37:04","slug":"historique","status":"publish","type":"page","link":"https:\/\/www.schilliger.ch\/fr\/societe\/historique\/","title":{"rendered":"Historique"},"content":{"rendered":"<p><div class=\"fusion-fullwidth fullwidth-box fusion-builder-row-1 nonhundred-percent-fullwidth non-hundred-percent-height-scrolling\" style=\"--awb-background-position:left top;--awb-border-sizes-top:0px;--awb-border-sizes-bottom:0px;--awb-border-sizes-left:0px;--awb-border-sizes-right:0px;--awb-border-radius-top-left:0px;--awb-border-radius-top-right:0px;--awb-border-radius-bottom-right:0px;--awb-border-radius-bottom-left:0px;--awb-padding-top:100px;--awb-padding-bottom:100px;--awb-flex-wrap:wrap;\" ><div class=\"fusion-builder-row fusion-row\"><div class=\"fusion-layout-column fusion_builder_column fusion-builder-column-0 fusion_builder_column_1_1 1_1 fusion-one-full fusion-column-first fusion-column-last content--left\" style=\"--awb-bg-size:cover;\"><div class=\"fusion-column-wrapper fusion-flex-column-wrapper-legacy\"><div class=\"fusion-image-element in-legacy-container\" style=\"--awb-caption-title-font-family:var(--h2_typography-font-family);--awb-caption-title-font-weight:var(--h2_typography-font-weight);--awb-caption-title-font-style:var(--h2_typography-font-style);--awb-caption-title-size:var(--h2_typography-font-size);--awb-caption-title-transform:var(--h2_typography-text-transform);--awb-caption-title-line-height:var(--h2_typography-line-height);--awb-caption-title-letter-spacing:var(--h2_typography-letter-spacing);\"><span class=\" fusion-imageframe imageframe-none imageframe-1 hover-type-zoomin\"><img decoding=\"async\" src=\"http:\/\/www.schilliger.ch\/wp-content\/uploads\/2016\/10\/img2.jpg\" alt class=\"img-responsive\"\/><\/span><\/div><div class=\"fusion-image-element in-legacy-container\" style=\"--awb-caption-title-font-family:var(--h2_typography-font-family);--awb-caption-title-font-weight:var(--h2_typography-font-weight);--awb-caption-title-font-style:var(--h2_typography-font-style);--awb-caption-title-size:var(--h2_typography-font-size);--awb-caption-title-transform:var(--h2_typography-text-transform);--awb-caption-title-line-height:var(--h2_typography-line-height);--awb-caption-title-letter-spacing:var(--h2_typography-letter-spacing);\"><span class=\" fusion-imageframe imageframe-none imageframe-2 hover-type-zoomin\"><img decoding=\"async\" src=\"http:\/\/www.schilliger.ch\/wp-content\/uploads\/2016\/10\/img1.jpg\" alt class=\"img-responsive\"\/><\/span><\/div><div class=\"fusion-sep-clear\"><\/div><div class=\"fusion-separator fusion-full-width-sep\" style=\"margin-left: auto;margin-right: auto;margin-top:15px;width:100%;\"><\/div><div class=\"fusion-sep-clear\"><\/div><div class=\"fusion-text fusion-text-1\"><p><strong>\u00a01. G\u00e9n\u00e9ralit\u00e9s<\/strong><\/p>\n<p>Le terme Schilliger Holz d\u00e9signe l&#8217;entit\u00e9 \u00e9conomique regroupant les trois entit\u00e9s juridiques distinctes suivantes : Schilliger Holz AG, Schilliger Holz-Industrie AG und Schilliger Holz S\u00e4gewerk AG. Toutes les actions de ces soci\u00e9t\u00e9s sont entre les mains des membres de la famille Schilliger.<\/p>\n<\/div><div class=\"fusion-sep-clear\"><\/div><div class=\"fusion-separator fusion-full-width-sep\" style=\"margin-left: auto;margin-right: auto;margin-bottom:10px;width:100%;\"><\/div><div class=\"fusion-sep-clear\"><\/div><div class=\"fusion-text fusion-text-2\"><p><strong>2. Dates principales<\/strong><\/p>\n<p><strong>1861<\/strong> Achat par Blasius Schilliger de l&#8217;exploitation agricole, de l&#8217;auberge, de la cidrerie et de la scierie.<br \/>\n<strong>1962<\/strong> Incendie total de la scierie et de la cidrerie. Seule la scierie est reconstruite.<br \/>\n<strong>1969<\/strong> Acquisition de la premi\u00e8re ligne de profilage (capacit\u00e9 annuelle de 40.000 m3)<br \/>\n<strong>1979<\/strong> Nouvelle ligne de scie multiples sur chassis, divers investissements<br \/>\n<strong>1988<\/strong> Ligne de profilage avec installation d&#8217;empilage<br \/>\n<strong>1989<\/strong> Premi\u00e8re unit\u00e9 de production de bois coll\u00e9, divers investissements<br \/>\n<strong>1995<\/strong> Seconde raboterie et s\u00e9choir n\u00b08 (Vakuum)<br \/>\n<strong>1996<\/strong> Seconde unit\u00e9 de production de bois coll\u00e9, s\u00e9choir n\u00b09<br \/>\n<strong>1997<\/strong> Chaudi\u00e8re de 5MW et s\u00e9choir n\u00b010<br \/>\n<strong>1998<\/strong> S\u00e9choir n\u00b011, station de d\u00e9coupe, hall de stockage n\u00b016<br \/>\n<strong>1999<\/strong> Troisi\u00e8me unit\u00e9 de production de bois coll\u00e9 (panneaux multiplis de construction)<br \/>\n<strong>2000<\/strong> Centre de taille des panneaux CNC \u00e0 commande num\u00e9rique<br \/>\n<strong>2000<\/strong> Cr\u00e9ation de la soci\u00e9t\u00e9 Schilliger S\u00e4gewerk AG et construction de la scierie gros bois \u00e0 Perlen<br \/>\n<strong>2001<\/strong> Mise en service de la scierie gros bois<br \/>\n<strong>2002<\/strong> Chaufferie et s\u00e9choirs install\u00e9s sur le site de la scierie gros bois<br \/>\n<strong>2003<\/strong> Seconde unit\u00e9 de production de panneaux mulutiplis de construction<br \/>\n<strong>2004<\/strong> Silo pour le stockage des sciures de raboterie<br \/>\n<strong>2005<\/strong> Mise en serice du troisi\u00e8me niveau de performance \u00e0 la scierie gros bois de Perlen<br \/>\n<strong>2006<\/strong> Modification de la ligne de profilage de Haltikon, remplacement d&#8217;une raboteuse, nouvelle grue sur portique<br \/>\n<strong>2007<\/strong> Remplacement de la scie multilame sur ch\u00e2ssis par un canter \u00e0 Haltikon<br \/>\n<strong>2008<\/strong> Cr\u00e9ation de Schilliger Holz Luterbach AG et achat d&#8217;un terrain industriel \u00e0 Luterbach<br \/>\n<strong>2009<\/strong> Cr\u00e9ation de Schilliger Bois SAS et rachat d&#8217;une scierie \u00e0 Volgelsheim (F)<br \/>\n<strong>2011<\/strong> Jubil\u00e9 du 150<sup>\u00e8me<\/sup> de Schilliger Holz AG<br \/>\n<strong>2013<\/strong> Mise en service du nouveau centre de taille<br \/>\n<strong>2016<\/strong> Mise en service de la nouvelle ligne de triage, extension de la ligne de collage<\/p>\n<p>2017 Incendie d\u00e9truit l&#8217;unit\u00e9 de production de panneaux GFP<\/p>\n<p>2018 Mise en service du nouveau centre de production lamell\u00e9 coll\u00e9<\/p>\n<p>2019 Mise en service du nouveau centre de production\u00a0panneaux GFP<\/p>\n<\/div><div class=\"fusion-clearfix\"><\/div><\/div><\/div><\/div><\/div><div class=\"fusion-fullwidth fullwidth-box fusion-builder-row-2 hundred-percent-fullwidth non-hundred-percent-height-scrolling fusion-equal-height-columns\" style=\"--awb-background-position:left top;--awb-border-sizes-top:0px;--awb-border-sizes-bottom:0px;--awb-border-sizes-left:0px;--awb-border-sizes-right:0px;--awb-border-radius-top-left:0px;--awb-border-radius-top-right:0px;--awb-border-radius-bottom-right:0px;--awb-border-radius-bottom-left:0px;--awb-padding-top:0px;--awb-padding-right:0px;--awb-padding-bottom:0px;--awb-padding-left:0px;--awb-flex-wrap:wrap;\" ><div class=\"fusion-builder-row fusion-row\"><div class=\"fusion-layout-column fusion_builder_column fusion-builder-column-1 fusion_builder_column_1_3 1_3 fusion-one-third fusion-column-first\" style=\"--awb-bg-color:#8a8a8a;--awb-bg-color-hover:#8a8a8a;--awb-bg-size:cover;--awb-margin-bottom:0px;\"><div class=\"fusion-column-wrapper fusion-flex-column-wrapper-legacy\"><div class=\"fusion-column-content-centered\"><div class=\"fusion-column-content\"><div class=\"fusion-title title fusion-title-1 fusion-sep-none fusion-title-text fusion-title-size-two zertifikat\"><h2 class=\"fusion-title-heading title-heading-right fusion-responsive-typography-calculated\" style=\"margin:0;--fontSize:36;line-height:1.5;\">Zertifikate<\/h2><\/div><\/div><\/div><div class=\"fusion-clearfix\"><\/div><\/div><\/div><div class=\"fusion-layout-column fusion_builder_column fusion-builder-column-2 fusion_builder_column_2_3 2_3 fusion-two-third fusion-column-last\" style=\"--awb-bg-color:#ffffff;--awb-bg-color-hover:#ffffff;--awb-bg-size:cover;--awb-margin-bottom:0px;\"><div class=\"fusion-column-wrapper fusion-flex-column-wrapper-legacy\"><div class=\"fusion-column-content-centered\"><div class=\"fusion-column-content\"><div class=\"fusion-image-carousel fusion-image-carousel-auto fusion-image-carousel-1\"><div class=\"awb-carousel awb-swiper awb-swiper-carousel awb-swiper-dots-position-bottom awb-carousel--carousel\" data-layout=\"carousel\" data-autoplay=\"no\" data-autoplayspeed=\"2500\" data-autoplaypause=\"no\" data-columns=\"5\" data-itemmargin=\"5\" data-itemwidth=\"180\" data-touchscroll=\"no\" data-freemode=\"no\" data-imagesize=\"auto\" data-scrollitems=\"0\" data-centeredslides=\"no\" data-rotationangle=\"50\" data-depth=\"100\" data-speed=\"500\" data-shadow=\"no\" style=\"--awb-column-spacing:5px;\"><div class=\"swiper-wrapper awb-image-carousel-wrapper fusion-flex-align-items-center\"><div class=\"swiper-slide\"><div class=\"fusion-carousel-item-wrapper\"><div class=\"fusion-image-wrapper hover-type-zoomin\"><a href=\"\/zertifikate\/allgemeine-zertifikate\/\" target=\"_self\"><img decoding=\"async\" src=\"http:\/\/www.schilliger.ch\/wp-content\/uploads\/2016\/10\/zertifikat-ce.jpg\" alt=\"\"\/><\/a><\/div><\/div><\/div><div class=\"swiper-slide\"><div class=\"fusion-carousel-item-wrapper\"><div class=\"fusion-image-wrapper hover-type-zoomin\"><a href=\"\/zertifikate\/allgemeine-zertifikate\/\" target=\"_self\"><img decoding=\"async\" src=\"http:\/\/www.schilliger.ch\/wp-content\/uploads\/2016\/10\/zertifikat-FSC.jpg\" alt=\"\"\/><\/a><\/div><\/div><\/div><div class=\"swiper-slide\"><div class=\"fusion-carousel-item-wrapper\"><div class=\"fusion-image-wrapper hover-type-zoomin\"><a href=\"\/zertifikate\/allgemeine-zertifikate\/\" target=\"_self\"><img decoding=\"async\" src=\"http:\/\/www.schilliger.ch\/wp-content\/uploads\/2016\/10\/zertifikat-QM.jpg\" alt=\"\"\/><\/a><\/div><\/div><\/div><div class=\"swiper-slide\"><div class=\"fusion-carousel-item-wrapper\"><div class=\"fusion-image-wrapper hover-type-zoomin\"><a href=\"\/zertifikate\/allgemeine-zertifikate\/\" target=\"_self\"><img decoding=\"async\" src=\"http:\/\/www.schilliger.ch\/wp-content\/uploads\/2016\/10\/zertifikat-holz.jpg\" alt=\"\"\/><\/a><\/div><\/div><\/div><div class=\"swiper-slide\"><div class=\"fusion-carousel-item-wrapper\"><div class=\"fusion-image-wrapper hover-type-zoomin\"><a href=\"\/zertifikate\/allgemeine-zertifikate\/\" target=\"_self\"><img decoding=\"async\" src=\"http:\/\/www.schilliger.ch\/wp-content\/uploads\/2016\/10\/zertifikat-sfh.jpg\" alt=\"\"\/><\/a><\/div><\/div><\/div><\/div><div class=\"awb-swiper-button awb-swiper-button-prev\"><i class=\"awb-icon-angle-left\" aria-hidden=\"true\"><\/i><\/div><div class=\"awb-swiper-button awb-swiper-button-next\"><i class=\"awb-icon-angle-right\" aria-hidden=\"true\"><\/i><\/div><\/div><\/div><\/div><\/div><div class=\"fusion-clearfix\"><\/div><\/div><\/div><\/div><\/div><\/p>\n","protected":false},"excerpt":{"rendered":"","protected":false},"author":1,"featured_media":0,"parent":661,"menu_order":0,"comment_status":"closed","ping_status":"closed","template":"100-width.php","meta":{"footnotes":""},"class_list":["post-522","page","type-page","status-publish","hentry"],"yoast_head":"<!-- This site is optimized with the Yoast SEO plugin v16.7 - https:\/\/yoast.com\/wordpress\/plugins\/seo\/ -->\n<title>Historique - Schilliger CH<\/title>\n<meta name=\"robots\" content=\"index, follow, max-snippet:-1, max-image-preview:large, max-video-preview:-1\" \/>\n<link rel=\"canonical\" href=\"https:\/\/www.schilliger.ch\/fr\/societe\/historique\/\" \/>\n<meta property=\"og:locale\" content=\"fr_FR\" \/>\n<meta property=\"og:type\" content=\"article\" \/>\n<meta property=\"og:title\" content=\"Historique - Schilliger CH\" \/>\n<meta property=\"og:url\" content=\"https:\/\/www.schilliger.ch\/fr\/societe\/historique\/\" \/>\n<meta property=\"og:site_name\" content=\"Schilliger CH\" \/>\n<meta property=\"article:modified_time\" content=\"2021-09-24T07:37:04+00:00\" \/>\n<meta property=\"og:image\" content=\"http:\/\/www.schilliger.ch\/wp-content\/uploads\/2016\/10\/img2.jpg\" \/>\n<meta name=\"twitter:card\" content=\"summary\" \/>\n<meta name=\"twitter:label1\" content=\"Dur\u00e9e de lecture est.\" \/>\n\t<meta name=\"twitter:data1\" content=\"4 minutes\" \/>\n<script type=\"application\/ld+json\" class=\"yoast-schema-graph\">{\"@context\":\"https:\/\/schema.org\",\"@graph\":[{\"@type\":\"WebSite\",\"@id\":\"https:\/\/www.schilliger.ch\/fr\/#website\",\"url\":\"https:\/\/www.schilliger.ch\/fr\/\",\"name\":\"Schilliger CH\",\"description\":\"Kompetenz und Innovation. Holz und Mehr.\",\"potentialAction\":[{\"@type\":\"SearchAction\",\"target\":{\"@type\":\"EntryPoint\",\"urlTemplate\":\"https:\/\/www.schilliger.ch\/fr\/?s={search_term_string}\"},\"query-input\":\"required name=search_term_string\"}],\"inLanguage\":\"fr-FR\"},{\"@type\":\"ImageObject\",\"@id\":\"https:\/\/www.schilliger.ch\/fr\/societe\/historique\/#primaryimage\",\"inLanguage\":\"fr-FR\",\"url\":\"http:\/\/www.schilliger.ch\/wp-content\/uploads\/2016\/10\/img2.jpg\",\"contentUrl\":\"http:\/\/www.schilliger.ch\/wp-content\/uploads\/2016\/10\/img2.jpg\"},{\"@type\":\"WebPage\",\"@id\":\"https:\/\/www.schilliger.ch\/fr\/societe\/historique\/#webpage\",\"url\":\"https:\/\/www.schilliger.ch\/fr\/societe\/historique\/\",\"name\":\"Historique - Schilliger CH\",\"isPartOf\":{\"@id\":\"https:\/\/www.schilliger.ch\/fr\/#website\"},\"primaryImageOfPage\":{\"@id\":\"https:\/\/www.schilliger.ch\/fr\/societe\/historique\/#primaryimage\"},\"datePublished\":\"2016-10-27T12:46:10+00:00\",\"dateModified\":\"2021-09-24T07:37:04+00:00\",\"breadcrumb\":{\"@id\":\"https:\/\/www.schilliger.ch\/fr\/societe\/historique\/#breadcrumb\"},\"inLanguage\":\"fr-FR\",\"potentialAction\":[{\"@type\":\"ReadAction\",\"target\":[\"https:\/\/www.schilliger.ch\/fr\/societe\/historique\/\"]}]},{\"@type\":\"BreadcrumbList\",\"@id\":\"https:\/\/www.schilliger.ch\/fr\/societe\/historique\/#breadcrumb\",\"itemListElement\":[{\"@type\":\"ListItem\",\"position\":1,\"name\":\"Accueil\",\"item\":\"https:\/\/www.schilliger.ch\/fr\/\"},{\"@type\":\"ListItem\",\"position\":2,\"name\":\"Soci\\u00e9t\\u00e9\",\"item\":\"https:\/\/www.schilliger.ch\/fr\/societe\/\"},{\"@type\":\"ListItem\",\"position\":3,\"name\":\"Historique\"}]}]}<\/script>\n<!-- \/ Yoast SEO plugin. -->","yoast_head_json":{"title":"Historique - Schilliger CH","robots":{"index":"index","follow":"follow","max-snippet":"max-snippet:-1","max-image-preview":"max-image-preview:large","max-video-preview":"max-video-preview:-1"},"canonical":"https:\/\/www.schilliger.ch\/fr\/societe\/historique\/","og_locale":"fr_FR","og_type":"article","og_title":"Historique - Schilliger CH","og_url":"https:\/\/www.schilliger.ch\/fr\/societe\/historique\/","og_site_name":"Schilliger CH","article_modified_time":"2021-09-24T07:37:04+00:00","og_image":[{"url":"http:\/\/www.schilliger.ch\/wp-content\/uploads\/2016\/10\/img2.jpg"}],"twitter_card":"summary","twitter_misc":{"Dur\u00e9e de lecture est.":"4 minutes"},"schema":{"@context":"https:\/\/schema.org","@graph":[{"@type":"WebSite","@id":"https:\/\/www.schilliger.ch\/fr\/#website","url":"https:\/\/www.schilliger.ch\/fr\/","name":"Schilliger CH","description":"Kompetenz und Innovation. Holz und Mehr.","potentialAction":[{"@type":"SearchAction","target":{"@type":"EntryPoint","urlTemplate":"https:\/\/www.schilliger.ch\/fr\/?s={search_term_string}"},"query-input":"required name=search_term_string"}],"inLanguage":"fr-FR"},{"@type":"ImageObject","@id":"https:\/\/www.schilliger.ch\/fr\/societe\/historique\/#primaryimage","inLanguage":"fr-FR","url":"http:\/\/www.schilliger.ch\/wp-content\/uploads\/2016\/10\/img2.jpg","contentUrl":"http:\/\/www.schilliger.ch\/wp-content\/uploads\/2016\/10\/img2.jpg"},{"@type":"WebPage","@id":"https:\/\/www.schilliger.ch\/fr\/societe\/historique\/#webpage","url":"https:\/\/www.schilliger.ch\/fr\/societe\/historique\/","name":"Historique - Schilliger CH","isPartOf":{"@id":"https:\/\/www.schilliger.ch\/fr\/#website"},"primaryImageOfPage":{"@id":"https:\/\/www.schilliger.ch\/fr\/societe\/historique\/#primaryimage"},"datePublished":"2016-10-27T12:46:10+00:00","dateModified":"2021-09-24T07:37:04+00:00","breadcrumb":{"@id":"https:\/\/www.schilliger.ch\/fr\/societe\/historique\/#breadcrumb"},"inLanguage":"fr-FR","potentialAction":[{"@type":"ReadAction","target":["https:\/\/www.schilliger.ch\/fr\/societe\/historique\/"]}]},{"@type":"BreadcrumbList","@id":"https:\/\/www.schilliger.ch\/fr\/societe\/historique\/#breadcrumb","itemListElement":[{"@type":"ListItem","position":1,"name":"Accueil","item":"https:\/\/www.schilliger.ch\/fr\/"},{"@type":"ListItem","position":2,"name":"Soci\u00e9t\u00e9","item":"https:\/\/www.schilliger.ch\/fr\/societe\/"},{"@type":"ListItem","position":3,"name":"Historique"}]}]}},"_links":{"self":[{"href":"https:\/\/www.schilliger.ch\/fr\/wp-json\/wp\/v2\/pages\/522","targetHints":{"allow":["GET"]}}],"collection":[{"href":"https:\/\/www.schilliger.ch\/fr\/wp-json\/wp\/v2\/pages"}],"about":[{"href":"https:\/\/www.schilliger.ch\/fr\/wp-json\/wp\/v2\/types\/page"}],"author":[{"embeddable":true,"href":"https:\/\/www.schilliger.ch\/fr\/wp-json\/wp\/v2\/users\/1"}],"replies":[{"embeddable":true,"href":"https:\/\/www.schilliger.ch\/fr\/wp-json\/wp\/v2\/comments?post=522"}],"version-history":[{"count":10,"href":"https:\/\/www.schilliger.ch\/fr\/wp-json\/wp\/v2\/pages\/522\/revisions"}],"predecessor-version":[{"id":4438,"href":"https:\/\/www.schilliger.ch\/fr\/wp-json\/wp\/v2\/pages\/522\/revisions\/4438"}],"up":[{"embeddable":true,"href":"https:\/\/www.schilliger.ch\/fr\/wp-json\/wp\/v2\/pages\/661"}],"wp:attachment":[{"href":"https:\/\/www.schilliger.ch\/fr\/wp-json\/wp\/v2\/media?parent=522"}],"curies":[{"name":"wp","href":"https:\/\/api.w.org\/{rel}","templated":true}]}}