{"id":609,"date":"2016-10-27T14:25:56","date_gmt":"2016-10-27T12:25:56","guid":{"rendered":"http:\/\/www.schilliger.ch\/uber-uns\/"},"modified":"2024-09-16T16:08:42","modified_gmt":"2024-09-16T14:08:42","slug":"en-bref","status":"publish","type":"page","link":"https:\/\/www.schilliger.ch\/fr\/societe\/en-bref\/","title":{"rendered":"En bref"},"content":{"rendered":"<p><div class=\"fusion-fullwidth fullwidth-box fusion-builder-row-1 nonhundred-percent-fullwidth non-hundred-percent-height-scrolling\" style=\"--awb-background-position:left top;--awb-border-sizes-top:0px;--awb-border-sizes-bottom:0px;--awb-border-sizes-left:0px;--awb-border-sizes-right:0px;--awb-border-radius-top-left:0px;--awb-border-radius-top-right:0px;--awb-border-radius-bottom-right:0px;--awb-border-radius-bottom-left:0px;--awb-padding-top:80px;--awb-padding-bottom:50px;--awb-flex-wrap:wrap;\" ><div class=\"fusion-builder-row fusion-row\"><div class=\"fusion-layout-column fusion_builder_column fusion-builder-column-0 fusion_builder_column_1_2 1_2 fusion-one-half fusion-column-first content--left\" style=\"--awb-bg-size:cover;width:48%; margin-right: 4%;\"><div class=\"fusion-column-wrapper fusion-flex-column-wrapper-legacy\"><div class=\"fusion-title title fusion-title-1 fusion-sep-none fusion-title-text fusion-title-size-two\"><h2 class=\"fusion-title-heading title-heading-left fusion-responsive-typography-calculated\" style=\"margin:0;--fontSize:36;line-height:1.5;\">Bois Schilliger &#8211; Naturel de suisse<\/h2><\/div><div class=\"fusion-text fusion-text-1\"><p>Depuis 1861, la soci\u00e9t\u00e9 Schilliger Holz AG est dirig\u00e9e par les membres de la famille Schilliger, dont la cinqui\u00e8me g\u00e9n\u00e9ration est actuellement \u00e0 la t\u00eate de l\u2019entreprise. La notion Schilliger Holz comprend l\u2019entit\u00e9 commerciale de quatre entreprises s\u00e9par\u00e9es : Schilliger Holz AG, Schilliger Holz-Industrie AG, Schilliger Scieries AG et Schilliger Bois SAS. Les actionnaires sont tous des membres des familles Schilliger.<\/p>\n<\/div><div class=\"fusion-clearfix\"><\/div><\/div><\/div><div class=\"fusion-layout-column fusion_builder_column fusion-builder-column-1 fusion_builder_column_1_2 1_2 fusion-one-half fusion-column-last\" style=\"--awb-bg-size:cover;width:48%;\"><div class=\"fusion-column-wrapper fusion-flex-column-wrapper-legacy\"><div class=\"fusion-slider-sc fusion-flexslider-loading flexslider flexslider-hover-type-none\" data-slideshow_autoplay=\"1\" data-slideshow_smooth_height=\"0\" data-slideshow_speed=\"7000\" style=\"max-width:100%;height:100%;\"><ul class=\"slides\"><li class=\"image\"><span class=\"fusion-image-hover-element hover-type-none\"><img decoding=\"async\" src=\"http:\/\/www.schilliger.ch\/wp-content\/uploads\/2019\/07\/Offizielles-Bild-300x225.jpeg\" \/><\/span><\/li><li class=\"image\"><span class=\"fusion-image-hover-element hover-type-none\"><img decoding=\"async\" src=\"http:\/\/www.schilliger.ch\/wp-content\/uploads\/2016\/10\/LuftPerlen4.jpg\" \/><\/span><\/li><li class=\"image\"><span class=\"fusion-image-hover-element hover-type-none\"><img decoding=\"async\" src=\"http:\/\/www.schilliger.ch\/wp-content\/uploads\/2016\/10\/VH-Luft-SW-hr.jpg\" \/><\/span><\/li><\/ul><\/div><div class=\"fusion-clearfix\"><\/div><\/div><\/div><\/div><\/div><div class=\"fusion-fullwidth fullwidth-box fusion-builder-row-2 nonhundred-percent-fullwidth non-hundred-percent-height-scrolling\" style=\"--awb-background-position:left top;--awb-border-sizes-top:0px;--awb-border-sizes-bottom:0px;--awb-border-sizes-left:0px;--awb-border-sizes-right:0px;--awb-border-radius-top-left:0px;--awb-border-radius-top-right:0px;--awb-border-radius-bottom-right:0px;--awb-border-radius-bottom-left:0px;--awb-padding-top:50px;--awb-padding-bottom:50px;--awb-flex-wrap:wrap;\" ><div class=\"fusion-builder-row fusion-row\"><div class=\"fusion-layout-column fusion_builder_column fusion-builder-column-2 fusion_builder_column_1_2 1_2 fusion-one-half fusion-column-first\" style=\"--awb-bg-size:cover;width:48%; margin-right: 4%;\"><div class=\"fusion-column-wrapper fusion-flex-column-wrapper-legacy\"><div class=\"fusion-video fusion-youtube\" style=\"--awb-max-width:889px;--awb-max-height:500px;\"><div class=\"video-shortcode\"><div class=\"fluid-width-video-wrapper\" style=\"padding-top:56.24%;\" ><iframe title=\"YouTube video player 1\" src=\"https:\/\/www.youtube.com\/embed\/f6J9GKwW-OI?wmode=transparent&autoplay=0&oida=1\" width=\"889\" height=\"500\" allowfullscreen allow=\"autoplay; clipboard-write; encrypted-media; gyroscope; picture-in-picture;\"><\/iframe><\/div><\/div><\/div><div class=\"fusion-clearfix\"><\/div><\/div><\/div><div class=\"fusion-layout-column fusion_builder_column fusion-builder-column-3 fusion_builder_column_1_2 1_2 fusion-one-half fusion-column-last content--right\" style=\"--awb-bg-size:cover;width:48%;\"><div class=\"fusion-column-wrapper fusion-flex-column-wrapper-legacy\"><div class=\"fusion-title title fusion-title-2 fusion-sep-none fusion-title-text fusion-title-size-two\"><h2 class=\"fusion-title-heading title-heading-right fusion-responsive-typography-calculated\" style=\"margin:0;--fontSize:36;line-height:1.5;\">Nos produits: Tout sous un m\u00eame toit<\/h2><\/div><div class=\"fusion-text fusion-text-2\"><p>Conjointement \u00e0 diff\u00e9rentes scieries install\u00e9es en Suisse et en France, la soci\u00e9t\u00e9 Schilliger exploite d&#8217;importantes cha\u00eenes de seconde transformation comme le s\u00e9chage et le rabotage des bois, la production de bois about\u00e9, de lamell\u00e9-coll\u00e9 et de panneaux multiplis de construction ainsi que le traitement\u00a0 auto\u00a0 clave. Une partie des produits de bois est export\u00e9e dans des pays de l\u2019Europe \u2013 notamment l\u2019Italie \u2013 et du monde entier.<\/p>\n<p>Schilliger dispose \u00e9galement de sa propre flotte comportant plusieurs v\u00e9hicules sp\u00e9ciaux permettant de garantir la livraison de tous nos produits aussi bien en Suisse qu&#8217;\u00e0 l&#8217;\u00e9tranger. Nous disposons de sp\u00e9cialistes pr\u00eats \u00e0 vous aider dans les domaines de l&#8217;ing\u00e9nierie construction bois, de la construction en bois, du traitement des surfaces, de la production et de la logistique.<\/p>\n<\/div><div class=\"fusion-clearfix\"><\/div><\/div><\/div><\/div><\/div><div class=\"fusion-fullwidth fullwidth-box fusion-builder-row-3 nonhundred-percent-fullwidth non-hundred-percent-height-scrolling\" style=\"--awb-background-position:left top;--awb-border-sizes-top:0px;--awb-border-sizes-bottom:0px;--awb-border-sizes-left:0px;--awb-border-sizes-right:0px;--awb-border-radius-top-left:0px;--awb-border-radius-top-right:0px;--awb-border-radius-bottom-right:0px;--awb-border-radius-bottom-left:0px;--awb-padding-top:50px;--awb-padding-bottom:50px;--awb-flex-wrap:wrap;\" ><div class=\"fusion-builder-row fusion-row\"><div class=\"fusion-layout-column fusion_builder_column fusion-builder-column-4 fusion_builder_column_1_1 1_1 fusion-one-full fusion-column-first fusion-column-last content--left\" style=\"--awb-bg-size:cover;\"><div class=\"fusion-column-wrapper fusion-flex-column-wrapper-legacy\"><div class=\"fusion-button-wrapper\"><a class=\"fusion-button button-flat fusion-button-default-size button-default fusion-button-default button-1 fusion-button-default-span fusion-button-default-type btn-left\" target=\"_blank\" rel=\"noopener noreferrer\" href=\" https:\/\/www.schilliger.ch\/wp-content\/uploads\/2024\/09\/org-schilliger-Konzern-Franzoesisch.pdf\"><i class=\"fa-file-alt fas awb-button__icon awb-button__icon--default button-icon-left\" aria-hidden=\"true\"><\/i><span class=\"fusion-button-text awb-button__text awb-button__text--default\">Organigramme Schilliger<\/span><\/a><\/div><div class=\"fusion-sep-clear\"><\/div><div class=\"fusion-separator fusion-full-width-sep\" style=\"margin-left: auto;margin-right: auto;margin-top:10px;width:100%;\"><\/div><div class=\"fusion-sep-clear\"><\/div><div class=\"fusion-button-wrapper\"><a class=\"fusion-button button-flat fusion-button-default-size button-default fusion-button-default button-2 fusion-button-default-span fusion-button-default-type btn-left\" target=\"_blank\" rel=\"noopener noreferrer\" href=\" http:\/\/www.schilliger.ch\/wp-content\/uploads\/2021\/10\/Infografik-2021-Schilliger-Holz-AG-franzoesisch.pdf\"><i class=\"fa-file-alt fas awb-button__icon awb-button__icon--default button-icon-left\" aria-hidden=\"true\"><\/i><span class=\"fusion-button-text awb-button__text awb-button__text--default\">INFOGRAPHIE SCHILLIGER<\/span><\/a><\/div><div class=\"fusion-sep-clear\"><\/div><div class=\"fusion-separator fusion-full-width-sep\" style=\"margin-left: auto;margin-right: auto;margin-top:10px;width:100%;\"><\/div><div class=\"fusion-sep-clear\"><\/div><div class=\"fusion-button-wrapper\"><a class=\"fusion-button button-flat fusion-button-default-size button-default fusion-button-default button-3 fusion-button-default-span fusion-button-default-type btn-left\" target=\"_blank\" rel=\"noopener noreferrer\" href=\" http:\/\/www.schilliger.ch\/wp-content\/uploads\/2022\/11\/Fact-sheet-franzoesisch-formatiert.pdf\"><i class=\"fa-file-alt fas awb-button__icon awb-button__icon--default button-icon-left\" aria-hidden=\"true\"><\/i><span class=\"fusion-button-text awb-button__text awb-button__text--default\">En bref<\/span><\/a><\/div><div class=\"fusion-clearfix\"><\/div><\/div><\/div><\/div><\/div><div class=\"fusion-fullwidth fullwidth-box fusion-builder-row-4 nonhundred-percent-fullwidth non-hundred-percent-height-scrolling\" style=\"--awb-border-radius-top-left:0px;--awb-border-radius-top-right:0px;--awb-border-radius-bottom-right:0px;--awb-border-radius-bottom-left:0px;--awb-padding-top:20px;--awb-padding-bottom:20px;--awb-flex-wrap:wrap;\" ><div class=\"fusion-builder-row fusion-row\"><div class=\"fusion-layout-column fusion_builder_column fusion-builder-column-5 fusion_builder_column_1_1 1_1 fusion-one-full fusion-column-first fusion-column-last\" style=\"--awb-bg-size:cover;\"><div class=\"fusion-column-wrapper fusion-flex-column-wrapper-legacy\"><div class=\"fusion-clearfix\"><\/div><\/div><\/div><\/div><\/div><\/p>\n","protected":false},"excerpt":{"rendered":"","protected":false},"author":1,"featured_media":0,"parent":661,"menu_order":0,"comment_status":"closed","ping_status":"closed","template":"100-width.php","meta":{"footnotes":""},"class_list":["post-609","page","type-page","status-publish","hentry"],"yoast_head":"<!-- This site is optimized with the Yoast SEO plugin v16.7 - https:\/\/yoast.com\/wordpress\/plugins\/seo\/ -->\n<title>En bref - Schilliger CH<\/title>\n<meta name=\"robots\" content=\"index, follow, max-snippet:-1, max-image-preview:large, max-video-preview:-1\" \/>\n<link rel=\"canonical\" href=\"https:\/\/www.schilliger.ch\/fr\/societe\/en-bref\/\" \/>\n<meta property=\"og:locale\" content=\"fr_FR\" \/>\n<meta property=\"og:type\" content=\"article\" \/>\n<meta property=\"og:title\" content=\"En bref - Schilliger CH\" \/>\n<meta property=\"og:url\" content=\"https:\/\/www.schilliger.ch\/fr\/societe\/en-bref\/\" \/>\n<meta property=\"og:site_name\" content=\"Schilliger CH\" \/>\n<meta property=\"article:modified_time\" content=\"2024-09-16T14:08:42+00:00\" \/>\n<meta name=\"twitter:card\" content=\"summary\" \/>\n<meta name=\"twitter:label1\" content=\"Dur\u00e9e de lecture est.\" \/>\n\t<meta name=\"twitter:data1\" content=\"5 minutes\" \/>\n<script type=\"application\/ld+json\" class=\"yoast-schema-graph\">{\"@context\":\"https:\/\/schema.org\",\"@graph\":[{\"@type\":\"WebSite\",\"@id\":\"https:\/\/www.schilliger.ch\/fr\/#website\",\"url\":\"https:\/\/www.schilliger.ch\/fr\/\",\"name\":\"Schilliger CH\",\"description\":\"Kompetenz und Innovation. Holz und Mehr.\",\"potentialAction\":[{\"@type\":\"SearchAction\",\"target\":{\"@type\":\"EntryPoint\",\"urlTemplate\":\"https:\/\/www.schilliger.ch\/fr\/?s={search_term_string}\"},\"query-input\":\"required name=search_term_string\"}],\"inLanguage\":\"fr-FR\"},{\"@type\":\"WebPage\",\"@id\":\"https:\/\/www.schilliger.ch\/fr\/societe\/en-bref\/#webpage\",\"url\":\"https:\/\/www.schilliger.ch\/fr\/societe\/en-bref\/\",\"name\":\"En bref - Schilliger CH\",\"isPartOf\":{\"@id\":\"https:\/\/www.schilliger.ch\/fr\/#website\"},\"datePublished\":\"2016-10-27T12:25:56+00:00\",\"dateModified\":\"2024-09-16T14:08:42+00:00\",\"breadcrumb\":{\"@id\":\"https:\/\/www.schilliger.ch\/fr\/societe\/en-bref\/#breadcrumb\"},\"inLanguage\":\"fr-FR\",\"potentialAction\":[{\"@type\":\"ReadAction\",\"target\":[\"https:\/\/www.schilliger.ch\/fr\/societe\/en-bref\/\"]}]},{\"@type\":\"BreadcrumbList\",\"@id\":\"https:\/\/www.schilliger.ch\/fr\/societe\/en-bref\/#breadcrumb\",\"itemListElement\":[{\"@type\":\"ListItem\",\"position\":1,\"name\":\"Accueil\",\"item\":\"https:\/\/www.schilliger.ch\/fr\/\"},{\"@type\":\"ListItem\",\"position\":2,\"name\":\"Soci\\u00e9t\\u00e9\",\"item\":\"https:\/\/www.schilliger.ch\/fr\/societe\/\"},{\"@type\":\"ListItem\",\"position\":3,\"name\":\"En bref\"}]}]}<\/script>\n<!-- \/ Yoast SEO plugin. -->","yoast_head_json":{"title":"En bref - Schilliger CH","robots":{"index":"index","follow":"follow","max-snippet":"max-snippet:-1","max-image-preview":"max-image-preview:large","max-video-preview":"max-video-preview:-1"},"canonical":"https:\/\/www.schilliger.ch\/fr\/societe\/en-bref\/","og_locale":"fr_FR","og_type":"article","og_title":"En bref - Schilliger CH","og_url":"https:\/\/www.schilliger.ch\/fr\/societe\/en-bref\/","og_site_name":"Schilliger CH","article_modified_time":"2024-09-16T14:08:42+00:00","twitter_card":"summary","twitter_misc":{"Dur\u00e9e de lecture est.":"5 minutes"},"schema":{"@context":"https:\/\/schema.org","@graph":[{"@type":"WebSite","@id":"https:\/\/www.schilliger.ch\/fr\/#website","url":"https:\/\/www.schilliger.ch\/fr\/","name":"Schilliger CH","description":"Kompetenz und Innovation. Holz und Mehr.","potentialAction":[{"@type":"SearchAction","target":{"@type":"EntryPoint","urlTemplate":"https:\/\/www.schilliger.ch\/fr\/?s={search_term_string}"},"query-input":"required name=search_term_string"}],"inLanguage":"fr-FR"},{"@type":"WebPage","@id":"https:\/\/www.schilliger.ch\/fr\/societe\/en-bref\/#webpage","url":"https:\/\/www.schilliger.ch\/fr\/societe\/en-bref\/","name":"En bref - Schilliger CH","isPartOf":{"@id":"https:\/\/www.schilliger.ch\/fr\/#website"},"datePublished":"2016-10-27T12:25:56+00:00","dateModified":"2024-09-16T14:08:42+00:00","breadcrumb":{"@id":"https:\/\/www.schilliger.ch\/fr\/societe\/en-bref\/#breadcrumb"},"inLanguage":"fr-FR","potentialAction":[{"@type":"ReadAction","target":["https:\/\/www.schilliger.ch\/fr\/societe\/en-bref\/"]}]},{"@type":"BreadcrumbList","@id":"https:\/\/www.schilliger.ch\/fr\/societe\/en-bref\/#breadcrumb","itemListElement":[{"@type":"ListItem","position":1,"name":"Accueil","item":"https:\/\/www.schilliger.ch\/fr\/"},{"@type":"ListItem","position":2,"name":"Soci\u00e9t\u00e9","item":"https:\/\/www.schilliger.ch\/fr\/societe\/"},{"@type":"ListItem","position":3,"name":"En bref"}]}]}},"_links":{"self":[{"href":"https:\/\/www.schilliger.ch\/fr\/wp-json\/wp\/v2\/pages\/609","targetHints":{"allow":["GET"]}}],"collection":[{"href":"https:\/\/www.schilliger.ch\/fr\/wp-json\/wp\/v2\/pages"}],"about":[{"href":"https:\/\/www.schilliger.ch\/fr\/wp-json\/wp\/v2\/types\/page"}],"author":[{"embeddable":true,"href":"https:\/\/www.schilliger.ch\/fr\/wp-json\/wp\/v2\/users\/1"}],"replies":[{"embeddable":true,"href":"https:\/\/www.schilliger.ch\/fr\/wp-json\/wp\/v2\/comments?post=609"}],"version-history":[{"count":22,"href":"https:\/\/www.schilliger.ch\/fr\/wp-json\/wp\/v2\/pages\/609\/revisions"}],"predecessor-version":[{"id":11928,"href":"https:\/\/www.schilliger.ch\/fr\/wp-json\/wp\/v2\/pages\/609\/revisions\/11928"}],"up":[{"embeddable":true,"href":"https:\/\/www.schilliger.ch\/fr\/wp-json\/wp\/v2\/pages\/661"}],"wp:attachment":[{"href":"https:\/\/www.schilliger.ch\/fr\/wp-json\/wp\/v2\/media?parent=609"}],"curies":[{"name":"wp","href":"https:\/\/api.w.org\/{rel}","templated":true}]}}