{"id":6579,"date":"2022-06-09T16:17:21","date_gmt":"2022-06-09T14:17:21","guid":{"rendered":"https:\/\/www.schilliger.ch\/?page_id=6579"},"modified":"2022-06-21T15:00:24","modified_gmt":"2022-06-21T13:00:24","slug":"politique-de-confidentialite","status":"publish","type":"page","link":"https:\/\/www.schilliger.ch\/fr\/politique-de-confidentialite\/","title":{"rendered":"Politique de confidentialit\u00e9"},"content":{"rendered":"<div class=\"fusion-fullwidth fullwidth-box fusion-builder-row-1 fusion-flex-container nonhundred-percent-fullwidth non-hundred-percent-height-scrolling\" style=\"--awb-border-radius-top-left:0px;--awb-border-radius-top-right:0px;--awb-border-radius-bottom-right:0px;--awb-border-radius-bottom-left:0px;--awb-flex-wrap:wrap;\" ><div class=\"fusion-builder-row fusion-row fusion-flex-align-items-flex-start fusion-flex-content-wrap\" style=\"max-width:1144px;margin-left: calc(-4% \/ 2 );margin-right: calc(-4% \/ 2 );\"><div class=\"fusion-layout-column fusion_builder_column fusion-builder-column-0 fusion_builder_column_1_1 1_1 fusion-flex-column\" style=\"--awb-bg-size:cover;--awb-width-large:100%;--awb-margin-top-large:0px;--awb-spacing-right-large:1.92%;--awb-margin-bottom-large:20px;--awb-spacing-left-large:1.92%;--awb-width-medium:100%;--awb-order-medium:0;--awb-spacing-right-medium:1.92%;--awb-spacing-left-medium:1.92%;--awb-width-small:100%;--awb-order-small:0;--awb-spacing-right-small:1.92%;--awb-spacing-left-small:1.92%;\"><div class=\"fusion-column-wrapper fusion-column-has-shadow fusion-flex-justify-content-flex-start fusion-content-layout-column\"><div class=\"fusion-text fusion-text-1\" style=\"--awb-text-transform:none;\"><h3><strong>Politique de confidentalit\u00e9<\/strong><\/h3>\n<h3>Qui sommes-nous ?<\/h3>\n<p>Ce site web et son contenu sont mis \u00e0 disposition par Schilliger Holz AG. Le point de contact responsable au sens des lois sur la protection des donn\u00e9es, en particulier du r\u00e8glement g\u00e9n\u00e9ral sur la protection des donn\u00e9es (RGPD) de l&#8217;UE, est :<\/p>\n<p>Ernest Schilliger<\/p>\n<p>Haltikon 33<\/p>\n<p>6403 K\u00fcssnacht am Rigi<\/p>\n<p>E-mail : info@schilliger.ch<\/p>\n<p>Site web : www.schilliger.ch<\/p>\n<h3>Quelles sont les donn\u00e9es personnelles que nous collectons et pourquoi nous les collectons ?<\/h3>\n<p>Lorsque vous acc\u00e9dez \u00e0 ce site web, des informations de nature g\u00e9n\u00e9rale sont automatiquement collect\u00e9es. Ces informations sont saisies dans le fichier journal du serveur et comprennent le type de navigateur web, le syst\u00e8me d&#8217;exploitation utilis\u00e9, le nom de domaine de votre fournisseur de services Internet, votre adresse IP et d&#8217;autres informations similaires.<\/p>\n<p>Ceci pour la raison suivante :<\/p>\n<p>Assurer une connexion sans probl\u00e8me du site web.<\/p>\n<p>Assurer une utilisation sans probl\u00e8me de notre site web<\/p>\n<p>\u00e9valuation de la s\u00e9curit\u00e9 et de la stabilit\u00e9 du syst\u00e8me ainsi que<\/p>\n<p>\u00e0 d&#8217;autres fins administratives.<\/p>\n<p>Vos donn\u00e9es ne sont pas utilis\u00e9es pour tirer des conclusions sur votre personne. Les informations de ce type sont uniquement \u00e9valu\u00e9es statistiquement afin d&#8217;optimiser notre pr\u00e9sence sur Internet et la technique qui la sous-tend.<\/p>\n<p>Dur\u00e9e de stockage<\/p>\n<p>Les donn\u00e9es sont effac\u00e9es d\u00e8s qu&#8217;elles ne sont plus n\u00e9cessaires aux fins pour lesquelles elles ont \u00e9t\u00e9 collect\u00e9es. C&#8217;est en principe le cas pour les donn\u00e9es qui servent \u00e0 la mise \u00e0 disposition du site web, lorsque la session respective est termin\u00e9e.<\/p>\n<h3>M\u00e9dias<\/h3>\n<p>Si vous \u00eates un utilisateur enregistr\u00e9 et que vous t\u00e9l\u00e9chargez des photos sur ce site, vous devez \u00e9viter de t\u00e9l\u00e9charger des photos avec une localisation EXIF-GPS. Les visiteurs de ce site pourraient t\u00e9l\u00e9charger des photos stock\u00e9es sur ce site et en extraire les informations de localisation.<\/p>\n<h3>Formulaires de contact<\/h3>\n<p>Les donn\u00e9es que vous saisissez sont enregistr\u00e9es dans le but de communiquer individuellement avec vous. Pour cela, il est n\u00e9cessaire d&#8217;indiquer une adresse e-mail valide, un num\u00e9ro de t\u00e9l\u00e9phone ainsi que votre nom. Cela sert \u00e0 l&#8217;attribution de la demande et \u00e0 la r\u00e9ponse ult\u00e9rieure \u00e0 celle-ci. L&#8217;indication d&#8217;autres donn\u00e9es est facultative.<\/p>\n<h3>Cookies<\/h3>\n<p>Notre site web utilise des cookies. Les cookies sont des fichiers texte qui sont enregistr\u00e9s dans le navigateur Internet ou par le navigateur Internet sur le syst\u00e8me informatique de l&#8217;utilisateur. Lorsqu&#8217;un utilisateur consulte un site web, un cookie peut \u00eatre enregistr\u00e9 sur le syst\u00e8me d&#8217;exploitation de l&#8217;utilisateur. Ce cookie contient une cha\u00eene de caract\u00e8res caract\u00e9ristique qui permet d&#8217;identifier clairement le navigateur lors d&#8217;une nouvelle consultation du site web.<\/p>\n<h3>Utilisation de biblioth\u00e8ques de scripts (Google Webfonts)<\/h3>\n<p>Afin d&#8217;afficher nos contenus de mani\u00e8re correcte et graphiquement attrayante sur tous les navigateurs, nous utilisons sur ce site web les &#8220;Google Web Fonts&#8221; de Google LLC (1600 Amphitheatre Parkway, Mountain View, CA 94043, USA ; ci-apr\u00e8s &#8220;Google&#8221;) pour l&#8217;affichage des polices de caract\u00e8res.<\/p>\n<p>Vous trouverez la politique de confidentialit\u00e9 de l&#8217;exploitant de la biblioth\u00e8que Google ici : https:\/\/www.google.com\/policies\/privacy\/<\/p>\n<h3>Utilisation de Google Analytics<\/h3>\n<p>Ce site web utilise Google Analytics, un service d&#8217;analyse web de Google LLC, 1600 Amphitheatre Parkway, Mountain View, CA 94043 USA (ci-apr\u00e8s : &#8220;Google&#8221;). Google Analytics utilise des &#8220;cookies&#8221;, c&#8217;est-\u00e0-dire des fichiers texte qui sont enregistr\u00e9s sur votre ordinateur et qui permettent d&#8217;analyser votre utilisation du site web. Les informations g\u00e9n\u00e9r\u00e9es par le cookie concernant votre utilisation de ce site web sont g\u00e9n\u00e9ralement transmises \u00e0 un serveur de Google aux \u00c9tats-Unis et y sont enregistr\u00e9es. En raison de l&#8217;activation de l&#8217;anonymisation IP sur ces pages web, votre adresse IP sera toutefois abr\u00e9g\u00e9e par Google au sein des \u00c9tats membres de l&#8217;Union europ\u00e9enne ou dans d&#8217;autres \u00c9tats signataires de l&#8217;accord sur l&#8217;Espace \u00e9conomique europ\u00e9en. Ce n&#8217;est que dans des cas exceptionnels que l&#8217;adresse IP compl\u00e8te est transmise \u00e0 un serveur de Google aux \u00c9tats-Unis et y est abr\u00e9g\u00e9e. Google utilisera ces informations pour le compte de l&#8217;exploitant de ce site web afin d&#8217;\u00e9valuer votre utilisation du site web, de compiler des rapports sur les activit\u00e9s du site web et de fournir \u00e0 l&#8217;exploitant du site web d&#8217;autres services li\u00e9s \u00e0 l&#8217;utilisation du site web et d&#8217;Internet. L&#8217;adresse IP transmise par votre navigateur dans le cadre de Google Analytics n&#8217;est pas recoup\u00e9e avec d&#8217;autres donn\u00e9es de Google.<\/p>\n<p>Les objectifs du traitement des donn\u00e9es sont l&#8217;\u00e9valuation de l&#8217;utilisation du site web et la compilation de rapports sur les activit\u00e9s du site web. Sur la base de l&#8217;utilisation du site web et d&#8217;Internet, d&#8217;autres services connexes doivent ensuite \u00eatre fournis.<\/p>\n<h3>Utilisation de Google Maps<\/h3>\n<p>Sur ce site web, nous utilisons l&#8217;offre de Google Maps. Google Maps est exploit\u00e9 par Google LLC, 1600 Amphitheatre Parkway, Mountain View, CA 94043, USA (ci-apr\u00e8s &#8220;Google&#8221;). Cela nous permet d&#8217;afficher des cartes interactives directement sur le site web et vous permet d&#8217;utiliser confortablement la fonction de carte.<\/p>\n<p>Vous trouverez de plus amples informations sur le traitement des donn\u00e9es par Google dans les informations sur la protection des donn\u00e9es de Google. Vous pouvez \u00e9galement y modifier vos param\u00e8tres personnels de protection des donn\u00e9es dans le centre de protection des donn\u00e9es.<\/p>\n<h3>Vid\u00e9os YouTube int\u00e9gr\u00e9es<\/h3>\n<p>Sur certaines de nos pages web, nous int\u00e9grons des vid\u00e9os YouTube. L&#8217;exploitant des plugins correspondants est YouTube, LLC, 901 Cherry Ave., San Bruno, CA 94066, USA (ci-apr\u00e8s &#8220;YouTube&#8221;). Lorsque vous visitez une page contenant le plug-in YouTube, une connexion est \u00e9tablie avec les serveurs de YouTube. YouTube est alors inform\u00e9 des pages que vous visitez. Si vous \u00eates connect\u00e9 \u00e0 votre compte YouTube, YouTube peut vous attribuer personnellement votre comportement de navigation. Vous pouvez \u00e9viter cela en vous d\u00e9connectant au pr\u00e9alable de votre compte YouTube.<\/p>\n<p>Lorsqu&#8217;une vid\u00e9o YouTube est lanc\u00e9e, le fournisseur utilise des cookies qui collectent des informations sur le comportement de l&#8217;utilisateur.<\/p>\n<h3>Google Ads<\/h3>\n<p>Ce site web utilise le suivi des conversions de Google. Si vous avez acc\u00e9d\u00e9 \u00e0 notre site web par le biais d&#8217;une annonce publi\u00e9e par Google, un cookie est plac\u00e9 sur votre ordinateur par Google Ads. Le cookie de suivi des conversions est activ\u00e9 lorsqu&#8217;un utilisateur clique sur une annonce diffus\u00e9e par Google. Ces cookies perdent leur validit\u00e9 apr\u00e8s 30 jours et ne servent pas \u00e0 l&#8217;identification personnelle. Si l&#8217;utilisateur visite certaines pages de notre site web et que le cookie n&#8217;a pas encore expir\u00e9, Google et nous-m\u00eames pouvons reconna\u00eetre que l&#8217;utilisateur a cliqu\u00e9 sur l&#8217;annonce et a \u00e9t\u00e9 redirig\u00e9 vers cette page. Chaque client Google Ads re\u00e7oit un cookie diff\u00e9rent. Les cookies ne peuvent donc pas \u00eatre suivis sur les sites web des clients Ads. Les informations obtenues \u00e0 l&#8217;aide du cookie de conversion servent \u00e0 \u00e9tablir des statistiques de conversion pour les clients Ads qui ont opt\u00e9 pour le suivi des conversions. Les clients apprennent le nombre total d&#8217;utilisateurs qui ont cliqu\u00e9 sur leur annonce et ont \u00e9t\u00e9 redirig\u00e9s vers une page munie d&#8217;une balise de suivi des conversions. Ils ne re\u00e7oivent toutefois aucune information permettant d&#8217;identifier personnellement les utilisateurs.<\/p>\n<p>Si vous ne souhaitez pas participer au suivi, vous pouvez refuser l&#8217;installation d&#8217;un cookie n\u00e9cessaire \u00e0 cet effet &#8211; par exemple en param\u00e9trant votre navigateur pour d\u00e9sactiver de mani\u00e8re g\u00e9n\u00e9rale l&#8217;installation automatique de cookies ou en configurant votre navigateur de mani\u00e8re \u00e0 bloquer les cookies du domaine &#8220;googleleadservices.com&#8221;.<\/p>\n<p>Veuillez noter que vous ne devez pas supprimer les cookies opt-out tant que vous ne souhaitez pas l&#8217;enregistrement de donn\u00e9es de mesure. Si vous avez supprim\u00e9 tous vos cookies dans le navigateur, vous devez \u00e0 nouveau d\u00e9finir le cookie opt-out correspondant.<\/p>\n<h3>Instagram<\/h3>\n<p>Des fonctions du service Instagram sont int\u00e9gr\u00e9es sur notre site web. Ces fonctions sont propos\u00e9es par Instagram Inc., 1601 Willow Road, Menlo Park, CA, 94025, USA. Si vous \u00eates connect\u00e9 \u00e0 votre compte Instagram, vous pouvez, en cliquant sur le bouton Instagram, relier le contenu de nos pages \u00e0 votre profil Instagram. Instagram peut ainsi associer la visite de nos pages \u00e0 votre compte d&#8217;utilisateur. Nous attirons votre attention sur le fait qu&#8217;en tant que fournisseur des pages, nous n&#8217;avons pas connaissance du contenu des donn\u00e9es transmises ni de leur utilisation par Instagram.<\/p>\n<p>Vous trouverez de plus amples informations \u00e0 ce sujet dans la d\u00e9claration de protection des donn\u00e9es d&#8217;Instagram : <a href=\"http:\/\/instagram.com\/about\/legal\/privacy\/\">http:\/\/instagram.com\/about\/legal\/privacy\/<\/a><\/p>\n<h3>LinkedIn<\/h3>\n<p>Dans le cadre de notre offre en ligne, nous utilisons les services marketing du r\u00e9seau social LinkedIn de la soci\u00e9t\u00e9 LinkedIn Ireland Unlimited Company, Wilton Plaza, Wilton Place, Dublin 2, Ireland (&#8220;LinkedIn&#8221;).<\/p>\n<p>Ceux-ci utilisent des cookies, c&#8217;est-\u00e0-dire des fichiers texte qui sont enregistr\u00e9s sur votre ordinateur. Cela nous permet d&#8217;analyser l&#8217;utilisation que vous faites de notre site Internet. Cela nous permet par exemple de mesurer le succ\u00e8s de nos annonces et d&#8217;afficher aux utilisateurs des produits qui les ont int\u00e9ress\u00e9s auparavant.<\/p>\n<p>Sont ainsi saisies, par exemple, des informations sur le syst\u00e8me d&#8217;exploitation, le navigateur, la page Internet que vous avez consult\u00e9e pr\u00e9c\u00e9demment (URL de r\u00e9f\u00e9rence), les pages Internet que l&#8217;utilisateur a visit\u00e9es, les offres sur lesquelles l&#8217;utilisateur a cliqu\u00e9, ainsi que la date et l&#8217;heure de votre visite sur notre site Internet.<\/p>\n<p>Les informations g\u00e9n\u00e9r\u00e9es par le cookie concernant votre utilisation de ce site Internet sont transmises sous forme pseudonymis\u00e9e \u00e0 un serveur de LinkedIn aux \u00c9tats-Unis et y sont enregistr\u00e9es. LinkedIn n&#8217;enregistre donc pas le nom ou l&#8217;adresse e-mail de l&#8217;utilisateur concern\u00e9. Au contraire, les donn\u00e9es susmentionn\u00e9es sont uniquement attribu\u00e9es \u00e0 la personne pour laquelle le cookie a \u00e9t\u00e9 cr\u00e9\u00e9. Cela ne s&#8217;applique pas si l&#8217;utilisateur a autoris\u00e9 LinkedIn \u00e0 traiter les donn\u00e9es sans les pseudonymiser ou s&#8217;il poss\u00e8de un compte LinkedIn.<\/p>\n<p>Vous pouvez emp\u00eacher l&#8217;enregistrement des cookies en param\u00e9trant votre logiciel de navigation en cons\u00e9quence ; nous attirons toutefois votre attention sur le fait que, dans ce cas, vous ne pourrez peut-\u00eatre pas utiliser toutes les fonctions de ce site Internet dans leur int\u00e9gralit\u00e9. Vous pouvez \u00e9galement vous opposer \u00e0 l&#8217;utilisation de vos donn\u00e9es directement aupr\u00e8s de LinkedIn : https:\/\/www.linkedin.com\/psettings\/guest-controls\/retargeting-opt-out.<\/p>\n<p>Nous utilisons LinkedIn Analytics afin d&#8217;analyser l&#8217;utilisation de notre site web et de l&#8217;am\u00e9liorer r\u00e9guli\u00e8rement. Les statistiques obtenues nous permettent d&#8217;am\u00e9liorer notre offre et de la rendre plus int\u00e9ressante pour vous en tant qu&#8217;utilisateur. Toutes les entreprises LinkedIn ont adopt\u00e9 les clauses contractuelles standard afin de garantir que le transfert de donn\u00e9es vers les \u00c9tats-Unis et Singapour, n\u00e9cessaire au d\u00e9veloppement, \u00e0 l&#8217;ex\u00e9cution et au maintien des services, s&#8217;effectue de mani\u00e8re l\u00e9gale. Si nous demandons le consentement des utilisateurs, la base juridique du traitement est l&#8217;article 6, paragraphe 1, point a), du RGPD. Sinon, la base juridique pour l&#8217;utilisation de LinkedIn Analytics est l&#8217;art. 6, par. 1, phrase 1, point f du RGPD.<\/p>\n<p>Informations du fournisseur tiers : LinkedIn Ireland Unlimited Company Wilton Place, Dublin 2 Ireland ; accord utilisateur et d\u00e9claration de confidentialit\u00e9.<\/p>\n<h3>Comment nous prot\u00e9geons vos donn\u00e9es<\/h3>\n<p>Cryptage SSL<\/p>\n<p>Afin de prot\u00e9ger la s\u00e9curit\u00e9 de vos donn\u00e9es lors de leur transmission, nous utilisons des proc\u00e9dures de cryptage conformes \u00e0 l&#8217;\u00e9tat actuel de la technique (par ex. SSL) via HTTPS.<\/p>\n<h3>Modifications<\/h3>\n<p>Nous pouvons adapter la pr\u00e9sente d\u00e9claration de protection des donn\u00e9es \u00e0 tout moment et sans pr\u00e9avis. La version actuelle publi\u00e9e sur notre site web fait foi.<\/p>\n<h3>Questions au responsable de la protection des donn\u00e9es<\/h3>\n<p>Si vous avez des questions concernant la protection des donn\u00e9es, veuillez nous envoyer un e-mail ou vous adresser directement \u00e0 la personne responsable de la protection des donn\u00e9es au sein de notre organisation, mentionn\u00e9e au d\u00e9but de la d\u00e9claration de protection des donn\u00e9es.<\/p>\n<p>Haltikon, le 13.6.2022<\/p>\n<\/div><\/div><\/div><\/div><\/div>\n","protected":false},"excerpt":{"rendered":"","protected":false},"author":1,"featured_media":0,"parent":0,"menu_order":0,"comment_status":"closed","ping_status":"closed","template":"100-width.php","meta":{"footnotes":""},"class_list":["post-6579","page","type-page","status-publish","hentry"],"yoast_head":"<!-- This site is optimized with the Yoast SEO plugin v16.7 - https:\/\/yoast.com\/wordpress\/plugins\/seo\/ -->\n<title>Politique de confidentialit\u00e9 - Schilliger CH<\/title>\n<meta name=\"description\" content=\"Schilliger Holz AG Haltikon 33 6403 K\u00fcssnacht am Rigi www.schilliger.ch Production CLT, Bois lamell\u00e9 coll\u00e9, bois massif, raboterie.\" \/>\n<meta name=\"robots\" content=\"index, follow, max-snippet:-1, max-image-preview:large, max-video-preview:-1\" \/>\n<link rel=\"canonical\" href=\"https:\/\/www.schilliger.ch\/fr\/politique-de-confidentialite\/\" \/>\n<meta property=\"og:locale\" content=\"fr_FR\" \/>\n<meta property=\"og:type\" content=\"article\" \/>\n<meta property=\"og:title\" content=\"Politique de confidentialit\u00e9 - Schilliger CH\" \/>\n<meta property=\"og:description\" content=\"Schilliger Holz AG Haltikon 33 6403 K\u00fcssnacht am Rigi www.schilliger.ch Production CLT, Bois lamell\u00e9 coll\u00e9, bois massif, raboterie.\" \/>\n<meta property=\"og:url\" content=\"https:\/\/www.schilliger.ch\/fr\/politique-de-confidentialite\/\" \/>\n<meta property=\"og:site_name\" content=\"Schilliger CH\" \/>\n<meta property=\"article:modified_time\" content=\"2022-06-21T13:00:24+00:00\" \/>\n<meta name=\"twitter:card\" content=\"summary\" \/>\n<meta name=\"twitter:label1\" content=\"Dur\u00e9e de lecture est.\" \/>\n\t<meta name=\"twitter:data1\" content=\"2 minutes\" \/>\n<script type=\"application\/ld+json\" class=\"yoast-schema-graph\">{\"@context\":\"https:\/\/schema.org\",\"@graph\":[{\"@type\":\"WebSite\",\"@id\":\"https:\/\/www.schilliger.ch\/fr\/#website\",\"url\":\"https:\/\/www.schilliger.ch\/fr\/\",\"name\":\"Schilliger CH\",\"description\":\"Kompetenz und Innovation. Holz und Mehr.\",\"potentialAction\":[{\"@type\":\"SearchAction\",\"target\":{\"@type\":\"EntryPoint\",\"urlTemplate\":\"https:\/\/www.schilliger.ch\/fr\/?s={search_term_string}\"},\"query-input\":\"required name=search_term_string\"}],\"inLanguage\":\"fr-FR\"},{\"@type\":\"WebPage\",\"@id\":\"https:\/\/www.schilliger.ch\/fr\/politique-de-confidentialite\/#webpage\",\"url\":\"https:\/\/www.schilliger.ch\/fr\/politique-de-confidentialite\/\",\"name\":\"Politique de confidentialit\\u00e9 - Schilliger CH\",\"isPartOf\":{\"@id\":\"https:\/\/www.schilliger.ch\/fr\/#website\"},\"datePublished\":\"2022-06-09T14:17:21+00:00\",\"dateModified\":\"2022-06-21T13:00:24+00:00\",\"description\":\"Schilliger Holz AG Haltikon 33 6403 K\\u00fcssnacht am Rigi www.schilliger.ch Production CLT, Bois lamell\\u00e9 coll\\u00e9, bois massif, raboterie.\",\"breadcrumb\":{\"@id\":\"https:\/\/www.schilliger.ch\/fr\/politique-de-confidentialite\/#breadcrumb\"},\"inLanguage\":\"fr-FR\",\"potentialAction\":[{\"@type\":\"ReadAction\",\"target\":[\"https:\/\/www.schilliger.ch\/fr\/politique-de-confidentialite\/\"]}]},{\"@type\":\"BreadcrumbList\",\"@id\":\"https:\/\/www.schilliger.ch\/fr\/politique-de-confidentialite\/#breadcrumb\",\"itemListElement\":[{\"@type\":\"ListItem\",\"position\":1,\"name\":\"Accueil\",\"item\":\"https:\/\/www.schilliger.ch\/fr\/\"},{\"@type\":\"ListItem\",\"position\":2,\"name\":\"Politique de confidentialit\\u00e9\"}]}]}<\/script>\n<!-- \/ Yoast SEO plugin. -->","yoast_head_json":{"title":"Politique de confidentialit\u00e9 - Schilliger CH","description":"Schilliger Holz AG Haltikon 33 6403 K\u00fcssnacht am Rigi www.schilliger.ch Production CLT, Bois lamell\u00e9 coll\u00e9, bois massif, raboterie.","robots":{"index":"index","follow":"follow","max-snippet":"max-snippet:-1","max-image-preview":"max-image-preview:large","max-video-preview":"max-video-preview:-1"},"canonical":"https:\/\/www.schilliger.ch\/fr\/politique-de-confidentialite\/","og_locale":"fr_FR","og_type":"article","og_title":"Politique de confidentialit\u00e9 - Schilliger CH","og_description":"Schilliger Holz AG Haltikon 33 6403 K\u00fcssnacht am Rigi www.schilliger.ch Production CLT, Bois lamell\u00e9 coll\u00e9, bois massif, raboterie.","og_url":"https:\/\/www.schilliger.ch\/fr\/politique-de-confidentialite\/","og_site_name":"Schilliger CH","article_modified_time":"2022-06-21T13:00:24+00:00","twitter_card":"summary","twitter_misc":{"Dur\u00e9e de lecture est.":"2 minutes"},"schema":{"@context":"https:\/\/schema.org","@graph":[{"@type":"WebSite","@id":"https:\/\/www.schilliger.ch\/fr\/#website","url":"https:\/\/www.schilliger.ch\/fr\/","name":"Schilliger CH","description":"Kompetenz und Innovation. Holz und Mehr.","potentialAction":[{"@type":"SearchAction","target":{"@type":"EntryPoint","urlTemplate":"https:\/\/www.schilliger.ch\/fr\/?s={search_term_string}"},"query-input":"required name=search_term_string"}],"inLanguage":"fr-FR"},{"@type":"WebPage","@id":"https:\/\/www.schilliger.ch\/fr\/politique-de-confidentialite\/#webpage","url":"https:\/\/www.schilliger.ch\/fr\/politique-de-confidentialite\/","name":"Politique de confidentialit\u00e9 - Schilliger CH","isPartOf":{"@id":"https:\/\/www.schilliger.ch\/fr\/#website"},"datePublished":"2022-06-09T14:17:21+00:00","dateModified":"2022-06-21T13:00:24+00:00","description":"Schilliger Holz AG Haltikon 33 6403 K\u00fcssnacht am Rigi www.schilliger.ch Production CLT, Bois lamell\u00e9 coll\u00e9, bois massif, raboterie.","breadcrumb":{"@id":"https:\/\/www.schilliger.ch\/fr\/politique-de-confidentialite\/#breadcrumb"},"inLanguage":"fr-FR","potentialAction":[{"@type":"ReadAction","target":["https:\/\/www.schilliger.ch\/fr\/politique-de-confidentialite\/"]}]},{"@type":"BreadcrumbList","@id":"https:\/\/www.schilliger.ch\/fr\/politique-de-confidentialite\/#breadcrumb","itemListElement":[{"@type":"ListItem","position":1,"name":"Accueil","item":"https:\/\/www.schilliger.ch\/fr\/"},{"@type":"ListItem","position":2,"name":"Politique de confidentialit\u00e9"}]}]}},"_links":{"self":[{"href":"https:\/\/www.schilliger.ch\/fr\/wp-json\/wp\/v2\/pages\/6579","targetHints":{"allow":["GET"]}}],"collection":[{"href":"https:\/\/www.schilliger.ch\/fr\/wp-json\/wp\/v2\/pages"}],"about":[{"href":"https:\/\/www.schilliger.ch\/fr\/wp-json\/wp\/v2\/types\/page"}],"author":[{"embeddable":true,"href":"https:\/\/www.schilliger.ch\/fr\/wp-json\/wp\/v2\/users\/1"}],"replies":[{"embeddable":true,"href":"https:\/\/www.schilliger.ch\/fr\/wp-json\/wp\/v2\/comments?post=6579"}],"version-history":[{"count":4,"href":"https:\/\/www.schilliger.ch\/fr\/wp-json\/wp\/v2\/pages\/6579\/revisions"}],"predecessor-version":[{"id":6627,"href":"https:\/\/www.schilliger.ch\/fr\/wp-json\/wp\/v2\/pages\/6579\/revisions\/6627"}],"wp:attachment":[{"href":"https:\/\/www.schilliger.ch\/fr\/wp-json\/wp\/v2\/media?parent=6579"}],"curies":[{"name":"wp","href":"https:\/\/api.w.org\/{rel}","templated":true}]}}