{"id":667,"date":"2016-10-27T13:59:56","date_gmt":"2016-10-27T11:59:56","guid":{"rendered":"http:\/\/www.schilliger.ch\/dienstleistungen\/ingenieurburo\/"},"modified":"2022-01-10T14:57:53","modified_gmt":"2022-01-10T13:57:53","slug":"bureau-dingenieurs","status":"publish","type":"page","link":"https:\/\/www.schilliger.ch\/fr\/services\/bureau-dingenieurs\/","title":{"rendered":"Bureau d&#8217;ing\u00e9nieurs"},"content":{"rendered":"<div class=\"fusion-fullwidth fullwidth-box fusion-builder-row-1 nonhundred-percent-fullwidth non-hundred-percent-height-scrolling\" style=\"--awb-background-position:left top;--awb-border-sizes-top:0px;--awb-border-sizes-bottom:0px;--awb-border-sizes-left:0px;--awb-border-sizes-right:0px;--awb-border-radius-top-left:0px;--awb-border-radius-top-right:0px;--awb-border-radius-bottom-right:0px;--awb-border-radius-bottom-left:0px;--awb-padding-top:100px;--awb-padding-bottom:100px;--awb-flex-wrap:wrap;\" ><div class=\"fusion-builder-row fusion-row\"><div class=\"fusion-layout-column fusion_builder_column fusion-builder-column-0 fusion_builder_column_3_5 3_5 fusion-three-fifth fusion-column-first content--left\" style=\"--awb-bg-size:cover;width:58.4%; margin-right: 4%;\"><div class=\"fusion-column-wrapper fusion-flex-column-wrapper-legacy\"><div class=\"fusion-title title fusion-title-1 fusion-sep-none fusion-title-text fusion-title-size-two\"><h2 class=\"fusion-title-heading title-heading-left fusion-responsive-typography-calculated\" style=\"margin:0;--fontSize:36;line-height:1.5;\">Notre bureau d&#8217;ing\u00e9nieurs<\/h2><\/div><div class=\"fusion-text fusion-text-1\"><p><span class=\"subtitle\">Une collaboration qui paie<\/span><\/p>\n<p>\u00cates-vous ma\u00eetre d&#8217;\u0153uvre, constructeur bois ou architecte ? Voulez-vous transformer vos visions, id\u00e9es et conceptions de mani\u00e8re optimales ? Notre bureau d&#8217;ing\u00e9nieur vous appuie pour respecter les exigences techniques, qualitatives et \u00e9conomiques. Dans nos comp\u00e9tences clefs entrent les dimensionnements statiques, les solutions de d\u00e9tails ainsi que des prestations de conseil en protection incendie et en physique du b\u00e2timent.<\/p>\n<\/div><div class=\"fusion-clearfix\"><\/div><\/div><\/div><div class=\"fusion-layout-column fusion_builder_column fusion-builder-column-1 fusion_builder_column_2_5 2_5 fusion-two-fifth fusion-column-last\" style=\"--awb-bg-size:cover;width:37.6%;\"><div class=\"fusion-column-wrapper fusion-flex-column-wrapper-legacy\"><div class=\"fusion-image-element in-legacy-container\" style=\"--awb-caption-title-font-family:var(--h2_typography-font-family);--awb-caption-title-font-weight:var(--h2_typography-font-weight);--awb-caption-title-font-style:var(--h2_typography-font-style);--awb-caption-title-size:var(--h2_typography-font-size);--awb-caption-title-transform:var(--h2_typography-text-transform);--awb-caption-title-line-height:var(--h2_typography-line-height);--awb-caption-title-letter-spacing:var(--h2_typography-letter-spacing);\"><span class=\" fusion-imageframe imageframe-none imageframe-1 hover-type-zoomin\"><a href=\"http:\/\/www.schilliger.ch\/wp-content\/uploads\/2016\/10\/service-ingenieurburo2.jpg\" class=\"fusion-lightbox\" data-rel=\"iLightbox[410a13d0ded95cce0cd]\"><img decoding=\"async\" src=\"http:\/\/www.schilliger.ch\/wp-content\/uploads\/2016\/10\/service-ingenieurburo2.jpg\" alt class=\"img-responsive\"\/><\/a><\/span><\/div><div class=\"fusion-clearfix\"><\/div><\/div><\/div><\/div><\/div>\n","protected":false},"excerpt":{"rendered":"","protected":false},"author":1,"featured_media":0,"parent":664,"menu_order":0,"comment_status":"closed","ping_status":"closed","template":"100-width.php","meta":{"footnotes":""},"class_list":["post-667","page","type-page","status-publish","hentry"],"yoast_head":"<!-- This site is optimized with the Yoast SEO plugin v16.7 - https:\/\/yoast.com\/wordpress\/plugins\/seo\/ -->\n<title>Bureau d&#039;ing\u00e9nieurs - Schilliger CH<\/title>\n<meta name=\"robots\" content=\"index, follow, max-snippet:-1, max-image-preview:large, max-video-preview:-1\" \/>\n<link rel=\"canonical\" href=\"https:\/\/www.schilliger.ch\/fr\/services\/bureau-dingenieurs\/\" \/>\n<meta property=\"og:locale\" content=\"fr_FR\" \/>\n<meta property=\"og:type\" content=\"article\" \/>\n<meta property=\"og:title\" content=\"Bureau d&#039;ing\u00e9nieurs - Schilliger CH\" \/>\n<meta property=\"og:url\" content=\"https:\/\/www.schilliger.ch\/fr\/services\/bureau-dingenieurs\/\" \/>\n<meta property=\"og:site_name\" content=\"Schilliger CH\" \/>\n<meta property=\"article:modified_time\" content=\"2022-01-10T13:57:53+00:00\" \/>\n<meta property=\"og:image\" content=\"http:\/\/www.schilliger.ch\/wp-content\/uploads\/2016\/10\/service-ingenieurburo2.jpg\" \/>\n<meta name=\"twitter:card\" content=\"summary\" \/>\n<meta name=\"twitter:label1\" content=\"Dur\u00e9e de lecture est.\" \/>\n\t<meta name=\"twitter:data1\" content=\"2 minutes\" \/>\n<script type=\"application\/ld+json\" class=\"yoast-schema-graph\">{\"@context\":\"https:\/\/schema.org\",\"@graph\":[{\"@type\":\"WebSite\",\"@id\":\"https:\/\/www.schilliger.ch\/fr\/#website\",\"url\":\"https:\/\/www.schilliger.ch\/fr\/\",\"name\":\"Schilliger CH\",\"description\":\"Kompetenz und Innovation. Holz und Mehr.\",\"potentialAction\":[{\"@type\":\"SearchAction\",\"target\":{\"@type\":\"EntryPoint\",\"urlTemplate\":\"https:\/\/www.schilliger.ch\/fr\/?s={search_term_string}\"},\"query-input\":\"required name=search_term_string\"}],\"inLanguage\":\"fr-FR\"},{\"@type\":\"ImageObject\",\"@id\":\"https:\/\/www.schilliger.ch\/fr\/services\/bureau-dingenieurs\/#primaryimage\",\"inLanguage\":\"fr-FR\",\"url\":\"http:\/\/www.schilliger.ch\/wp-content\/uploads\/2016\/10\/service-ingenieurburo2.jpg\",\"contentUrl\":\"http:\/\/www.schilliger.ch\/wp-content\/uploads\/2016\/10\/service-ingenieurburo2.jpg\"},{\"@type\":\"WebPage\",\"@id\":\"https:\/\/www.schilliger.ch\/fr\/services\/bureau-dingenieurs\/#webpage\",\"url\":\"https:\/\/www.schilliger.ch\/fr\/services\/bureau-dingenieurs\/\",\"name\":\"Bureau d'ing\\u00e9nieurs - Schilliger CH\",\"isPartOf\":{\"@id\":\"https:\/\/www.schilliger.ch\/fr\/#website\"},\"primaryImageOfPage\":{\"@id\":\"https:\/\/www.schilliger.ch\/fr\/services\/bureau-dingenieurs\/#primaryimage\"},\"datePublished\":\"2016-10-27T11:59:56+00:00\",\"dateModified\":\"2022-01-10T13:57:53+00:00\",\"breadcrumb\":{\"@id\":\"https:\/\/www.schilliger.ch\/fr\/services\/bureau-dingenieurs\/#breadcrumb\"},\"inLanguage\":\"fr-FR\",\"potentialAction\":[{\"@type\":\"ReadAction\",\"target\":[\"https:\/\/www.schilliger.ch\/fr\/services\/bureau-dingenieurs\/\"]}]},{\"@type\":\"BreadcrumbList\",\"@id\":\"https:\/\/www.schilliger.ch\/fr\/services\/bureau-dingenieurs\/#breadcrumb\",\"itemListElement\":[{\"@type\":\"ListItem\",\"position\":1,\"name\":\"Accueil\",\"item\":\"https:\/\/www.schilliger.ch\/fr\/\"},{\"@type\":\"ListItem\",\"position\":2,\"name\":\"Services\",\"item\":\"https:\/\/www.schilliger.ch\/fr\/services\/\"},{\"@type\":\"ListItem\",\"position\":3,\"name\":\"Bureau d&#8217;ing\\u00e9nieurs\"}]}]}<\/script>\n<!-- \/ Yoast SEO plugin. -->","yoast_head_json":{"title":"Bureau d'ing\u00e9nieurs - Schilliger CH","robots":{"index":"index","follow":"follow","max-snippet":"max-snippet:-1","max-image-preview":"max-image-preview:large","max-video-preview":"max-video-preview:-1"},"canonical":"https:\/\/www.schilliger.ch\/fr\/services\/bureau-dingenieurs\/","og_locale":"fr_FR","og_type":"article","og_title":"Bureau d'ing\u00e9nieurs - Schilliger CH","og_url":"https:\/\/www.schilliger.ch\/fr\/services\/bureau-dingenieurs\/","og_site_name":"Schilliger CH","article_modified_time":"2022-01-10T13:57:53+00:00","og_image":[{"url":"http:\/\/www.schilliger.ch\/wp-content\/uploads\/2016\/10\/service-ingenieurburo2.jpg"}],"twitter_card":"summary","twitter_misc":{"Dur\u00e9e de lecture est.":"2 minutes"},"schema":{"@context":"https:\/\/schema.org","@graph":[{"@type":"WebSite","@id":"https:\/\/www.schilliger.ch\/fr\/#website","url":"https:\/\/www.schilliger.ch\/fr\/","name":"Schilliger CH","description":"Kompetenz und Innovation. Holz und Mehr.","potentialAction":[{"@type":"SearchAction","target":{"@type":"EntryPoint","urlTemplate":"https:\/\/www.schilliger.ch\/fr\/?s={search_term_string}"},"query-input":"required name=search_term_string"}],"inLanguage":"fr-FR"},{"@type":"ImageObject","@id":"https:\/\/www.schilliger.ch\/fr\/services\/bureau-dingenieurs\/#primaryimage","inLanguage":"fr-FR","url":"http:\/\/www.schilliger.ch\/wp-content\/uploads\/2016\/10\/service-ingenieurburo2.jpg","contentUrl":"http:\/\/www.schilliger.ch\/wp-content\/uploads\/2016\/10\/service-ingenieurburo2.jpg"},{"@type":"WebPage","@id":"https:\/\/www.schilliger.ch\/fr\/services\/bureau-dingenieurs\/#webpage","url":"https:\/\/www.schilliger.ch\/fr\/services\/bureau-dingenieurs\/","name":"Bureau d'ing\u00e9nieurs - Schilliger CH","isPartOf":{"@id":"https:\/\/www.schilliger.ch\/fr\/#website"},"primaryImageOfPage":{"@id":"https:\/\/www.schilliger.ch\/fr\/services\/bureau-dingenieurs\/#primaryimage"},"datePublished":"2016-10-27T11:59:56+00:00","dateModified":"2022-01-10T13:57:53+00:00","breadcrumb":{"@id":"https:\/\/www.schilliger.ch\/fr\/services\/bureau-dingenieurs\/#breadcrumb"},"inLanguage":"fr-FR","potentialAction":[{"@type":"ReadAction","target":["https:\/\/www.schilliger.ch\/fr\/services\/bureau-dingenieurs\/"]}]},{"@type":"BreadcrumbList","@id":"https:\/\/www.schilliger.ch\/fr\/services\/bureau-dingenieurs\/#breadcrumb","itemListElement":[{"@type":"ListItem","position":1,"name":"Accueil","item":"https:\/\/www.schilliger.ch\/fr\/"},{"@type":"ListItem","position":2,"name":"Services","item":"https:\/\/www.schilliger.ch\/fr\/services\/"},{"@type":"ListItem","position":3,"name":"Bureau d&#8217;ing\u00e9nieurs"}]}]}},"_links":{"self":[{"href":"https:\/\/www.schilliger.ch\/fr\/wp-json\/wp\/v2\/pages\/667","targetHints":{"allow":["GET"]}}],"collection":[{"href":"https:\/\/www.schilliger.ch\/fr\/wp-json\/wp\/v2\/pages"}],"about":[{"href":"https:\/\/www.schilliger.ch\/fr\/wp-json\/wp\/v2\/types\/page"}],"author":[{"embeddable":true,"href":"https:\/\/www.schilliger.ch\/fr\/wp-json\/wp\/v2\/users\/1"}],"replies":[{"embeddable":true,"href":"https:\/\/www.schilliger.ch\/fr\/wp-json\/wp\/v2\/comments?post=667"}],"version-history":[{"count":5,"href":"https:\/\/www.schilliger.ch\/fr\/wp-json\/wp\/v2\/pages\/667\/revisions"}],"predecessor-version":[{"id":5823,"href":"https:\/\/www.schilliger.ch\/fr\/wp-json\/wp\/v2\/pages\/667\/revisions\/5823"}],"up":[{"embeddable":true,"href":"https:\/\/www.schilliger.ch\/fr\/wp-json\/wp\/v2\/pages\/664"}],"wp:attachment":[{"href":"https:\/\/www.schilliger.ch\/fr\/wp-json\/wp\/v2\/media?parent=667"}],"curies":[{"name":"wp","href":"https:\/\/api.w.org\/{rel}","templated":true}]}}