{"id":673,"date":"2016-12-29T10:34:04","date_gmt":"2016-12-29T09:34:04","guid":{"rendered":"http:\/\/www.schilliger.ch\/dienstleistungen\/software\/"},"modified":"2024-11-07T11:26:18","modified_gmt":"2024-11-07T10:26:18","slug":"logiciels-publics","status":"publish","type":"page","link":"https:\/\/www.schilliger.ch\/fr\/services\/logiciels-publics\/","title":{"rendered":"Logiciels publics"},"content":{"rendered":"<p><div class=\"fusion-fullwidth fullwidth-box fusion-builder-row-1 nonhundred-percent-fullwidth non-hundred-percent-height-scrolling\" style=\"--awb-background-position:left top;--awb-border-sizes-top:0px;--awb-border-sizes-bottom:0px;--awb-border-sizes-left:0px;--awb-border-sizes-right:0px;--awb-border-radius-top-left:0px;--awb-border-radius-top-right:0px;--awb-border-radius-bottom-right:0px;--awb-border-radius-bottom-left:0px;--awb-padding-top:100px;--awb-padding-bottom:100px;--awb-flex-wrap:wrap;\" ><div class=\"fusion-builder-row fusion-row\"><div class=\"fusion-layout-column fusion_builder_column fusion-builder-column-0 fusion_builder_column_3_5 3_5 fusion-three-fifth fusion-column-first content--left\" style=\"--awb-bg-size:cover;width:58.4%; margin-right: 4%;\"><div class=\"fusion-column-wrapper fusion-flex-column-wrapper-legacy\"><div class=\"fusion-title title fusion-title-1 fusion-sep-none fusion-title-text fusion-title-size-two\"><h2 class=\"fusion-title-heading title-heading-left fusion-responsive-typography-calculated\" style=\"margin:0;--fontSize:36;line-height:1.5;\">Logiciels publics<\/h2><\/div><div class=\"fusion-text fusion-text-1\" style=\"--awb-text-transform:none;\"><table width=\"100%\">\n<tbody>\n<tr>\n<td><strong>\u00a0<\/strong><\/p>\n<p><strong>Vous pouvez installer les versions gratuits des programmes suivants (pour les versions compl\u00e8tes voir Formulaire de commande):<\/strong><\/p>\n<table style=\"height: 120px;\" width=\"660\">\n<tbody>\n<tr>\n<td><a href=\"\/Software\/S-Bem60FW.exe\">S-Bem60FW.exe\u00a0 <\/a><\/td>\n<td>Programme &#8220;Dimensionnement&#8221; (Freeware)\u00a0 d&#8217;apr\u00e8s SIA, DIN, EN (F) et EN (UK)<\/td>\n<\/tr>\n<tr>\n<td><a href=\"\/Software\/S-BPhyFW.exe\">S-BPhyFW.exe\u00a0 <\/a><\/td>\n<td>Programme &#8220;Physique du B\u00e2timent&#8221; (Freeware)<\/td>\n<\/tr>\n<tr>\n<td><\/td>\n<td><\/td>\n<\/tr>\n<tr>\n<td><\/td>\n<td><\/td>\n<\/tr>\n<tr>\n<td>Updates<\/td>\n<td>Vers la page des mises \u00e0 jour des logiciels Bemessen et Bauphysik (conseil: les mises \u00e0 jour n\u00e9cessitent les versions compl\u00e8tes des logiciels concern\u00e9s)<\/td>\n<\/tr>\n<\/tbody>\n<\/table>\n<\/td>\n<\/tr>\n<\/tbody>\n<\/table>\n<table width=\"100%\">\n<tbody>\n<tr>\n<td width=\"100%\">\n<h3><span style=\"color: #800000;\"><strong>Mises \u00e0 jour<\/strong><\/span><\/h3>\n<\/td>\n<td width=\"100%\"><\/td>\n<td width=\"100%\"><\/td>\n<\/tr>\n<\/tbody>\n<\/table>\n<table width=\"100%\">\n<tbody>\n<tr>\n<td><strong>Vous pouvez t\u00e9l\u00e9charger les mises \u00e0 jour suivantes:<\/strong><\/p>\n<p><em>Enregistrer la mise \u00e0 jour dans le dossier o\u00f9 se trouve le logiciel concern\u00e9.<\/em><\/p>\n<table width=\"100%\">\n<tbody>\n<tr>\n<td colspan=\"2\"><strong>Programme Bauphysik<\/strong><\/td>\n<\/tr>\n<tr>\n<td><a href=\"\/Software\/bp-upd21.exe\">bp-upd21.exe<\/a><\/td>\n<td>Mise \u00e0 jour sur niveau de la version 2.3<\/td>\n<\/tr>\n<tr>\n<td colspan=\"2\"><strong>Programme Bemessen d&#8217;apr\u00e8s SIA et DIN<\/strong><\/p>\n<p>La version 6.0 peut \u00eatre command\u00e9e chez Schilliger Holz. Autres versions peuvent \u00eatre mises \u00e0 jour sur niveau de la version 5.3<\/td>\n<\/tr>\n<tr>\n<td><a href=\"\/Software\/updBem53.exe\">updBem53.exe<\/a><\/td>\n<td>Mise \u00e0 jour sur niveau de la version 5.3 (5.0 doit d\u00e9j\u00e0 \u00eatre install\u00e9e) &#8211; <em><em>petites corrections: Allemand<\/em><\/em><em>, Fran\u00e7ais, Anglais<br \/>\n<\/em><\/td>\n<\/tr>\n<tr>\n<td><\/td>\n<td><\/td>\n<\/tr>\n<tr>\n<td colspan=\"2\"><strong>\u00a0<\/strong><\/td>\n<\/tr>\n<tr>\n<td><\/td>\n<td><\/td>\n<\/tr>\n<tr>\n<td colspan=\"2\"><strong>\u00a0<\/strong><\/td>\n<\/tr>\n<tr>\n<td><\/td>\n<td><\/td>\n<\/tr>\n<tr>\n<td><\/td>\n<td><\/td>\n<\/tr>\n<tr>\n<td><strong>\u00a0<\/strong><\/td>\n<td><strong>\u00a0<\/strong><\/td>\n<\/tr>\n<tr>\n<td width=\"120\"><\/td>\n<td><\/td>\n<\/tr>\n<tr>\n<td><a href=\"\/public\/selk.ilu\">\u00a0<\/a><\/td>\n<td><\/td>\n<\/tr>\n<\/tbody>\n<\/table>\n<\/td>\n<\/tr>\n<\/tbody>\n<\/table>\n<\/div><div class=\"fusion-clearfix\"><\/div><\/div><\/div><div class=\"fusion-layout-column fusion_builder_column fusion-builder-column-1 fusion_builder_column_2_5 2_5 fusion-two-fifth fusion-column-last\" style=\"--awb-bg-size:cover;width:37.6%;\"><div class=\"fusion-column-wrapper fusion-flex-column-wrapper-legacy\"><div class=\"fusion-image-element in-legacy-container\" style=\"--awb-caption-title-font-family:var(--h2_typography-font-family);--awb-caption-title-font-weight:var(--h2_typography-font-weight);--awb-caption-title-font-style:var(--h2_typography-font-style);--awb-caption-title-size:var(--h2_typography-font-size);--awb-caption-title-transform:var(--h2_typography-text-transform);--awb-caption-title-line-height:var(--h2_typography-line-height);--awb-caption-title-letter-spacing:var(--h2_typography-letter-spacing);\"><span class=\" fusion-imageframe imageframe-none imageframe-1 hover-type-zoomin\"><a href=\"http:\/\/www.schilliger.ch\/wp-content\/uploads\/2016\/10\/img-software.jpg\" class=\"fusion-lightbox\" data-rel=\"iLightbox[a3aac7877915d02c548]\" data-title=\"img-software\" title=\"img-software\"><img decoding=\"async\" width=\"800\" height=\"600\" src=\"http:\/\/www.schilliger.ch\/wp-content\/uploads\/2016\/10\/img-software.jpg\" alt class=\"img-responsive wp-image-7882\" srcset=\"https:\/\/www.schilliger.ch\/wp-content\/uploads\/2016\/10\/img-software-200x150.jpg 200w, https:\/\/www.schilliger.ch\/wp-content\/uploads\/2016\/10\/img-software-400x300.jpg 400w, https:\/\/www.schilliger.ch\/wp-content\/uploads\/2016\/10\/img-software-600x450.jpg 600w, https:\/\/www.schilliger.ch\/wp-content\/uploads\/2016\/10\/img-software.jpg 800w\" sizes=\"(max-width: 800px) 100vw, 600px\" \/><\/a><\/span><\/div><div class=\"fusion-sep-clear\"><\/div><div class=\"fusion-separator fusion-full-width-sep\" style=\"margin-left: auto;margin-right: auto;margin-top:10px;width:100%;\"><\/div><div class=\"fusion-sep-clear\"><\/div><div class=\"fusion-button-wrapper\"><a class=\"fusion-button button-flat fusion-button-default-size button-default fusion-button-default button-1 fusion-button-default-span fusion-button-default-type\" target=\"_blank\" rel=\"noopener noreferrer\" title=\"Download the PDF\" aria-label=\"Download the PDF\" href=\"https:\/\/www.schilliger.ch\/Software\/Programme_de_dimensionnement_version_6.pdf \"><span class=\"fusion-button-text awb-button__text awb-button__text--default\">Software<\/span><\/a><\/div><div class=\"fusion-sep-clear\"><\/div><div class=\"fusion-separator fusion-full-width-sep\" style=\"margin-left: auto;margin-right: auto;margin-top:10px;width:100%;\"><\/div><div class=\"fusion-sep-clear\"><\/div><div class=\"fusion-button-wrapper\"><a class=\"fusion-button button-flat fusion-button-default-size button-default fusion-button-default button-2 fusion-button-default-span fusion-button-default-type\" target=\"_blank\" rel=\"noopener noreferrer\" title=\"Download the PDF\" aria-label=\"Download the PDF\" href=\" http:\/\/www.schilliger.ch\/wp-content\/uploads\/2022\/04\/Formulaire-de-commande-logiciel-Schilliger.pdf\"><span class=\"fusion-button-text awb-button__text awb-button__text--default\">Formulaire de commande<\/span><\/a><\/div><div class=\"fusion-clearfix\"><\/div><\/div><\/div><\/div><\/div><div class=\"fusion-fullwidth fullwidth-box fusion-builder-row-2 hundred-percent-fullwidth non-hundred-percent-height-scrolling fusion-equal-height-columns\" style=\"--awb-background-position:left top;--awb-border-sizes-top:0px;--awb-border-sizes-bottom:0px;--awb-border-sizes-left:0px;--awb-border-sizes-right:0px;--awb-border-radius-top-left:0px;--awb-border-radius-top-right:0px;--awb-border-radius-bottom-right:0px;--awb-border-radius-bottom-left:0px;--awb-padding-top:0px;--awb-padding-right:0px;--awb-padding-bottom:0px;--awb-padding-left:0px;--awb-flex-wrap:wrap;\" ><div class=\"fusion-builder-row fusion-row\"><div class=\"fusion-layout-column fusion_builder_column fusion-builder-column-2 fusion_builder_column_1_3 1_3 fusion-one-third fusion-column-first\" style=\"--awb-bg-color:#8a8a8a;--awb-bg-color-hover:#8a8a8a;--awb-bg-size:cover;--awb-margin-bottom:0px;\"><div class=\"fusion-column-wrapper fusion-flex-column-wrapper-legacy\"><div class=\"fusion-column-content-centered\"><div class=\"fusion-column-content\"><div class=\"fusion-title title fusion-title-2 fusion-sep-none fusion-title-text fusion-title-size-two zertifikat\"><h2 class=\"fusion-title-heading title-heading-right fusion-responsive-typography-calculated\" style=\"margin:0;--fontSize:36;line-height:1.5;\">Certificats<\/h2><\/div><\/div><\/div><div class=\"fusion-clearfix\"><\/div><\/div><\/div><div class=\"fusion-layout-column fusion_builder_column fusion-builder-column-3 fusion_builder_column_2_3 2_3 fusion-two-third fusion-column-last\" style=\"--awb-bg-color:#ffffff;--awb-bg-color-hover:#ffffff;--awb-bg-size:cover;--awb-margin-bottom:0px;\"><div class=\"fusion-column-wrapper fusion-flex-column-wrapper-legacy\"><div class=\"fusion-column-content-centered\"><div class=\"fusion-column-content\"><div class=\"fusion-image-carousel fusion-image-carousel-auto fusion-image-carousel-1\"><div class=\"awb-carousel awb-swiper awb-swiper-carousel awb-swiper-dots-position-bottom awb-carousel--carousel\" data-layout=\"carousel\" data-autoplay=\"no\" data-autoplayspeed=\"2500\" data-autoplaypause=\"no\" data-columns=\"5\" data-itemmargin=\"5\" data-itemwidth=\"180\" data-touchscroll=\"no\" data-freemode=\"no\" data-imagesize=\"auto\" data-scrollitems=\"0\" data-centeredslides=\"no\" data-rotationangle=\"50\" data-depth=\"100\" data-speed=\"500\" data-shadow=\"no\" style=\"--awb-column-spacing:5px;\"><div class=\"swiper-wrapper awb-image-carousel-wrapper fusion-flex-align-items-center\"><div class=\"swiper-slide\"><div class=\"fusion-carousel-item-wrapper\"><div class=\"fusion-image-wrapper hover-type-zoomin\"><a href=\"\/zertifikate\/allgemeine-zertifikate\/\" target=\"_self\"><img decoding=\"async\" src=\"http:\/\/www.schilliger.ch\/wp-content\/uploads\/2016\/10\/zertifikat-ce.jpg\" alt=\"\"\/><\/a><\/div><\/div><\/div><div class=\"swiper-slide\"><div class=\"fusion-carousel-item-wrapper\"><div class=\"fusion-image-wrapper hover-type-zoomin\"><a href=\"\/zertifikate\/allgemeine-zertifikate\/\" target=\"_self\"><img decoding=\"async\" src=\"http:\/\/www.schilliger.ch\/wp-content\/uploads\/2016\/10\/zertifikat-FSC.jpg\" alt=\"\"\/><\/a><\/div><\/div><\/div><div class=\"swiper-slide\"><div class=\"fusion-carousel-item-wrapper\"><div class=\"fusion-image-wrapper hover-type-zoomin\"><a href=\"\/zertifikate\/allgemeine-zertifikate\/\" target=\"_self\"><img decoding=\"async\" src=\"http:\/\/www.schilliger.ch\/wp-content\/uploads\/2016\/10\/zertifikat-QM.jpg\" alt=\"\"\/><\/a><\/div><\/div><\/div><div class=\"swiper-slide\"><div class=\"fusion-carousel-item-wrapper\"><div class=\"fusion-image-wrapper hover-type-zoomin\"><a href=\"\/zertifikate\/allgemeine-zertifikate\/\" target=\"_self\"><img decoding=\"async\" src=\"http:\/\/www.schilliger.ch\/wp-content\/uploads\/2016\/10\/zertifikat-holz.jpg\" alt=\"\"\/><\/a><\/div><\/div><\/div><div class=\"swiper-slide\"><div class=\"fusion-carousel-item-wrapper\"><div class=\"fusion-image-wrapper hover-type-zoomin\"><a href=\"\/zertifikate\/allgemeine-zertifikate\/\" target=\"_self\"><img decoding=\"async\" src=\"http:\/\/www.schilliger.ch\/wp-content\/uploads\/2016\/10\/zertifikat-sfh.jpg\" alt=\"\"\/><\/a><\/div><\/div><\/div><\/div><div class=\"awb-swiper-button awb-swiper-button-prev\"><i class=\"awb-icon-angle-left\" aria-hidden=\"true\"><\/i><\/div><div class=\"awb-swiper-button awb-swiper-button-next\"><i class=\"awb-icon-angle-right\" aria-hidden=\"true\"><\/i><\/div><\/div><\/div><\/div><\/div><div class=\"fusion-clearfix\"><\/div><\/div><\/div><\/div><\/div><\/p>\n","protected":false},"excerpt":{"rendered":"","protected":false},"author":1,"featured_media":0,"parent":664,"menu_order":0,"comment_status":"closed","ping_status":"closed","template":"100-width.php","meta":{"footnotes":""},"class_list":["post-673","page","type-page","status-publish","hentry"],"yoast_head":"<!-- This site is optimized with the Yoast SEO plugin v16.7 - https:\/\/yoast.com\/wordpress\/plugins\/seo\/ -->\n<title>Logiciels publics - Schilliger CH<\/title>\n<meta name=\"robots\" content=\"index, follow, max-snippet:-1, max-image-preview:large, max-video-preview:-1\" \/>\n<link rel=\"canonical\" href=\"https:\/\/www.schilliger.ch\/fr\/services\/logiciels-publics\/\" \/>\n<meta property=\"og:locale\" content=\"fr_FR\" \/>\n<meta property=\"og:type\" content=\"article\" \/>\n<meta property=\"og:title\" content=\"Logiciels publics - Schilliger CH\" \/>\n<meta property=\"og:url\" content=\"https:\/\/www.schilliger.ch\/fr\/services\/logiciels-publics\/\" \/>\n<meta property=\"og:site_name\" content=\"Schilliger CH\" \/>\n<meta property=\"article:modified_time\" content=\"2024-11-07T10:26:18+00:00\" \/>\n<meta name=\"twitter:card\" content=\"summary\" \/>\n<meta name=\"twitter:label1\" content=\"Dur\u00e9e de lecture est.\" \/>\n\t<meta name=\"twitter:data1\" content=\"4 minutes\" \/>\n<script type=\"application\/ld+json\" class=\"yoast-schema-graph\">{\"@context\":\"https:\/\/schema.org\",\"@graph\":[{\"@type\":\"WebSite\",\"@id\":\"https:\/\/www.schilliger.ch\/fr\/#website\",\"url\":\"https:\/\/www.schilliger.ch\/fr\/\",\"name\":\"Schilliger CH\",\"description\":\"Kompetenz und Innovation. Holz und Mehr.\",\"potentialAction\":[{\"@type\":\"SearchAction\",\"target\":{\"@type\":\"EntryPoint\",\"urlTemplate\":\"https:\/\/www.schilliger.ch\/fr\/?s={search_term_string}\"},\"query-input\":\"required name=search_term_string\"}],\"inLanguage\":\"fr-FR\"},{\"@type\":\"WebPage\",\"@id\":\"https:\/\/www.schilliger.ch\/fr\/services\/logiciels-publics\/#webpage\",\"url\":\"https:\/\/www.schilliger.ch\/fr\/services\/logiciels-publics\/\",\"name\":\"Logiciels publics - Schilliger CH\",\"isPartOf\":{\"@id\":\"https:\/\/www.schilliger.ch\/fr\/#website\"},\"datePublished\":\"2016-12-29T09:34:04+00:00\",\"dateModified\":\"2024-11-07T10:26:18+00:00\",\"breadcrumb\":{\"@id\":\"https:\/\/www.schilliger.ch\/fr\/services\/logiciels-publics\/#breadcrumb\"},\"inLanguage\":\"fr-FR\",\"potentialAction\":[{\"@type\":\"ReadAction\",\"target\":[\"https:\/\/www.schilliger.ch\/fr\/services\/logiciels-publics\/\"]}]},{\"@type\":\"BreadcrumbList\",\"@id\":\"https:\/\/www.schilliger.ch\/fr\/services\/logiciels-publics\/#breadcrumb\",\"itemListElement\":[{\"@type\":\"ListItem\",\"position\":1,\"name\":\"Accueil\",\"item\":\"https:\/\/www.schilliger.ch\/fr\/\"},{\"@type\":\"ListItem\",\"position\":2,\"name\":\"Services\",\"item\":\"https:\/\/www.schilliger.ch\/fr\/services\/\"},{\"@type\":\"ListItem\",\"position\":3,\"name\":\"Logiciels publics\"}]}]}<\/script>\n<!-- \/ Yoast SEO plugin. -->","yoast_head_json":{"title":"Logiciels publics - Schilliger CH","robots":{"index":"index","follow":"follow","max-snippet":"max-snippet:-1","max-image-preview":"max-image-preview:large","max-video-preview":"max-video-preview:-1"},"canonical":"https:\/\/www.schilliger.ch\/fr\/services\/logiciels-publics\/","og_locale":"fr_FR","og_type":"article","og_title":"Logiciels publics - Schilliger CH","og_url":"https:\/\/www.schilliger.ch\/fr\/services\/logiciels-publics\/","og_site_name":"Schilliger CH","article_modified_time":"2024-11-07T10:26:18+00:00","twitter_card":"summary","twitter_misc":{"Dur\u00e9e de lecture est.":"4 minutes"},"schema":{"@context":"https:\/\/schema.org","@graph":[{"@type":"WebSite","@id":"https:\/\/www.schilliger.ch\/fr\/#website","url":"https:\/\/www.schilliger.ch\/fr\/","name":"Schilliger CH","description":"Kompetenz und Innovation. Holz und Mehr.","potentialAction":[{"@type":"SearchAction","target":{"@type":"EntryPoint","urlTemplate":"https:\/\/www.schilliger.ch\/fr\/?s={search_term_string}"},"query-input":"required name=search_term_string"}],"inLanguage":"fr-FR"},{"@type":"WebPage","@id":"https:\/\/www.schilliger.ch\/fr\/services\/logiciels-publics\/#webpage","url":"https:\/\/www.schilliger.ch\/fr\/services\/logiciels-publics\/","name":"Logiciels publics - Schilliger CH","isPartOf":{"@id":"https:\/\/www.schilliger.ch\/fr\/#website"},"datePublished":"2016-12-29T09:34:04+00:00","dateModified":"2024-11-07T10:26:18+00:00","breadcrumb":{"@id":"https:\/\/www.schilliger.ch\/fr\/services\/logiciels-publics\/#breadcrumb"},"inLanguage":"fr-FR","potentialAction":[{"@type":"ReadAction","target":["https:\/\/www.schilliger.ch\/fr\/services\/logiciels-publics\/"]}]},{"@type":"BreadcrumbList","@id":"https:\/\/www.schilliger.ch\/fr\/services\/logiciels-publics\/#breadcrumb","itemListElement":[{"@type":"ListItem","position":1,"name":"Accueil","item":"https:\/\/www.schilliger.ch\/fr\/"},{"@type":"ListItem","position":2,"name":"Services","item":"https:\/\/www.schilliger.ch\/fr\/services\/"},{"@type":"ListItem","position":3,"name":"Logiciels publics"}]}]}},"_links":{"self":[{"href":"https:\/\/www.schilliger.ch\/fr\/wp-json\/wp\/v2\/pages\/673","targetHints":{"allow":["GET"]}}],"collection":[{"href":"https:\/\/www.schilliger.ch\/fr\/wp-json\/wp\/v2\/pages"}],"about":[{"href":"https:\/\/www.schilliger.ch\/fr\/wp-json\/wp\/v2\/types\/page"}],"author":[{"embeddable":true,"href":"https:\/\/www.schilliger.ch\/fr\/wp-json\/wp\/v2\/users\/1"}],"replies":[{"embeddable":true,"href":"https:\/\/www.schilliger.ch\/fr\/wp-json\/wp\/v2\/comments?post=673"}],"version-history":[{"count":43,"href":"https:\/\/www.schilliger.ch\/fr\/wp-json\/wp\/v2\/pages\/673\/revisions"}],"predecessor-version":[{"id":12102,"href":"https:\/\/www.schilliger.ch\/fr\/wp-json\/wp\/v2\/pages\/673\/revisions\/12102"}],"up":[{"embeddable":true,"href":"https:\/\/www.schilliger.ch\/fr\/wp-json\/wp\/v2\/pages\/664"}],"wp:attachment":[{"href":"https:\/\/www.schilliger.ch\/fr\/wp-json\/wp\/v2\/media?parent=673"}],"curies":[{"name":"wp","href":"https:\/\/api.w.org\/{rel}","templated":true}]}}