{"id":698,"date":"2016-10-20T09:17:06","date_gmt":"2016-10-20T07:17:06","guid":{"rendered":"http:\/\/www.schilliger.ch\/mentionslegales\/"},"modified":"2022-05-09T09:12:24","modified_gmt":"2022-05-09T07:12:24","slug":"mentionslegales","status":"publish","type":"page","link":"https:\/\/www.schilliger.ch\/fr\/mentionslegales\/","title":{"rendered":"Mentions l\u00e9gales"},"content":{"rendered":"<div class=\"fusion-fullwidth fullwidth-box fusion-builder-row-1 fusion-flex-container nonhundred-percent-fullwidth non-hundred-percent-height-scrolling\" style=\"--awb-border-radius-top-left:0px;--awb-border-radius-top-right:0px;--awb-border-radius-bottom-right:0px;--awb-border-radius-bottom-left:0px;--awb-flex-wrap:wrap;\" ><div class=\"fusion-builder-row fusion-row fusion-flex-align-items-flex-start fusion-flex-content-wrap\" style=\"max-width:1144px;margin-left: calc(-4% \/ 2 );margin-right: calc(-4% \/ 2 );\"><div class=\"fusion-layout-column fusion_builder_column fusion-builder-column-0 fusion_builder_column_1_1 1_1 fusion-flex-column\" style=\"--awb-bg-size:cover;--awb-width-large:100%;--awb-margin-top-large:0px;--awb-spacing-right-large:1.92%;--awb-margin-bottom-large:20px;--awb-spacing-left-large:1.92%;--awb-width-medium:100%;--awb-order-medium:0;--awb-spacing-right-medium:1.92%;--awb-spacing-left-medium:1.92%;--awb-width-small:100%;--awb-order-small:0;--awb-spacing-right-small:1.92%;--awb-spacing-left-small:1.92%;\"><div class=\"fusion-column-wrapper fusion-column-has-shadow fusion-flex-justify-content-flex-start fusion-content-layout-column\"><div class=\"fusion-text fusion-text-1\" style=\"--awb-text-transform:none;\"><p><strong>Schilliger Holz AG<\/strong><br \/>\nScierie\/transformateur de produits semi-finis en bois<br \/>\nHaltikon 33<br \/>\n6403 K\u00fcssnacht am Rigi<br \/>\nT\u00e9l. +41 854 08 00<br \/>\nCourrier \u00e9lectronique : <a href=\"mailto:info@schilliger.ch\">info@schilliger.ch<\/a><\/p>\n<p><strong>Copyright \/ Cr\u00e9dit photo<\/strong><br \/>\nLe copyright pour tous les textes, fichiers PDF et \u00e9l\u00e9ments graphiques appartient \u00e0 Schilliger Holz AG. Il est permis de cr\u00e9er des liens vers ces pages et de les citer en indiquant la source (Source\/Copyright : Schilliger Holz).<\/p>\n<p><strong>Exclusion de responsabilit\u00e9<\/strong><br \/>\nNous apportons le plus grand soin \u00e0 la compilation des informations contenues dans ces pages web. Toutefois, nous ne pouvons pas \u00eatre tenus responsables d&#8217;\u00e9ventuels dommages de quelque nature que ce soit li\u00e9s \u00e0 l&#8217;utilisation des informations mises \u00e0 disposition.<\/p>\n<p><strong>Avis de responsabilit\u00e9<\/strong><br \/>\nMalgr\u00e9 un contr\u00f4le minutieux du contenu, nous n&amp;#39;assumons aucune responsabilit\u00e9 pour le contenu des liens externes. Seuls les exploitants de ces sites sont responsables de leur contenu.<\/p>\n<\/div><\/div><\/div><\/div><\/div>\n","protected":false},"excerpt":{"rendered":"","protected":false},"author":1,"featured_media":0,"parent":0,"menu_order":0,"comment_status":"closed","ping_status":"closed","template":"100-width.php","meta":{"footnotes":""},"class_list":["post-698","page","type-page","status-publish","hentry"],"yoast_head":"<!-- This site is optimized with the Yoast SEO plugin v16.7 - https:\/\/yoast.com\/wordpress\/plugins\/seo\/ -->\n<title>Mentions l\u00e9gales - Schilliger CH<\/title>\n<meta name=\"description\" content=\"Schilliger Holz AG Haltikon 33 6403 K\u00fcssnacht am Rigi www.schilliger.ch Production CLT, Bois lamell\u00e9 coll\u00e9, bois massif, raboterie.\" \/>\n<meta name=\"robots\" content=\"index, follow, max-snippet:-1, max-image-preview:large, max-video-preview:-1\" \/>\n<link rel=\"canonical\" href=\"https:\/\/www.schilliger.ch\/fr\/mentionslegales\/\" \/>\n<meta property=\"og:locale\" content=\"fr_FR\" \/>\n<meta property=\"og:type\" content=\"article\" \/>\n<meta property=\"og:title\" content=\"Mentions l\u00e9gales - Schilliger CH\" \/>\n<meta property=\"og:description\" content=\"Schilliger Holz AG Haltikon 33 6403 K\u00fcssnacht am Rigi www.schilliger.ch Production CLT, Bois lamell\u00e9 coll\u00e9, bois massif, raboterie.\" \/>\n<meta property=\"og:url\" content=\"https:\/\/www.schilliger.ch\/fr\/mentionslegales\/\" \/>\n<meta property=\"og:site_name\" content=\"Schilliger CH\" \/>\n<meta property=\"article:modified_time\" content=\"2022-05-09T07:12:24+00:00\" \/>\n<meta name=\"twitter:card\" content=\"summary\" \/>\n<meta name=\"twitter:label1\" content=\"Dur\u00e9e de lecture est.\" \/>\n\t<meta name=\"twitter:data1\" content=\"2 minutes\" \/>\n<script type=\"application\/ld+json\" class=\"yoast-schema-graph\">{\"@context\":\"https:\/\/schema.org\",\"@graph\":[{\"@type\":\"WebSite\",\"@id\":\"https:\/\/www.schilliger.ch\/fr\/#website\",\"url\":\"https:\/\/www.schilliger.ch\/fr\/\",\"name\":\"Schilliger CH\",\"description\":\"Kompetenz und Innovation. Holz und Mehr.\",\"potentialAction\":[{\"@type\":\"SearchAction\",\"target\":{\"@type\":\"EntryPoint\",\"urlTemplate\":\"https:\/\/www.schilliger.ch\/fr\/?s={search_term_string}\"},\"query-input\":\"required name=search_term_string\"}],\"inLanguage\":\"fr-FR\"},{\"@type\":\"WebPage\",\"@id\":\"https:\/\/www.schilliger.ch\/fr\/mentionslegales\/#webpage\",\"url\":\"https:\/\/www.schilliger.ch\/fr\/mentionslegales\/\",\"name\":\"Mentions l\\u00e9gales - Schilliger CH\",\"isPartOf\":{\"@id\":\"https:\/\/www.schilliger.ch\/fr\/#website\"},\"datePublished\":\"2016-10-20T07:17:06+00:00\",\"dateModified\":\"2022-05-09T07:12:24+00:00\",\"description\":\"Schilliger Holz AG Haltikon 33 6403 K\\u00fcssnacht am Rigi www.schilliger.ch Production CLT, Bois lamell\\u00e9 coll\\u00e9, bois massif, raboterie.\",\"breadcrumb\":{\"@id\":\"https:\/\/www.schilliger.ch\/fr\/mentionslegales\/#breadcrumb\"},\"inLanguage\":\"fr-FR\",\"potentialAction\":[{\"@type\":\"ReadAction\",\"target\":[\"https:\/\/www.schilliger.ch\/fr\/mentionslegales\/\"]}]},{\"@type\":\"BreadcrumbList\",\"@id\":\"https:\/\/www.schilliger.ch\/fr\/mentionslegales\/#breadcrumb\",\"itemListElement\":[{\"@type\":\"ListItem\",\"position\":1,\"name\":\"Accueil\",\"item\":\"https:\/\/www.schilliger.ch\/fr\/\"},{\"@type\":\"ListItem\",\"position\":2,\"name\":\"Mentions l\\u00e9gales\"}]}]}<\/script>\n<!-- \/ Yoast SEO plugin. -->","yoast_head_json":{"title":"Mentions l\u00e9gales - Schilliger CH","description":"Schilliger Holz AG Haltikon 33 6403 K\u00fcssnacht am Rigi www.schilliger.ch Production CLT, Bois lamell\u00e9 coll\u00e9, bois massif, raboterie.","robots":{"index":"index","follow":"follow","max-snippet":"max-snippet:-1","max-image-preview":"max-image-preview:large","max-video-preview":"max-video-preview:-1"},"canonical":"https:\/\/www.schilliger.ch\/fr\/mentionslegales\/","og_locale":"fr_FR","og_type":"article","og_title":"Mentions l\u00e9gales - Schilliger CH","og_description":"Schilliger Holz AG Haltikon 33 6403 K\u00fcssnacht am Rigi www.schilliger.ch Production CLT, Bois lamell\u00e9 coll\u00e9, bois massif, raboterie.","og_url":"https:\/\/www.schilliger.ch\/fr\/mentionslegales\/","og_site_name":"Schilliger CH","article_modified_time":"2022-05-09T07:12:24+00:00","twitter_card":"summary","twitter_misc":{"Dur\u00e9e de lecture est.":"2 minutes"},"schema":{"@context":"https:\/\/schema.org","@graph":[{"@type":"WebSite","@id":"https:\/\/www.schilliger.ch\/fr\/#website","url":"https:\/\/www.schilliger.ch\/fr\/","name":"Schilliger CH","description":"Kompetenz und Innovation. Holz und Mehr.","potentialAction":[{"@type":"SearchAction","target":{"@type":"EntryPoint","urlTemplate":"https:\/\/www.schilliger.ch\/fr\/?s={search_term_string}"},"query-input":"required name=search_term_string"}],"inLanguage":"fr-FR"},{"@type":"WebPage","@id":"https:\/\/www.schilliger.ch\/fr\/mentionslegales\/#webpage","url":"https:\/\/www.schilliger.ch\/fr\/mentionslegales\/","name":"Mentions l\u00e9gales - Schilliger CH","isPartOf":{"@id":"https:\/\/www.schilliger.ch\/fr\/#website"},"datePublished":"2016-10-20T07:17:06+00:00","dateModified":"2022-05-09T07:12:24+00:00","description":"Schilliger Holz AG Haltikon 33 6403 K\u00fcssnacht am Rigi www.schilliger.ch Production CLT, Bois lamell\u00e9 coll\u00e9, bois massif, raboterie.","breadcrumb":{"@id":"https:\/\/www.schilliger.ch\/fr\/mentionslegales\/#breadcrumb"},"inLanguage":"fr-FR","potentialAction":[{"@type":"ReadAction","target":["https:\/\/www.schilliger.ch\/fr\/mentionslegales\/"]}]},{"@type":"BreadcrumbList","@id":"https:\/\/www.schilliger.ch\/fr\/mentionslegales\/#breadcrumb","itemListElement":[{"@type":"ListItem","position":1,"name":"Accueil","item":"https:\/\/www.schilliger.ch\/fr\/"},{"@type":"ListItem","position":2,"name":"Mentions l\u00e9gales"}]}]}},"_links":{"self":[{"href":"https:\/\/www.schilliger.ch\/fr\/wp-json\/wp\/v2\/pages\/698","targetHints":{"allow":["GET"]}}],"collection":[{"href":"https:\/\/www.schilliger.ch\/fr\/wp-json\/wp\/v2\/pages"}],"about":[{"href":"https:\/\/www.schilliger.ch\/fr\/wp-json\/wp\/v2\/types\/page"}],"author":[{"embeddable":true,"href":"https:\/\/www.schilliger.ch\/fr\/wp-json\/wp\/v2\/users\/1"}],"replies":[{"embeddable":true,"href":"https:\/\/www.schilliger.ch\/fr\/wp-json\/wp\/v2\/comments?post=698"}],"version-history":[{"count":4,"href":"https:\/\/www.schilliger.ch\/fr\/wp-json\/wp\/v2\/pages\/698\/revisions"}],"predecessor-version":[{"id":6462,"href":"https:\/\/www.schilliger.ch\/fr\/wp-json\/wp\/v2\/pages\/698\/revisions\/6462"}],"wp:attachment":[{"href":"https:\/\/www.schilliger.ch\/fr\/wp-json\/wp\/v2\/media?parent=698"}],"curies":[{"name":"wp","href":"https:\/\/api.w.org\/{rel}","templated":true}]}}