{"id":716,"date":"2016-12-29T09:01:56","date_gmt":"2016-12-29T08:01:56","guid":{"rendered":"http:\/\/www.schilliger.ch\/rundholz\/sortimente\/"},"modified":"2022-01-10T15:14:32","modified_gmt":"2022-01-10T14:14:32","slug":"types-de-bois","status":"publish","type":"page","link":"https:\/\/www.schilliger.ch\/fr\/bois-rond\/types-de-bois\/","title":{"rendered":"Types de bois"},"content":{"rendered":"<div class=\"fusion-fullwidth fullwidth-box fusion-builder-row-1 nonhundred-percent-fullwidth non-hundred-percent-height-scrolling\" style=\"--awb-background-position:left top;--awb-border-sizes-top:0px;--awb-border-sizes-bottom:0px;--awb-border-sizes-left:0px;--awb-border-sizes-right:0px;--awb-border-radius-top-left:0px;--awb-border-radius-top-right:0px;--awb-border-radius-bottom-right:0px;--awb-border-radius-bottom-left:0px;--awb-padding-top:100px;--awb-padding-bottom:100px;--awb-flex-wrap:wrap;\" ><div class=\"fusion-builder-row fusion-row\"><div class=\"fusion-layout-column fusion_builder_column fusion-builder-column-0 fusion_builder_column_3_5 3_5 fusion-three-fifth fusion-column-first content--left\" style=\"--awb-bg-size:cover;width:58.4%; margin-right: 4%;\"><div class=\"fusion-column-wrapper fusion-flex-column-wrapper-legacy\"><div class=\"fusion-title title fusion-title-1 fusion-sep-none fusion-title-text fusion-title-size-two\"><h2 class=\"fusion-title-heading title-heading-left fusion-responsive-typography-calculated\" style=\"margin:0;--fontSize:36;line-height:1.5;\">Types de bois<\/h2><\/div><div class=\"fusion-text fusion-text-1\"><p><strong>Longueurs<\/strong><\/p>\n<ul>\n<li>Billons (L1): Longueur principale 5 m. quelques 4 m et 6 m sont accept\u00e9s<\/li>\n<li>Billons (L2) : Double-longueur 10 m. quelques 8 m, 9 m, 11 m et 12 m sont accept\u00e9s. Ces bois sont g\u00e9n\u00e9ralement cub\u00e9s en billons apr\u00e8s d\u00e9coupe.<\/li>\n<\/ul>\n<ul>\n<li>Bois long (L3) : Longueurs \u00e0 partir de 15 m. Classes de diam\u00e8tre principalement entre 3a et 4.<\/li>\n<\/ul>\n<p>Surmesure : minimum 2% de la longueur et pour les billons minimum 10 cm<\/p>\n<p><strong>\u00a0<\/strong><\/p>\n<p><strong>Diam\u00e8tre<\/strong><\/p>\n<p>Au parc \u00e0 grumes petits bois situ\u00e9 \u00e0 Haltikon, nous acceptons les bois ayant <strong>un diam\u00e8tre fin bout entre 16 cm et 35 cm sous \u00e9corce<\/strong>.<\/p>\n<p>Les bois ayant <strong>un diam\u00e8tre fin bout compris entre 35 cm et 70 cm<\/strong> doivent \u00eatre livr\u00e9s sur notre parc \u00e0 grumes gros bois situ\u00e9 \u00e0 Perlen.<\/p>\n<p>Cela implique que dans les coupes d\u2019une certaine importance, les petits bois et les gros bois soient d\u00e9bard\u00e9s \u00e0 part.<\/p>\n<\/div><div class=\"fusion-clearfix\"><\/div><\/div><\/div><div class=\"fusion-layout-column fusion_builder_column fusion-builder-column-1 fusion_builder_column_2_5 2_5 fusion-two-fifth fusion-column-last\" style=\"--awb-bg-size:cover;width:37.6%;\"><div class=\"fusion-column-wrapper fusion-flex-column-wrapper-legacy\"><div class=\"fusion-image-element in-legacy-container\" style=\"--awb-caption-title-font-family:var(--h2_typography-font-family);--awb-caption-title-font-weight:var(--h2_typography-font-weight);--awb-caption-title-font-style:var(--h2_typography-font-style);--awb-caption-title-size:var(--h2_typography-font-size);--awb-caption-title-transform:var(--h2_typography-text-transform);--awb-caption-title-line-height:var(--h2_typography-line-height);--awb-caption-title-letter-spacing:var(--h2_typography-letter-spacing);\"><span class=\" fusion-imageframe imageframe-none imageframe-1 hover-type-zoomin\"><a href=\"http:\/\/www.schilliger.ch\/wp-content\/uploads\/2016\/12\/Abtransport.jpg\" class=\"fusion-lightbox\" data-rel=\"iLightbox[98bf80f74ed99d96a0e]\"><img decoding=\"async\" alt=\"Polter links: Starkholz; Polter rechts: Schwachholz\" src=\"http:\/\/www.schilliger.ch\/wp-content\/uploads\/2016\/12\/Abtransport.jpg\" class=\"img-responsive\"\/><\/a><\/span><\/div><div class=\"fusion-clearfix\"><\/div><\/div><\/div><\/div><\/div>\n","protected":false},"excerpt":{"rendered":"","protected":false},"author":1,"featured_media":0,"parent":701,"menu_order":0,"comment_status":"closed","ping_status":"closed","template":"100-width.php","meta":{"footnotes":""},"class_list":["post-716","page","type-page","status-publish","hentry"],"yoast_head":"<!-- This site is optimized with the Yoast SEO plugin v16.7 - https:\/\/yoast.com\/wordpress\/plugins\/seo\/ -->\n<title>Types de bois - Schilliger CH<\/title>\n<meta name=\"robots\" content=\"index, follow, max-snippet:-1, max-image-preview:large, max-video-preview:-1\" \/>\n<link rel=\"canonical\" href=\"https:\/\/www.schilliger.ch\/fr\/bois-rond\/types-de-bois\/\" \/>\n<meta property=\"og:locale\" content=\"fr_FR\" \/>\n<meta property=\"og:type\" content=\"article\" \/>\n<meta property=\"og:title\" content=\"Types de bois - Schilliger CH\" \/>\n<meta property=\"og:url\" content=\"https:\/\/www.schilliger.ch\/fr\/bois-rond\/types-de-bois\/\" \/>\n<meta property=\"og:site_name\" content=\"Schilliger CH\" \/>\n<meta property=\"article:modified_time\" content=\"2022-01-10T14:14:32+00:00\" \/>\n<meta property=\"og:image\" content=\"http:\/\/www.schilliger.ch\/wp-content\/uploads\/2016\/12\/Abtransport.jpg\" \/>\n<meta name=\"twitter:card\" content=\"summary\" \/>\n<meta name=\"twitter:label1\" content=\"Dur\u00e9e de lecture est.\" \/>\n\t<meta name=\"twitter:data1\" content=\"2 minutes\" \/>\n<script type=\"application\/ld+json\" class=\"yoast-schema-graph\">{\"@context\":\"https:\/\/schema.org\",\"@graph\":[{\"@type\":\"WebSite\",\"@id\":\"https:\/\/www.schilliger.ch\/fr\/#website\",\"url\":\"https:\/\/www.schilliger.ch\/fr\/\",\"name\":\"Schilliger CH\",\"description\":\"Kompetenz und Innovation. Holz und Mehr.\",\"potentialAction\":[{\"@type\":\"SearchAction\",\"target\":{\"@type\":\"EntryPoint\",\"urlTemplate\":\"https:\/\/www.schilliger.ch\/fr\/?s={search_term_string}\"},\"query-input\":\"required name=search_term_string\"}],\"inLanguage\":\"fr-FR\"},{\"@type\":\"ImageObject\",\"@id\":\"https:\/\/www.schilliger.ch\/fr\/bois-rond\/types-de-bois\/#primaryimage\",\"inLanguage\":\"fr-FR\",\"url\":\"http:\/\/www.schilliger.ch\/wp-content\/uploads\/2016\/12\/Abtransport.jpg\",\"contentUrl\":\"http:\/\/www.schilliger.ch\/wp-content\/uploads\/2016\/12\/Abtransport.jpg\"},{\"@type\":\"WebPage\",\"@id\":\"https:\/\/www.schilliger.ch\/fr\/bois-rond\/types-de-bois\/#webpage\",\"url\":\"https:\/\/www.schilliger.ch\/fr\/bois-rond\/types-de-bois\/\",\"name\":\"Types de bois - Schilliger CH\",\"isPartOf\":{\"@id\":\"https:\/\/www.schilliger.ch\/fr\/#website\"},\"primaryImageOfPage\":{\"@id\":\"https:\/\/www.schilliger.ch\/fr\/bois-rond\/types-de-bois\/#primaryimage\"},\"datePublished\":\"2016-12-29T08:01:56+00:00\",\"dateModified\":\"2022-01-10T14:14:32+00:00\",\"breadcrumb\":{\"@id\":\"https:\/\/www.schilliger.ch\/fr\/bois-rond\/types-de-bois\/#breadcrumb\"},\"inLanguage\":\"fr-FR\",\"potentialAction\":[{\"@type\":\"ReadAction\",\"target\":[\"https:\/\/www.schilliger.ch\/fr\/bois-rond\/types-de-bois\/\"]}]},{\"@type\":\"BreadcrumbList\",\"@id\":\"https:\/\/www.schilliger.ch\/fr\/bois-rond\/types-de-bois\/#breadcrumb\",\"itemListElement\":[{\"@type\":\"ListItem\",\"position\":1,\"name\":\"Accueil\",\"item\":\"https:\/\/www.schilliger.ch\/fr\/\"},{\"@type\":\"ListItem\",\"position\":2,\"name\":\"Bois rond\",\"item\":\"https:\/\/www.schilliger.ch\/fr\/bois-rond\/\"},{\"@type\":\"ListItem\",\"position\":3,\"name\":\"Types de bois\"}]}]}<\/script>\n<!-- \/ Yoast SEO plugin. -->","yoast_head_json":{"title":"Types de bois - Schilliger CH","robots":{"index":"index","follow":"follow","max-snippet":"max-snippet:-1","max-image-preview":"max-image-preview:large","max-video-preview":"max-video-preview:-1"},"canonical":"https:\/\/www.schilliger.ch\/fr\/bois-rond\/types-de-bois\/","og_locale":"fr_FR","og_type":"article","og_title":"Types de bois - Schilliger CH","og_url":"https:\/\/www.schilliger.ch\/fr\/bois-rond\/types-de-bois\/","og_site_name":"Schilliger CH","article_modified_time":"2022-01-10T14:14:32+00:00","og_image":[{"url":"http:\/\/www.schilliger.ch\/wp-content\/uploads\/2016\/12\/Abtransport.jpg"}],"twitter_card":"summary","twitter_misc":{"Dur\u00e9e de lecture est.":"2 minutes"},"schema":{"@context":"https:\/\/schema.org","@graph":[{"@type":"WebSite","@id":"https:\/\/www.schilliger.ch\/fr\/#website","url":"https:\/\/www.schilliger.ch\/fr\/","name":"Schilliger CH","description":"Kompetenz und Innovation. Holz und Mehr.","potentialAction":[{"@type":"SearchAction","target":{"@type":"EntryPoint","urlTemplate":"https:\/\/www.schilliger.ch\/fr\/?s={search_term_string}"},"query-input":"required name=search_term_string"}],"inLanguage":"fr-FR"},{"@type":"ImageObject","@id":"https:\/\/www.schilliger.ch\/fr\/bois-rond\/types-de-bois\/#primaryimage","inLanguage":"fr-FR","url":"http:\/\/www.schilliger.ch\/wp-content\/uploads\/2016\/12\/Abtransport.jpg","contentUrl":"http:\/\/www.schilliger.ch\/wp-content\/uploads\/2016\/12\/Abtransport.jpg"},{"@type":"WebPage","@id":"https:\/\/www.schilliger.ch\/fr\/bois-rond\/types-de-bois\/#webpage","url":"https:\/\/www.schilliger.ch\/fr\/bois-rond\/types-de-bois\/","name":"Types de bois - Schilliger CH","isPartOf":{"@id":"https:\/\/www.schilliger.ch\/fr\/#website"},"primaryImageOfPage":{"@id":"https:\/\/www.schilliger.ch\/fr\/bois-rond\/types-de-bois\/#primaryimage"},"datePublished":"2016-12-29T08:01:56+00:00","dateModified":"2022-01-10T14:14:32+00:00","breadcrumb":{"@id":"https:\/\/www.schilliger.ch\/fr\/bois-rond\/types-de-bois\/#breadcrumb"},"inLanguage":"fr-FR","potentialAction":[{"@type":"ReadAction","target":["https:\/\/www.schilliger.ch\/fr\/bois-rond\/types-de-bois\/"]}]},{"@type":"BreadcrumbList","@id":"https:\/\/www.schilliger.ch\/fr\/bois-rond\/types-de-bois\/#breadcrumb","itemListElement":[{"@type":"ListItem","position":1,"name":"Accueil","item":"https:\/\/www.schilliger.ch\/fr\/"},{"@type":"ListItem","position":2,"name":"Bois rond","item":"https:\/\/www.schilliger.ch\/fr\/bois-rond\/"},{"@type":"ListItem","position":3,"name":"Types de bois"}]}]}},"_links":{"self":[{"href":"https:\/\/www.schilliger.ch\/fr\/wp-json\/wp\/v2\/pages\/716","targetHints":{"allow":["GET"]}}],"collection":[{"href":"https:\/\/www.schilliger.ch\/fr\/wp-json\/wp\/v2\/pages"}],"about":[{"href":"https:\/\/www.schilliger.ch\/fr\/wp-json\/wp\/v2\/types\/page"}],"author":[{"embeddable":true,"href":"https:\/\/www.schilliger.ch\/fr\/wp-json\/wp\/v2\/users\/1"}],"replies":[{"embeddable":true,"href":"https:\/\/www.schilliger.ch\/fr\/wp-json\/wp\/v2\/comments?post=716"}],"version-history":[{"count":5,"href":"https:\/\/www.schilliger.ch\/fr\/wp-json\/wp\/v2\/pages\/716\/revisions"}],"predecessor-version":[{"id":5879,"href":"https:\/\/www.schilliger.ch\/fr\/wp-json\/wp\/v2\/pages\/716\/revisions\/5879"}],"up":[{"embeddable":true,"href":"https:\/\/www.schilliger.ch\/fr\/wp-json\/wp\/v2\/pages\/701"}],"wp:attachment":[{"href":"https:\/\/www.schilliger.ch\/fr\/wp-json\/wp\/v2\/media?parent=716"}],"curies":[{"name":"wp","href":"https:\/\/api.w.org\/{rel}","templated":true}]}}