{"id":723,"date":"2016-12-29T09:19:59","date_gmt":"2016-12-29T08:19:59","guid":{"rendered":"http:\/\/www.schilliger.ch\/rundholz\/polterverwaltung\/"},"modified":"2022-01-10T15:15:44","modified_gmt":"2022-01-10T14:15:44","slug":"gestion-du-stock","status":"publish","type":"page","link":"https:\/\/www.schilliger.ch\/fr\/bois-rond\/gestion-du-stock\/","title":{"rendered":"Gestion du stock"},"content":{"rendered":"<div class=\"fusion-fullwidth fullwidth-box fusion-builder-row-1 nonhundred-percent-fullwidth non-hundred-percent-height-scrolling\" style=\"--awb-background-position:left top;--awb-border-sizes-top:0px;--awb-border-sizes-bottom:0px;--awb-border-sizes-left:0px;--awb-border-sizes-right:0px;--awb-border-radius-top-left:0px;--awb-border-radius-top-right:0px;--awb-border-radius-bottom-right:0px;--awb-border-radius-bottom-left:0px;--awb-padding-top:100px;--awb-padding-bottom:100px;--awb-flex-wrap:wrap;\" ><div class=\"fusion-builder-row fusion-row\"><div class=\"fusion-layout-column fusion_builder_column fusion-builder-column-0 fusion_builder_column_3_5 3_5 fusion-three-fifth fusion-column-first content--left\" style=\"--awb-bg-size:cover;width:58.4%; margin-right: 4%;\"><div class=\"fusion-column-wrapper fusion-flex-column-wrapper-legacy\"><div class=\"fusion-title title fusion-title-1 fusion-sep-none fusion-title-text fusion-title-size-two\"><h2 class=\"fusion-title-heading title-heading-left fusion-responsive-typography-calculated\" style=\"margin:0;--fontSize:36;line-height:1.5;\">Gestion du stock<\/h2><\/div><div class=\"fusion-text fusion-text-1\"><p>Gr\u00e2ce au programme Netlogistik, le fournisseur peut coordonner au mieux l\u2019enl\u00e8vement des bois en for\u00eat avec Schilliger Holz AG.<\/p>\n<ul>\n<li>Le fournisseur annonce ses volumes par internet.<\/li>\n<li>Nous saisissons les piles de bois dans le syst\u00e8me Netlogistik.<\/li>\n<li>Nous assurons l\u2019enl\u00e8vement des bois dans un d\u00e9lai de deux \u00e0 huit semaines.<\/li>\n<\/ul>\n<p>Gr\u00e2ce au programme Netlogistik, tous les acteurs de la cha\u00eene sont inform\u00e9s en temps r\u00e9el de l\u2019\u00e9tat d\u2019avancement de l\u2019enl\u00e8vement. Ce transfert optimis\u00e9 de donn\u00e9es facilite \u00e9galement la facturation.<\/p>\n<\/div><div class=\"fusion-clearfix\"><\/div><\/div><\/div><div class=\"fusion-layout-column fusion_builder_column fusion-builder-column-1 fusion_builder_column_2_5 2_5 fusion-two-fifth fusion-column-last\" style=\"--awb-bg-size:cover;width:37.6%;\"><div class=\"fusion-column-wrapper fusion-flex-column-wrapper-legacy\"><div class=\"fusion-image-element in-legacy-container\" style=\"--awb-caption-title-font-family:var(--h2_typography-font-family);--awb-caption-title-font-weight:var(--h2_typography-font-weight);--awb-caption-title-font-style:var(--h2_typography-font-style);--awb-caption-title-size:var(--h2_typography-font-size);--awb-caption-title-transform:var(--h2_typography-text-transform);--awb-caption-title-line-height:var(--h2_typography-line-height);--awb-caption-title-letter-spacing:var(--h2_typography-letter-spacing);\"><span class=\" fusion-imageframe imageframe-none imageframe-1 hover-type-zoomin\"><a href=\"http:\/\/www.schilliger.ch\/wp-content\/uploads\/2016\/12\/netlogistik.jpg\" class=\"fusion-lightbox\" data-rel=\"iLightbox[4bb44ece0135b388cff]\" data-title=\"netlogistik\" title=\"netlogistik\"><img decoding=\"async\" width=\"800\" height=\"533\" src=\"http:\/\/www.schilliger.ch\/wp-content\/uploads\/2016\/12\/netlogistik.jpg\" alt class=\"img-responsive wp-image-7890\" srcset=\"https:\/\/www.schilliger.ch\/wp-content\/uploads\/2016\/12\/netlogistik-200x133.jpg 200w, https:\/\/www.schilliger.ch\/wp-content\/uploads\/2016\/12\/netlogistik-400x267.jpg 400w, https:\/\/www.schilliger.ch\/wp-content\/uploads\/2016\/12\/netlogistik-600x400.jpg 600w, https:\/\/www.schilliger.ch\/wp-content\/uploads\/2016\/12\/netlogistik.jpg 800w\" sizes=\"(max-width: 800px) 100vw, 600px\" \/><\/a><\/span><\/div><div class=\"fusion-text fusion-text-2\"><p style=\"text-align: center;\"><i>Netlogistik dans un camion de bois rond<\/i><\/p>\n<\/div><div class=\"fusion-clearfix\"><\/div><\/div><\/div><\/div><\/div>\n","protected":false},"excerpt":{"rendered":"","protected":false},"author":1,"featured_media":0,"parent":701,"menu_order":0,"comment_status":"closed","ping_status":"closed","template":"100-width.php","meta":{"footnotes":""},"class_list":["post-723","page","type-page","status-publish","hentry"],"yoast_head":"<!-- This site is optimized with the Yoast SEO plugin v16.7 - https:\/\/yoast.com\/wordpress\/plugins\/seo\/ -->\n<title>Gestion du stock - Schilliger CH<\/title>\n<meta name=\"robots\" content=\"index, follow, max-snippet:-1, max-image-preview:large, max-video-preview:-1\" \/>\n<link rel=\"canonical\" href=\"https:\/\/www.schilliger.ch\/fr\/bois-rond\/gestion-du-stock\/\" \/>\n<meta property=\"og:locale\" content=\"fr_FR\" \/>\n<meta property=\"og:type\" content=\"article\" \/>\n<meta property=\"og:title\" content=\"Gestion du stock - Schilliger CH\" \/>\n<meta property=\"og:url\" content=\"https:\/\/www.schilliger.ch\/fr\/bois-rond\/gestion-du-stock\/\" \/>\n<meta property=\"og:site_name\" content=\"Schilliger CH\" \/>\n<meta property=\"article:modified_time\" content=\"2022-01-10T14:15:44+00:00\" \/>\n<meta name=\"twitter:card\" content=\"summary\" \/>\n<meta name=\"twitter:label1\" content=\"Dur\u00e9e de lecture est.\" \/>\n\t<meta name=\"twitter:data1\" content=\"3 minutes\" \/>\n<script type=\"application\/ld+json\" class=\"yoast-schema-graph\">{\"@context\":\"https:\/\/schema.org\",\"@graph\":[{\"@type\":\"WebSite\",\"@id\":\"https:\/\/www.schilliger.ch\/fr\/#website\",\"url\":\"https:\/\/www.schilliger.ch\/fr\/\",\"name\":\"Schilliger CH\",\"description\":\"Kompetenz und Innovation. Holz und Mehr.\",\"potentialAction\":[{\"@type\":\"SearchAction\",\"target\":{\"@type\":\"EntryPoint\",\"urlTemplate\":\"https:\/\/www.schilliger.ch\/fr\/?s={search_term_string}\"},\"query-input\":\"required name=search_term_string\"}],\"inLanguage\":\"fr-FR\"},{\"@type\":\"WebPage\",\"@id\":\"https:\/\/www.schilliger.ch\/fr\/bois-rond\/gestion-du-stock\/#webpage\",\"url\":\"https:\/\/www.schilliger.ch\/fr\/bois-rond\/gestion-du-stock\/\",\"name\":\"Gestion du stock - Schilliger CH\",\"isPartOf\":{\"@id\":\"https:\/\/www.schilliger.ch\/fr\/#website\"},\"datePublished\":\"2016-12-29T08:19:59+00:00\",\"dateModified\":\"2022-01-10T14:15:44+00:00\",\"breadcrumb\":{\"@id\":\"https:\/\/www.schilliger.ch\/fr\/bois-rond\/gestion-du-stock\/#breadcrumb\"},\"inLanguage\":\"fr-FR\",\"potentialAction\":[{\"@type\":\"ReadAction\",\"target\":[\"https:\/\/www.schilliger.ch\/fr\/bois-rond\/gestion-du-stock\/\"]}]},{\"@type\":\"BreadcrumbList\",\"@id\":\"https:\/\/www.schilliger.ch\/fr\/bois-rond\/gestion-du-stock\/#breadcrumb\",\"itemListElement\":[{\"@type\":\"ListItem\",\"position\":1,\"name\":\"Accueil\",\"item\":\"https:\/\/www.schilliger.ch\/fr\/\"},{\"@type\":\"ListItem\",\"position\":2,\"name\":\"Bois rond\",\"item\":\"https:\/\/www.schilliger.ch\/fr\/bois-rond\/\"},{\"@type\":\"ListItem\",\"position\":3,\"name\":\"Gestion du stock\"}]}]}<\/script>\n<!-- \/ Yoast SEO plugin. -->","yoast_head_json":{"title":"Gestion du stock - Schilliger CH","robots":{"index":"index","follow":"follow","max-snippet":"max-snippet:-1","max-image-preview":"max-image-preview:large","max-video-preview":"max-video-preview:-1"},"canonical":"https:\/\/www.schilliger.ch\/fr\/bois-rond\/gestion-du-stock\/","og_locale":"fr_FR","og_type":"article","og_title":"Gestion du stock - Schilliger CH","og_url":"https:\/\/www.schilliger.ch\/fr\/bois-rond\/gestion-du-stock\/","og_site_name":"Schilliger CH","article_modified_time":"2022-01-10T14:15:44+00:00","twitter_card":"summary","twitter_misc":{"Dur\u00e9e de lecture est.":"3 minutes"},"schema":{"@context":"https:\/\/schema.org","@graph":[{"@type":"WebSite","@id":"https:\/\/www.schilliger.ch\/fr\/#website","url":"https:\/\/www.schilliger.ch\/fr\/","name":"Schilliger CH","description":"Kompetenz und Innovation. Holz und Mehr.","potentialAction":[{"@type":"SearchAction","target":{"@type":"EntryPoint","urlTemplate":"https:\/\/www.schilliger.ch\/fr\/?s={search_term_string}"},"query-input":"required name=search_term_string"}],"inLanguage":"fr-FR"},{"@type":"WebPage","@id":"https:\/\/www.schilliger.ch\/fr\/bois-rond\/gestion-du-stock\/#webpage","url":"https:\/\/www.schilliger.ch\/fr\/bois-rond\/gestion-du-stock\/","name":"Gestion du stock - Schilliger CH","isPartOf":{"@id":"https:\/\/www.schilliger.ch\/fr\/#website"},"datePublished":"2016-12-29T08:19:59+00:00","dateModified":"2022-01-10T14:15:44+00:00","breadcrumb":{"@id":"https:\/\/www.schilliger.ch\/fr\/bois-rond\/gestion-du-stock\/#breadcrumb"},"inLanguage":"fr-FR","potentialAction":[{"@type":"ReadAction","target":["https:\/\/www.schilliger.ch\/fr\/bois-rond\/gestion-du-stock\/"]}]},{"@type":"BreadcrumbList","@id":"https:\/\/www.schilliger.ch\/fr\/bois-rond\/gestion-du-stock\/#breadcrumb","itemListElement":[{"@type":"ListItem","position":1,"name":"Accueil","item":"https:\/\/www.schilliger.ch\/fr\/"},{"@type":"ListItem","position":2,"name":"Bois rond","item":"https:\/\/www.schilliger.ch\/fr\/bois-rond\/"},{"@type":"ListItem","position":3,"name":"Gestion du stock"}]}]}},"_links":{"self":[{"href":"https:\/\/www.schilliger.ch\/fr\/wp-json\/wp\/v2\/pages\/723","targetHints":{"allow":["GET"]}}],"collection":[{"href":"https:\/\/www.schilliger.ch\/fr\/wp-json\/wp\/v2\/pages"}],"about":[{"href":"https:\/\/www.schilliger.ch\/fr\/wp-json\/wp\/v2\/types\/page"}],"author":[{"embeddable":true,"href":"https:\/\/www.schilliger.ch\/fr\/wp-json\/wp\/v2\/users\/1"}],"replies":[{"embeddable":true,"href":"https:\/\/www.schilliger.ch\/fr\/wp-json\/wp\/v2\/comments?post=723"}],"version-history":[{"count":6,"href":"https:\/\/www.schilliger.ch\/fr\/wp-json\/wp\/v2\/pages\/723\/revisions"}],"predecessor-version":[{"id":5887,"href":"https:\/\/www.schilliger.ch\/fr\/wp-json\/wp\/v2\/pages\/723\/revisions\/5887"}],"up":[{"embeddable":true,"href":"https:\/\/www.schilliger.ch\/fr\/wp-json\/wp\/v2\/pages\/701"}],"wp:attachment":[{"href":"https:\/\/www.schilliger.ch\/fr\/wp-json\/wp\/v2\/media?parent=723"}],"curies":[{"name":"wp","href":"https:\/\/api.w.org\/{rel}","templated":true}]}}