{"id":730,"date":"2016-12-29T09:25:47","date_gmt":"2016-12-29T08:25:47","guid":{"rendered":"http:\/\/www.schilliger.ch\/rundholz\/vermessung\/"},"modified":"2025-01-28T15:05:33","modified_gmt":"2025-01-28T14:05:33","slug":"cubage","status":"publish","type":"page","link":"https:\/\/www.schilliger.ch\/fr\/bois-rond\/cubage\/","title":{"rendered":"Cubage"},"content":{"rendered":"<div class=\"fusion-fullwidth fullwidth-box fusion-builder-row-1 nonhundred-percent-fullwidth non-hundred-percent-height-scrolling\" style=\"--awb-background-position:left top;--awb-border-sizes-top:0px;--awb-border-sizes-bottom:0px;--awb-border-sizes-left:0px;--awb-border-sizes-right:0px;--awb-border-radius-top-left:0px;--awb-border-radius-top-right:0px;--awb-border-radius-bottom-right:0px;--awb-border-radius-bottom-left:0px;--awb-padding-top:100px;--awb-padding-bottom:100px;--awb-flex-wrap:wrap;\" ><div class=\"fusion-builder-row fusion-row\"><div class=\"fusion-layout-column fusion_builder_column fusion-builder-column-0 fusion_builder_column_3_5 3_5 fusion-three-fifth fusion-column-first content--left\" style=\"--awb-bg-size:cover;width:58.4%; margin-right: 4%;\"><div class=\"fusion-column-wrapper fusion-flex-column-wrapper-legacy\"><div class=\"fusion-title title fusion-title-1 fusion-sep-none fusion-title-text fusion-title-size-two\"><h2 class=\"fusion-title-heading title-heading-left fusion-responsive-typography-calculated\" style=\"margin:0;--fontSize:36;line-height:1.5;\">Cubage<\/h2><\/div><div class=\"fusion-text fusion-text-1\" style=\"--awb-text-transform:none;\"><p>Le bois rond est cub\u00e9 chez nous en scierie. Les mesures des longueurs et des diam\u00e8tres sont ainsi effectu\u00e9es \u00e9lectroniquement. Au m\u00eame moment, les bois sont class\u00e9s selon leur qualit\u00e9 par notre personnel qualifi\u00e9 en suivant les \u201eUsages suisses du commerce du bois brut\u201c du 1.9.2021.<\/p>\n<p>Nos cubeurs sont \u00e9quip\u00e9s des technologies les plus r\u00e9centes et sont r\u00e9guli\u00e8rement calibr\u00e9s.<\/p>\n<\/div><div class=\"fusion-clearfix\"><\/div><\/div><\/div><div class=\"fusion-layout-column fusion_builder_column fusion-builder-column-1 fusion_builder_column_2_5 2_5 fusion-two-fifth fusion-column-last\" style=\"--awb-bg-size:cover;width:37.6%;\"><div class=\"fusion-column-wrapper fusion-flex-column-wrapper-legacy\"><div class=\"fusion-image-element in-legacy-container\" style=\"--awb-caption-title-font-family:var(--h2_typography-font-family);--awb-caption-title-font-weight:var(--h2_typography-font-weight);--awb-caption-title-font-style:var(--h2_typography-font-style);--awb-caption-title-size:var(--h2_typography-font-size);--awb-caption-title-transform:var(--h2_typography-text-transform);--awb-caption-title-line-height:var(--h2_typography-line-height);--awb-caption-title-letter-spacing:var(--h2_typography-letter-spacing);\"><span class=\" fusion-imageframe imageframe-none imageframe-1 hover-type-zoomin\"><a href=\"http:\/\/www.schilliger.ch\/wp-content\/uploads\/2016\/12\/003.jpg\" class=\"fusion-lightbox\" data-rel=\"iLightbox[b0b3638d537fc35a346]\"><img decoding=\"async\" src=\"http:\/\/www.schilliger.ch\/wp-content\/uploads\/2016\/12\/003.jpg\" alt class=\"img-responsive\"\/><\/a><\/span><\/div><div class=\"fusion-clearfix\"><\/div><\/div><\/div><div class=\"fusion-layout-column fusion_builder_column fusion-builder-column-2 fusion_builder_column_2_5 2_5 fusion-two-fifth fusion-column-first\" style=\"--awb-bg-size:cover;width:37.6%; margin-right: 4%;\"><div class=\"fusion-column-wrapper fusion-flex-column-wrapper-legacy\"><div class=\"fusion-image-element in-legacy-container\" style=\"--awb-caption-title-font-family:var(--h2_typography-font-family);--awb-caption-title-font-weight:var(--h2_typography-font-weight);--awb-caption-title-font-style:var(--h2_typography-font-style);--awb-caption-title-size:var(--h2_typography-font-size);--awb-caption-title-transform:var(--h2_typography-text-transform);--awb-caption-title-line-height:var(--h2_typography-line-height);--awb-caption-title-letter-spacing:var(--h2_typography-letter-spacing);\"><span class=\" fusion-imageframe imageframe-none imageframe-2 hover-type-zoomin\"><a href=\"http:\/\/www.schilliger.ch\/wp-content\/uploads\/2016\/12\/005.jpg\" class=\"fusion-lightbox\" data-rel=\"iLightbox[97a3f53a1fc6ddf97a9]\"><img decoding=\"async\" src=\"http:\/\/www.schilliger.ch\/wp-content\/uploads\/2016\/12\/005.jpg\" alt class=\"img-responsive\"\/><\/a><\/span><\/div><div class=\"fusion-clearfix\"><\/div><\/div><\/div><\/div><\/div>\n","protected":false},"excerpt":{"rendered":"","protected":false},"author":1,"featured_media":0,"parent":701,"menu_order":0,"comment_status":"closed","ping_status":"closed","template":"100-width.php","meta":{"footnotes":""},"class_list":["post-730","page","type-page","status-publish","hentry"],"yoast_head":"<!-- This site is optimized with the Yoast SEO plugin v16.7 - https:\/\/yoast.com\/wordpress\/plugins\/seo\/ -->\n<title>Cubage - Schilliger CH<\/title>\n<meta name=\"robots\" content=\"index, follow, max-snippet:-1, max-image-preview:large, max-video-preview:-1\" \/>\n<link rel=\"canonical\" href=\"https:\/\/www.schilliger.ch\/fr\/bois-rond\/cubage\/\" \/>\n<meta property=\"og:locale\" content=\"fr_FR\" \/>\n<meta property=\"og:type\" content=\"article\" \/>\n<meta property=\"og:title\" content=\"Cubage - Schilliger CH\" \/>\n<meta property=\"og:url\" content=\"https:\/\/www.schilliger.ch\/fr\/bois-rond\/cubage\/\" \/>\n<meta property=\"og:site_name\" content=\"Schilliger CH\" \/>\n<meta property=\"article:modified_time\" content=\"2025-01-28T14:05:33+00:00\" \/>\n<meta property=\"og:image\" content=\"http:\/\/www.schilliger.ch\/wp-content\/uploads\/2016\/12\/003.jpg\" \/>\n<meta name=\"twitter:card\" content=\"summary\" \/>\n<meta name=\"twitter:label1\" content=\"Dur\u00e9e de lecture est.\" \/>\n\t<meta name=\"twitter:data1\" content=\"2 minutes\" \/>\n<script type=\"application\/ld+json\" class=\"yoast-schema-graph\">{\"@context\":\"https:\/\/schema.org\",\"@graph\":[{\"@type\":\"WebSite\",\"@id\":\"https:\/\/www.schilliger.ch\/fr\/#website\",\"url\":\"https:\/\/www.schilliger.ch\/fr\/\",\"name\":\"Schilliger CH\",\"description\":\"Kompetenz und Innovation. Holz und Mehr.\",\"potentialAction\":[{\"@type\":\"SearchAction\",\"target\":{\"@type\":\"EntryPoint\",\"urlTemplate\":\"https:\/\/www.schilliger.ch\/fr\/?s={search_term_string}\"},\"query-input\":\"required name=search_term_string\"}],\"inLanguage\":\"fr-FR\"},{\"@type\":\"ImageObject\",\"@id\":\"https:\/\/www.schilliger.ch\/fr\/bois-rond\/cubage\/#primaryimage\",\"inLanguage\":\"fr-FR\",\"url\":\"http:\/\/www.schilliger.ch\/wp-content\/uploads\/2016\/12\/003.jpg\",\"contentUrl\":\"http:\/\/www.schilliger.ch\/wp-content\/uploads\/2016\/12\/003.jpg\"},{\"@type\":\"WebPage\",\"@id\":\"https:\/\/www.schilliger.ch\/fr\/bois-rond\/cubage\/#webpage\",\"url\":\"https:\/\/www.schilliger.ch\/fr\/bois-rond\/cubage\/\",\"name\":\"Cubage - Schilliger CH\",\"isPartOf\":{\"@id\":\"https:\/\/www.schilliger.ch\/fr\/#website\"},\"primaryImageOfPage\":{\"@id\":\"https:\/\/www.schilliger.ch\/fr\/bois-rond\/cubage\/#primaryimage\"},\"datePublished\":\"2016-12-29T08:25:47+00:00\",\"dateModified\":\"2025-01-28T14:05:33+00:00\",\"breadcrumb\":{\"@id\":\"https:\/\/www.schilliger.ch\/fr\/bois-rond\/cubage\/#breadcrumb\"},\"inLanguage\":\"fr-FR\",\"potentialAction\":[{\"@type\":\"ReadAction\",\"target\":[\"https:\/\/www.schilliger.ch\/fr\/bois-rond\/cubage\/\"]}]},{\"@type\":\"BreadcrumbList\",\"@id\":\"https:\/\/www.schilliger.ch\/fr\/bois-rond\/cubage\/#breadcrumb\",\"itemListElement\":[{\"@type\":\"ListItem\",\"position\":1,\"name\":\"Accueil\",\"item\":\"https:\/\/www.schilliger.ch\/fr\/\"},{\"@type\":\"ListItem\",\"position\":2,\"name\":\"Bois rond\",\"item\":\"https:\/\/www.schilliger.ch\/fr\/bois-rond\/\"},{\"@type\":\"ListItem\",\"position\":3,\"name\":\"Cubage\"}]}]}<\/script>\n<!-- \/ Yoast SEO plugin. -->","yoast_head_json":{"title":"Cubage - Schilliger CH","robots":{"index":"index","follow":"follow","max-snippet":"max-snippet:-1","max-image-preview":"max-image-preview:large","max-video-preview":"max-video-preview:-1"},"canonical":"https:\/\/www.schilliger.ch\/fr\/bois-rond\/cubage\/","og_locale":"fr_FR","og_type":"article","og_title":"Cubage - Schilliger CH","og_url":"https:\/\/www.schilliger.ch\/fr\/bois-rond\/cubage\/","og_site_name":"Schilliger CH","article_modified_time":"2025-01-28T14:05:33+00:00","og_image":[{"url":"http:\/\/www.schilliger.ch\/wp-content\/uploads\/2016\/12\/003.jpg"}],"twitter_card":"summary","twitter_misc":{"Dur\u00e9e de lecture est.":"2 minutes"},"schema":{"@context":"https:\/\/schema.org","@graph":[{"@type":"WebSite","@id":"https:\/\/www.schilliger.ch\/fr\/#website","url":"https:\/\/www.schilliger.ch\/fr\/","name":"Schilliger CH","description":"Kompetenz und Innovation. Holz und Mehr.","potentialAction":[{"@type":"SearchAction","target":{"@type":"EntryPoint","urlTemplate":"https:\/\/www.schilliger.ch\/fr\/?s={search_term_string}"},"query-input":"required name=search_term_string"}],"inLanguage":"fr-FR"},{"@type":"ImageObject","@id":"https:\/\/www.schilliger.ch\/fr\/bois-rond\/cubage\/#primaryimage","inLanguage":"fr-FR","url":"http:\/\/www.schilliger.ch\/wp-content\/uploads\/2016\/12\/003.jpg","contentUrl":"http:\/\/www.schilliger.ch\/wp-content\/uploads\/2016\/12\/003.jpg"},{"@type":"WebPage","@id":"https:\/\/www.schilliger.ch\/fr\/bois-rond\/cubage\/#webpage","url":"https:\/\/www.schilliger.ch\/fr\/bois-rond\/cubage\/","name":"Cubage - Schilliger CH","isPartOf":{"@id":"https:\/\/www.schilliger.ch\/fr\/#website"},"primaryImageOfPage":{"@id":"https:\/\/www.schilliger.ch\/fr\/bois-rond\/cubage\/#primaryimage"},"datePublished":"2016-12-29T08:25:47+00:00","dateModified":"2025-01-28T14:05:33+00:00","breadcrumb":{"@id":"https:\/\/www.schilliger.ch\/fr\/bois-rond\/cubage\/#breadcrumb"},"inLanguage":"fr-FR","potentialAction":[{"@type":"ReadAction","target":["https:\/\/www.schilliger.ch\/fr\/bois-rond\/cubage\/"]}]},{"@type":"BreadcrumbList","@id":"https:\/\/www.schilliger.ch\/fr\/bois-rond\/cubage\/#breadcrumb","itemListElement":[{"@type":"ListItem","position":1,"name":"Accueil","item":"https:\/\/www.schilliger.ch\/fr\/"},{"@type":"ListItem","position":2,"name":"Bois rond","item":"https:\/\/www.schilliger.ch\/fr\/bois-rond\/"},{"@type":"ListItem","position":3,"name":"Cubage"}]}]}},"_links":{"self":[{"href":"https:\/\/www.schilliger.ch\/fr\/wp-json\/wp\/v2\/pages\/730","targetHints":{"allow":["GET"]}}],"collection":[{"href":"https:\/\/www.schilliger.ch\/fr\/wp-json\/wp\/v2\/pages"}],"about":[{"href":"https:\/\/www.schilliger.ch\/fr\/wp-json\/wp\/v2\/types\/page"}],"author":[{"embeddable":true,"href":"https:\/\/www.schilliger.ch\/fr\/wp-json\/wp\/v2\/users\/1"}],"replies":[{"embeddable":true,"href":"https:\/\/www.schilliger.ch\/fr\/wp-json\/wp\/v2\/comments?post=730"}],"version-history":[{"count":5,"href":"https:\/\/www.schilliger.ch\/fr\/wp-json\/wp\/v2\/pages\/730\/revisions"}],"predecessor-version":[{"id":12325,"href":"https:\/\/www.schilliger.ch\/fr\/wp-json\/wp\/v2\/pages\/730\/revisions\/12325"}],"up":[{"embeddable":true,"href":"https:\/\/www.schilliger.ch\/fr\/wp-json\/wp\/v2\/pages\/701"}],"wp:attachment":[{"href":"https:\/\/www.schilliger.ch\/fr\/wp-json\/wp\/v2\/media?parent=730"}],"curies":[{"name":"wp","href":"https:\/\/api.w.org\/{rel}","templated":true}]}}