{"id":733,"date":"2016-12-29T09:29:03","date_gmt":"2016-12-29T08:29:03","guid":{"rendered":"http:\/\/www.schilliger.ch\/rundholz\/abrechnung\/"},"modified":"2026-04-13T15:02:41","modified_gmt":"2026-04-13T13:02:41","slug":"decomptes","status":"publish","type":"page","link":"https:\/\/www.schilliger.ch\/fr\/bois-rond\/decomptes\/","title":{"rendered":"D\u00e9comptes"},"content":{"rendered":"<div class=\"fusion-fullwidth fullwidth-box fusion-builder-row-1 nonhundred-percent-fullwidth non-hundred-percent-height-scrolling\" style=\"--awb-background-position:left top;--awb-border-sizes-top:0px;--awb-border-sizes-bottom:0px;--awb-border-sizes-left:0px;--awb-border-sizes-right:0px;--awb-border-radius-top-left:0px;--awb-border-radius-top-right:0px;--awb-border-radius-bottom-right:0px;--awb-border-radius-bottom-left:0px;--awb-padding-top:100px;--awb-padding-bottom:100px;--awb-flex-wrap:wrap;\" ><div class=\"fusion-builder-row fusion-row\"><div class=\"fusion-layout-column fusion_builder_column fusion-builder-column-0 fusion_builder_column_2_3 2_3 fusion-two-third fusion-column-first content--left\" style=\"--awb-bg-size:cover;width:65.3333%; margin-right: 4%;\"><div class=\"fusion-column-wrapper fusion-flex-column-wrapper-legacy\"><div class=\"fusion-title title fusion-title-1 fusion-sep-none fusion-title-text fusion-title-size-two\"><h2 class=\"fusion-title-heading title-heading-left fusion-responsive-typography-calculated\" style=\"margin:0;--fontSize:36;line-height:1.5;\">D\u00e9comptes<\/h2><\/div><div class=\"fusion-text fusion-text-1\"><p>Le protocole de cubage est la base servant \u00e0 l\u2019\u00e9tablissement des d\u00e9comptes. Les donn\u00e9es relatives aux livraisons de chaque fournisseur sont synth\u00e9tis\u00e9es chaque fin de mois. Au d\u00e9but du mois suivant, les d\u00e9comptes correspondant aux livraisons de bois rond sont envoy\u00e9s au fournisseur. Parall\u00e8lement, le fournisseur re\u00e7oit par mail les protocoles de cubage d\u00e9taill\u00e9s. Le paiement est effectu\u00e9 \u00e0 30 jours apr\u00e8s l\u2019envoi des d\u00e9comptes avec 2% d\u2019escompte.<\/p>\n<\/div><div class=\"fusion-clearfix\"><\/div><\/div><\/div><div class=\"fusion-layout-column fusion_builder_column fusion-builder-column-1 fusion_builder_column_1_3 1_3 fusion-one-third fusion-column-last\" style=\"--awb-bg-size:cover;width:30.6666%;\"><div class=\"fusion-column-wrapper fusion-flex-column-wrapper-legacy\"><div class=\"fusion-image-element in-legacy-container\" style=\"--awb-caption-title-font-family:var(--h2_typography-font-family);--awb-caption-title-font-weight:var(--h2_typography-font-weight);--awb-caption-title-font-style:var(--h2_typography-font-style);--awb-caption-title-size:var(--h2_typography-font-size);--awb-caption-title-transform:var(--h2_typography-text-transform);--awb-caption-title-line-height:var(--h2_typography-line-height);--awb-caption-title-letter-spacing:var(--h2_typography-letter-spacing);\"><span class=\" fusion-imageframe imageframe-none imageframe-1 hover-type-zoomin\"><a href=\"http:\/\/www.schilliger.ch\/wp-content\/uploads\/2016\/12\/011-683x1024.jpg\" class=\"fusion-lightbox\" data-rel=\"iLightbox[731b8ace40e9fc3a9e6]\" data-title=\"011\" title=\"011\"><img decoding=\"async\" width=\"683\" height=\"1024\" src=\"http:\/\/www.schilliger.ch\/wp-content\/uploads\/2016\/12\/011-683x1024.jpg\" alt class=\"img-responsive wp-image-7770\" srcset=\"https:\/\/www.schilliger.ch\/wp-content\/uploads\/2016\/12\/011-200x300.jpg 200w, https:\/\/www.schilliger.ch\/wp-content\/uploads\/2016\/12\/011-400x600.jpg 400w, https:\/\/www.schilliger.ch\/wp-content\/uploads\/2016\/12\/011-600x900.jpg 600w, https:\/\/www.schilliger.ch\/wp-content\/uploads\/2016\/12\/011.jpg 800w\" sizes=\"(max-width: 800px) 100vw, 400px\" \/><\/a><\/span><\/div><div class=\"fusion-clearfix\"><\/div><\/div><\/div><\/div><\/div>\n","protected":false},"excerpt":{"rendered":"","protected":false},"author":1,"featured_media":0,"parent":701,"menu_order":0,"comment_status":"closed","ping_status":"closed","template":"100-width.php","meta":{"footnotes":""},"class_list":["post-733","page","type-page","status-publish","hentry"],"yoast_head":"<!-- This site is optimized with the Yoast SEO plugin v16.7 - https:\/\/yoast.com\/wordpress\/plugins\/seo\/ -->\n<title>D\u00e9comptes - Schilliger CH<\/title>\n<meta name=\"robots\" content=\"index, follow, max-snippet:-1, max-image-preview:large, max-video-preview:-1\" \/>\n<link rel=\"canonical\" href=\"https:\/\/www.schilliger.ch\/fr\/bois-rond\/decomptes\/\" \/>\n<meta property=\"og:locale\" content=\"fr_FR\" \/>\n<meta property=\"og:type\" content=\"article\" \/>\n<meta property=\"og:title\" content=\"D\u00e9comptes - Schilliger CH\" \/>\n<meta property=\"og:url\" content=\"https:\/\/www.schilliger.ch\/fr\/bois-rond\/decomptes\/\" \/>\n<meta property=\"og:site_name\" content=\"Schilliger CH\" \/>\n<meta property=\"article:modified_time\" content=\"2026-04-13T13:02:41+00:00\" \/>\n<meta name=\"twitter:card\" content=\"summary\" \/>\n<meta name=\"twitter:label1\" content=\"Dur\u00e9e de lecture est.\" \/>\n\t<meta name=\"twitter:data1\" content=\"3 minutes\" \/>\n<script type=\"application\/ld+json\" class=\"yoast-schema-graph\">{\"@context\":\"https:\/\/schema.org\",\"@graph\":[{\"@type\":\"WebSite\",\"@id\":\"https:\/\/www.schilliger.ch\/fr\/#website\",\"url\":\"https:\/\/www.schilliger.ch\/fr\/\",\"name\":\"Schilliger CH\",\"description\":\"Kompetenz und Innovation. Holz und Mehr.\",\"potentialAction\":[{\"@type\":\"SearchAction\",\"target\":{\"@type\":\"EntryPoint\",\"urlTemplate\":\"https:\/\/www.schilliger.ch\/fr\/?s={search_term_string}\"},\"query-input\":\"required name=search_term_string\"}],\"inLanguage\":\"fr-FR\"},{\"@type\":\"WebPage\",\"@id\":\"https:\/\/www.schilliger.ch\/fr\/bois-rond\/decomptes\/#webpage\",\"url\":\"https:\/\/www.schilliger.ch\/fr\/bois-rond\/decomptes\/\",\"name\":\"D\\u00e9comptes - Schilliger CH\",\"isPartOf\":{\"@id\":\"https:\/\/www.schilliger.ch\/fr\/#website\"},\"datePublished\":\"2016-12-29T08:29:03+00:00\",\"dateModified\":\"2026-04-13T13:02:41+00:00\",\"breadcrumb\":{\"@id\":\"https:\/\/www.schilliger.ch\/fr\/bois-rond\/decomptes\/#breadcrumb\"},\"inLanguage\":\"fr-FR\",\"potentialAction\":[{\"@type\":\"ReadAction\",\"target\":[\"https:\/\/www.schilliger.ch\/fr\/bois-rond\/decomptes\/\"]}]},{\"@type\":\"BreadcrumbList\",\"@id\":\"https:\/\/www.schilliger.ch\/fr\/bois-rond\/decomptes\/#breadcrumb\",\"itemListElement\":[{\"@type\":\"ListItem\",\"position\":1,\"name\":\"Accueil\",\"item\":\"https:\/\/www.schilliger.ch\/fr\/\"},{\"@type\":\"ListItem\",\"position\":2,\"name\":\"Bois rond\",\"item\":\"https:\/\/www.schilliger.ch\/fr\/bois-rond\/\"},{\"@type\":\"ListItem\",\"position\":3,\"name\":\"D\\u00e9comptes\"}]}]}<\/script>\n<!-- \/ Yoast SEO plugin. -->","yoast_head_json":{"title":"D\u00e9comptes - Schilliger CH","robots":{"index":"index","follow":"follow","max-snippet":"max-snippet:-1","max-image-preview":"max-image-preview:large","max-video-preview":"max-video-preview:-1"},"canonical":"https:\/\/www.schilliger.ch\/fr\/bois-rond\/decomptes\/","og_locale":"fr_FR","og_type":"article","og_title":"D\u00e9comptes - Schilliger CH","og_url":"https:\/\/www.schilliger.ch\/fr\/bois-rond\/decomptes\/","og_site_name":"Schilliger CH","article_modified_time":"2026-04-13T13:02:41+00:00","twitter_card":"summary","twitter_misc":{"Dur\u00e9e de lecture est.":"3 minutes"},"schema":{"@context":"https:\/\/schema.org","@graph":[{"@type":"WebSite","@id":"https:\/\/www.schilliger.ch\/fr\/#website","url":"https:\/\/www.schilliger.ch\/fr\/","name":"Schilliger CH","description":"Kompetenz und Innovation. Holz und Mehr.","potentialAction":[{"@type":"SearchAction","target":{"@type":"EntryPoint","urlTemplate":"https:\/\/www.schilliger.ch\/fr\/?s={search_term_string}"},"query-input":"required name=search_term_string"}],"inLanguage":"fr-FR"},{"@type":"WebPage","@id":"https:\/\/www.schilliger.ch\/fr\/bois-rond\/decomptes\/#webpage","url":"https:\/\/www.schilliger.ch\/fr\/bois-rond\/decomptes\/","name":"D\u00e9comptes - Schilliger CH","isPartOf":{"@id":"https:\/\/www.schilliger.ch\/fr\/#website"},"datePublished":"2016-12-29T08:29:03+00:00","dateModified":"2026-04-13T13:02:41+00:00","breadcrumb":{"@id":"https:\/\/www.schilliger.ch\/fr\/bois-rond\/decomptes\/#breadcrumb"},"inLanguage":"fr-FR","potentialAction":[{"@type":"ReadAction","target":["https:\/\/www.schilliger.ch\/fr\/bois-rond\/decomptes\/"]}]},{"@type":"BreadcrumbList","@id":"https:\/\/www.schilliger.ch\/fr\/bois-rond\/decomptes\/#breadcrumb","itemListElement":[{"@type":"ListItem","position":1,"name":"Accueil","item":"https:\/\/www.schilliger.ch\/fr\/"},{"@type":"ListItem","position":2,"name":"Bois rond","item":"https:\/\/www.schilliger.ch\/fr\/bois-rond\/"},{"@type":"ListItem","position":3,"name":"D\u00e9comptes"}]}]}},"_links":{"self":[{"href":"https:\/\/www.schilliger.ch\/fr\/wp-json\/wp\/v2\/pages\/733","targetHints":{"allow":["GET"]}}],"collection":[{"href":"https:\/\/www.schilliger.ch\/fr\/wp-json\/wp\/v2\/pages"}],"about":[{"href":"https:\/\/www.schilliger.ch\/fr\/wp-json\/wp\/v2\/types\/page"}],"author":[{"embeddable":true,"href":"https:\/\/www.schilliger.ch\/fr\/wp-json\/wp\/v2\/users\/1"}],"replies":[{"embeddable":true,"href":"https:\/\/www.schilliger.ch\/fr\/wp-json\/wp\/v2\/comments?post=733"}],"version-history":[{"count":6,"href":"https:\/\/www.schilliger.ch\/fr\/wp-json\/wp\/v2\/pages\/733\/revisions"}],"predecessor-version":[{"id":14037,"href":"https:\/\/www.schilliger.ch\/fr\/wp-json\/wp\/v2\/pages\/733\/revisions\/14037"}],"up":[{"embeddable":true,"href":"https:\/\/www.schilliger.ch\/fr\/wp-json\/wp\/v2\/pages\/701"}],"wp:attachment":[{"href":"https:\/\/www.schilliger.ch\/fr\/wp-json\/wp\/v2\/media?parent=733"}],"curies":[{"name":"wp","href":"https:\/\/api.w.org\/{rel}","templated":true}]}}