{"id":1483,"date":"2016-12-28T16:09:27","date_gmt":"2016-12-28T15:09:27","guid":{"rendered":"http:\/\/www.schilliger.ch\/raw-material\/"},"modified":"2024-08-13T15:29:12","modified_gmt":"2024-08-13T13:29:12","slug":"materia-prima","status":"publish","type":"page","link":"https:\/\/www.schilliger.ch\/it\/prodotti\/materia-prima\/","title":{"rendered":"Materia prima"},"content":{"rendered":"<div class=\"fusion-fullwidth fullwidth-box fusion-builder-row-1 nonhundred-percent-fullwidth non-hundred-percent-height-scrolling\" style=\"--awb-background-position:left top;--awb-border-sizes-top:0px;--awb-border-sizes-bottom:0px;--awb-border-sizes-left:0px;--awb-border-sizes-right:0px;--awb-border-radius-top-left:0px;--awb-border-radius-top-right:0px;--awb-border-radius-bottom-right:0px;--awb-border-radius-bottom-left:0px;--awb-padding-top:80px;--awb-padding-bottom:50px;--awb-flex-wrap:wrap;\" ><div class=\"fusion-builder-row fusion-row\"><div class=\"fusion-layout-column fusion_builder_column fusion-builder-column-0 fusion_builder_column_1_2 1_2 fusion-one-half fusion-column-first content--left\" style=\"--awb-bg-size:cover;width:48%; margin-right: 4%;\"><div class=\"fusion-column-wrapper fusion-flex-column-wrapper-legacy\"><div class=\"fusion-title title fusion-title-1 fusion-sep-none fusion-title-text fusion-title-size-two\"><h2 class=\"fusion-title-heading title-heading-left fusion-responsive-typography-calculated\" style=\"margin:0;--fontSize:36;line-height:1.5;\">Legno materia prima del futuro &#8230;<\/h2><\/div><div class=\"fusion-text fusion-text-1\" style=\"--awb-text-transform:none;\"><p>Il legno, una risorsa naturale in costante crescita, rappresenta una fonte preziosa di materia prima ed energia. Nei nostri stabilimenti, ci impegniamo a utilizzare esclusivamente legno proveniente da foreste gestite in modo sostenibile, garantendo la sua provenienza attraverso certificazioni FSC.<\/p>\n<p>Il legno \u00e8 pi\u00f9 di un semplice materiale: \u00e8 un alleato nella lotta contro il cambiamento climatico. Ogni metro cubo di legno agisce come un deposito di CO2, contribuendo a stabilizzare il nostro clima. Dopo il suo utilizzo in costruzioni o come vettore energetico, il legno continua a svolgere un ruolo cruciale nella cattura e nell&#8217;immagazzinamento di CO2.<\/p>\n<p>La foresta nella nostra regione non \u00e8 solo una fonte di materiale grezzo, ma anche un ambiente multifunzionale, per i visitatori, preserva la biodiversit\u00e0, protegge le risorse idriche e fornisce habitat a numerosi animali e piante\u00a0 rare.<\/p>\n<p>Unisciti a noi nel promuovere e sfruttare in modo responsabile le risorse naturali, costruendo un futuro sostenibile e rispettuoso dell&#8217;ambiente.<\/p>\n<\/div><div class=\"fusion-clearfix\"><\/div><\/div><\/div><div class=\"fusion-layout-column fusion_builder_column fusion-builder-column-1 fusion_builder_column_1_2 1_2 fusion-one-half fusion-column-last\" style=\"--awb-bg-size:cover;width:48%;\"><div class=\"fusion-column-wrapper fusion-flex-column-wrapper-legacy\"><div class=\"fusion-slider-sc fusion-flexslider-loading flexslider flexslider-hover-type-none\" data-slideshow_autoplay=\"1\" data-slideshow_smooth_height=\"0\" data-slideshow_speed=\"7000\" style=\"max-width:100%;height:100%;\"><ul class=\"slides\"><li class=\"image\"><span class=\"fusion-image-hover-element hover-type-none\"><img decoding=\"async\" src=\"https:\/\/www.schilliger.ch\/wp-content\/uploads\/2024\/05\/P5280470-scaled.jpg\" width=\"2560\" height=\"1920\" class=\"wp-image-11442\" srcset=\"https:\/\/www.schilliger.ch\/wp-content\/uploads\/2024\/05\/P5280470-200x150.jpg 200w, https:\/\/www.schilliger.ch\/wp-content\/uploads\/2024\/05\/P5280470-400x300.jpg 400w, https:\/\/www.schilliger.ch\/wp-content\/uploads\/2024\/05\/P5280470-600x450.jpg 600w, https:\/\/www.schilliger.ch\/wp-content\/uploads\/2024\/05\/P5280470-800x600.jpg 800w, https:\/\/www.schilliger.ch\/wp-content\/uploads\/2024\/05\/P5280470-1200x900.jpg 1200w, https:\/\/www.schilliger.ch\/wp-content\/uploads\/2024\/05\/P5280470-scaled.jpg 2560w\" sizes=\"(max-width: 800px) 100vw, 600px\" \/><\/span><\/li><\/ul><\/div><div class=\"fusion-clearfix\"><\/div><\/div><\/div><\/div><\/div>\n","protected":false},"excerpt":{"rendered":"","protected":false},"author":1,"featured_media":0,"parent":1508,"menu_order":0,"comment_status":"closed","ping_status":"closed","template":"100-width.php","meta":{"footnotes":""},"class_list":["post-1483","page","type-page","status-publish","hentry"],"yoast_head":"<!-- This site is optimized with the Yoast SEO plugin v16.7 - https:\/\/yoast.com\/wordpress\/plugins\/seo\/ -->\n<title>Materia prima - Schilliger CH<\/title>\n<meta name=\"robots\" content=\"index, follow, max-snippet:-1, max-image-preview:large, max-video-preview:-1\" \/>\n<link rel=\"canonical\" href=\"https:\/\/www.schilliger.ch\/it\/prodotti\/materia-prima\/\" \/>\n<meta property=\"og:locale\" content=\"it_IT\" \/>\n<meta property=\"og:type\" content=\"article\" \/>\n<meta property=\"og:title\" content=\"Materia prima - Schilliger CH\" \/>\n<meta property=\"og:url\" content=\"https:\/\/www.schilliger.ch\/it\/prodotti\/materia-prima\/\" \/>\n<meta property=\"og:site_name\" content=\"Schilliger CH\" \/>\n<meta property=\"article:modified_time\" content=\"2024-08-13T13:29:12+00:00\" \/>\n<meta name=\"twitter:card\" content=\"summary\" \/>\n<meta name=\"twitter:label1\" content=\"Tempo di lettura stimato\" \/>\n\t<meta name=\"twitter:data1\" content=\"2 minuti\" \/>\n<script type=\"application\/ld+json\" class=\"yoast-schema-graph\">{\"@context\":\"https:\/\/schema.org\",\"@graph\":[{\"@type\":\"WebSite\",\"@id\":\"https:\/\/www.schilliger.ch\/it\/#website\",\"url\":\"https:\/\/www.schilliger.ch\/it\/\",\"name\":\"Schilliger CH\",\"description\":\"Kompetenz und Innovation. Holz und Mehr.\",\"potentialAction\":[{\"@type\":\"SearchAction\",\"target\":{\"@type\":\"EntryPoint\",\"urlTemplate\":\"https:\/\/www.schilliger.ch\/it\/?s={search_term_string}\"},\"query-input\":\"required name=search_term_string\"}],\"inLanguage\":\"it-IT\"},{\"@type\":\"WebPage\",\"@id\":\"https:\/\/www.schilliger.ch\/it\/prodotti\/materia-prima\/#webpage\",\"url\":\"https:\/\/www.schilliger.ch\/it\/prodotti\/materia-prima\/\",\"name\":\"Materia prima - Schilliger CH\",\"isPartOf\":{\"@id\":\"https:\/\/www.schilliger.ch\/it\/#website\"},\"datePublished\":\"2016-12-28T15:09:27+00:00\",\"dateModified\":\"2024-08-13T13:29:12+00:00\",\"breadcrumb\":{\"@id\":\"https:\/\/www.schilliger.ch\/it\/prodotti\/materia-prima\/#breadcrumb\"},\"inLanguage\":\"it-IT\",\"potentialAction\":[{\"@type\":\"ReadAction\",\"target\":[\"https:\/\/www.schilliger.ch\/it\/prodotti\/materia-prima\/\"]}]},{\"@type\":\"BreadcrumbList\",\"@id\":\"https:\/\/www.schilliger.ch\/it\/prodotti\/materia-prima\/#breadcrumb\",\"itemListElement\":[{\"@type\":\"ListItem\",\"position\":1,\"name\":\"Accueil\",\"item\":\"https:\/\/www.schilliger.ch\/it\/\"},{\"@type\":\"ListItem\",\"position\":2,\"name\":\"Prodotti\",\"item\":\"https:\/\/www.schilliger.ch\/it\/prodotti\/\"},{\"@type\":\"ListItem\",\"position\":3,\"name\":\"Materia prima\"}]}]}<\/script>\n<!-- \/ Yoast SEO plugin. -->","yoast_head_json":{"title":"Materia prima - Schilliger CH","robots":{"index":"index","follow":"follow","max-snippet":"max-snippet:-1","max-image-preview":"max-image-preview:large","max-video-preview":"max-video-preview:-1"},"canonical":"https:\/\/www.schilliger.ch\/it\/prodotti\/materia-prima\/","og_locale":"it_IT","og_type":"article","og_title":"Materia prima - Schilliger CH","og_url":"https:\/\/www.schilliger.ch\/it\/prodotti\/materia-prima\/","og_site_name":"Schilliger CH","article_modified_time":"2024-08-13T13:29:12+00:00","twitter_card":"summary","twitter_misc":{"Tempo di lettura stimato":"2 minuti"},"schema":{"@context":"https:\/\/schema.org","@graph":[{"@type":"WebSite","@id":"https:\/\/www.schilliger.ch\/it\/#website","url":"https:\/\/www.schilliger.ch\/it\/","name":"Schilliger CH","description":"Kompetenz und Innovation. Holz und Mehr.","potentialAction":[{"@type":"SearchAction","target":{"@type":"EntryPoint","urlTemplate":"https:\/\/www.schilliger.ch\/it\/?s={search_term_string}"},"query-input":"required name=search_term_string"}],"inLanguage":"it-IT"},{"@type":"WebPage","@id":"https:\/\/www.schilliger.ch\/it\/prodotti\/materia-prima\/#webpage","url":"https:\/\/www.schilliger.ch\/it\/prodotti\/materia-prima\/","name":"Materia prima - Schilliger CH","isPartOf":{"@id":"https:\/\/www.schilliger.ch\/it\/#website"},"datePublished":"2016-12-28T15:09:27+00:00","dateModified":"2024-08-13T13:29:12+00:00","breadcrumb":{"@id":"https:\/\/www.schilliger.ch\/it\/prodotti\/materia-prima\/#breadcrumb"},"inLanguage":"it-IT","potentialAction":[{"@type":"ReadAction","target":["https:\/\/www.schilliger.ch\/it\/prodotti\/materia-prima\/"]}]},{"@type":"BreadcrumbList","@id":"https:\/\/www.schilliger.ch\/it\/prodotti\/materia-prima\/#breadcrumb","itemListElement":[{"@type":"ListItem","position":1,"name":"Accueil","item":"https:\/\/www.schilliger.ch\/it\/"},{"@type":"ListItem","position":2,"name":"Prodotti","item":"https:\/\/www.schilliger.ch\/it\/prodotti\/"},{"@type":"ListItem","position":3,"name":"Materia prima"}]}]}},"_links":{"self":[{"href":"https:\/\/www.schilliger.ch\/it\/wp-json\/wp\/v2\/pages\/1483","targetHints":{"allow":["GET"]}}],"collection":[{"href":"https:\/\/www.schilliger.ch\/it\/wp-json\/wp\/v2\/pages"}],"about":[{"href":"https:\/\/www.schilliger.ch\/it\/wp-json\/wp\/v2\/types\/page"}],"author":[{"embeddable":true,"href":"https:\/\/www.schilliger.ch\/it\/wp-json\/wp\/v2\/users\/1"}],"replies":[{"embeddable":true,"href":"https:\/\/www.schilliger.ch\/it\/wp-json\/wp\/v2\/comments?post=1483"}],"version-history":[{"count":9,"href":"https:\/\/www.schilliger.ch\/it\/wp-json\/wp\/v2\/pages\/1483\/revisions"}],"predecessor-version":[{"id":11712,"href":"https:\/\/www.schilliger.ch\/it\/wp-json\/wp\/v2\/pages\/1483\/revisions\/11712"}],"up":[{"embeddable":true,"href":"https:\/\/www.schilliger.ch\/it\/wp-json\/wp\/v2\/pages\/1508"}],"wp:attachment":[{"href":"https:\/\/www.schilliger.ch\/it\/wp-json\/wp\/v2\/media?parent=1483"}],"curies":[{"name":"wp","href":"https:\/\/api.w.org\/{rel}","templated":true}]}}