{"id":1583,"date":"2016-10-27T14:25:56","date_gmt":"2016-10-27T12:25:56","guid":{"rendered":"http:\/\/www.schilliger.ch\/en-bref\/"},"modified":"2024-11-28T10:53:54","modified_gmt":"2024-11-28T09:53:54","slug":"insomma","status":"publish","type":"page","link":"https:\/\/www.schilliger.ch\/it\/azienda\/insomma\/","title":{"rendered":"Chi siamo"},"content":{"rendered":"<p><div class=\"fusion-fullwidth fullwidth-box fusion-builder-row-1 nonhundred-percent-fullwidth non-hundred-percent-height-scrolling\" style=\"--awb-background-position:left top;--awb-border-sizes-top:0px;--awb-border-sizes-bottom:0px;--awb-border-sizes-left:0px;--awb-border-sizes-right:0px;--awb-border-radius-top-left:0px;--awb-border-radius-top-right:0px;--awb-border-radius-bottom-right:0px;--awb-border-radius-bottom-left:0px;--awb-padding-top:80px;--awb-padding-bottom:50px;--awb-flex-wrap:wrap;\" ><div class=\"fusion-builder-row fusion-row\"><div class=\"fusion-layout-column fusion_builder_column fusion-builder-column-0 fusion_builder_column_1_2 1_2 fusion-one-half fusion-column-first content--left\" style=\"--awb-bg-size:cover;width:48%; margin-right: 4%;\"><div class=\"fusion-column-wrapper fusion-flex-column-wrapper-legacy\"><div class=\"fusion-title title fusion-title-1 fusion-sep-none fusion-title-text fusion-title-size-two\"><h2 class=\"fusion-title-heading title-heading-left fusion-responsive-typography-calculated\" style=\"margin:0;--fontSize:36;line-height:1.5;\"><strong>Amiamo il legno dal 1861<\/strong><\/h2><\/div><div class=\"fusion-text fusion-text-1\" style=\"--awb-text-transform:none;\"><p>Benvenuti nella nostra pagina web, dove la passione e l&#8217;esperienza di quasi un secolo e mezzo si incontrano per offrirvi il meglio nel campo della costruzione modulare in legno e della bioedilizia. Nel corso degli anni abbiamo costantemente ampliato il nostro assortimento, diventando oggi un punto di riferimento europeo nel settore.<\/p>\n<p>Ci distinguamo per la produzione di elementi ad alta tecnologia, progettati per garantire la massima qualit\u00e0 e sostenibilit\u00e0 nei vostri progetti edilizi. La nostra gamma di prodotti \u00e8 stata accuramente sviluppata per rispondere alle esigenze moderne, offrendo soluzioni innovative e affidabili per la costruzione di edifici in legno.<\/p>\n<p>Con una moderna flotta di autoarticolati, assicuriamo un efficiente trasporto dei nostri materiali nei mercati dell&#8217;Europa Centrale e del Nord Italia, garantendo tempi di consegna rapidi e affidabili.<\/p>\n<p>Il nostro team \u00e8 composto da professionisti altamente qualificati e specialisti nel campo della costruzione in legno, ingegneria delle superfici e finiture, produzione e logistica.<\/p>\n<p>Siamo pronti ad affrontare una vasta gamma di sfide per garantire la tua soddisfazione e il successo dei tuoi progetti.<\/p>\n<p>Scegli la qualit\u00e0 e l&#8217;esperienza di Schilliger Holz per le tue costruzioni in legno e bioedilizia.<\/p>\n<\/div><div class=\"fusion-clearfix\"><\/div><\/div><\/div><div class=\"fusion-layout-column fusion_builder_column fusion-builder-column-1 fusion_builder_column_1_2 1_2 fusion-one-half fusion-column-last\" style=\"--awb-bg-size:cover;width:48%;\"><div class=\"fusion-column-wrapper fusion-flex-column-wrapper-legacy\"><div class=\"fusion-slider-sc fusion-flexslider-loading flexslider flexslider-hover-type-none\" data-slideshow_autoplay=\"1\" data-slideshow_smooth_height=\"0\" data-slideshow_speed=\"7000\" style=\"max-width:100%;height:100%;\"><ul class=\"slides\"><li class=\"image\"><span class=\"fusion-image-hover-element hover-type-none\"><img decoding=\"async\" src=\"https:\/\/www.schilliger.ch\/wp-content\/uploads\/2024\/05\/Foto-definitiv-scaled.jpeg\" width=\"2560\" height=\"1919\" class=\"wp-image-11421\" srcset=\"https:\/\/www.schilliger.ch\/wp-content\/uploads\/2024\/05\/Foto-definitiv-200x150.jpeg 200w, https:\/\/www.schilliger.ch\/wp-content\/uploads\/2024\/05\/Foto-definitiv-400x300.jpeg 400w, https:\/\/www.schilliger.ch\/wp-content\/uploads\/2024\/05\/Foto-definitiv-600x450.jpeg 600w, https:\/\/www.schilliger.ch\/wp-content\/uploads\/2024\/05\/Foto-definitiv-800x600.jpeg 800w, https:\/\/www.schilliger.ch\/wp-content\/uploads\/2024\/05\/Foto-definitiv-1200x899.jpeg 1200w, https:\/\/www.schilliger.ch\/wp-content\/uploads\/2024\/05\/Foto-definitiv-scaled.jpeg 2560w\" sizes=\"(max-width: 800px) 100vw, 600px\" \/><\/span><\/li><li class=\"image\"><span class=\"fusion-image-hover-element hover-type-none\"><img decoding=\"async\" src=\"http:\/\/www.schilliger.ch\/wp-content\/uploads\/2016\/10\/LuftPerlen4.jpg\" \/><\/span><\/li><li class=\"image\"><span class=\"fusion-image-hover-element hover-type-none\"><img decoding=\"async\" src=\"http:\/\/www.schilliger.ch\/wp-content\/uploads\/2016\/10\/VH-Luft-SW-hr.jpg\" \/><\/span><\/li><li class=\"image\"><span class=\"fusion-image-hover-element hover-type-none\"><img decoding=\"async\" src=\"https:\/\/www.schilliger.ch\/wp-content\/uploads\/2023\/12\/1000084558.jpg\" width=\"1080\" height=\"687\" class=\"wp-image-10803\" srcset=\"https:\/\/www.schilliger.ch\/wp-content\/uploads\/2023\/12\/1000084558-200x127.jpg 200w, https:\/\/www.schilliger.ch\/wp-content\/uploads\/2023\/12\/1000084558-400x254.jpg 400w, https:\/\/www.schilliger.ch\/wp-content\/uploads\/2023\/12\/1000084558-600x382.jpg 600w, https:\/\/www.schilliger.ch\/wp-content\/uploads\/2023\/12\/1000084558-800x509.jpg 800w, https:\/\/www.schilliger.ch\/wp-content\/uploads\/2023\/12\/1000084558.jpg 1080w\" sizes=\"(max-width: 800px) 100vw, 600px\" \/><\/span><\/li><\/ul><\/div><div class=\"fusion-clearfix\"><\/div><\/div><\/div><\/div><\/div><div class=\"fusion-fullwidth fullwidth-box fusion-builder-row-2 nonhundred-percent-fullwidth non-hundred-percent-height-scrolling\" style=\"--awb-background-position:left top;--awb-border-sizes-top:0px;--awb-border-sizes-bottom:0px;--awb-border-sizes-left:0px;--awb-border-sizes-right:0px;--awb-border-radius-top-left:0px;--awb-border-radius-top-right:0px;--awb-border-radius-bottom-right:0px;--awb-border-radius-bottom-left:0px;--awb-padding-top:50px;--awb-padding-bottom:50px;--awb-flex-wrap:wrap;\" ><div class=\"fusion-builder-row fusion-row\"><div class=\"fusion-layout-column fusion_builder_column fusion-builder-column-2 fusion_builder_column_1_1 1_1 fusion-one-full fusion-column-first fusion-column-last content--left\" style=\"--awb-bg-size:cover;\"><div class=\"fusion-column-wrapper fusion-flex-column-wrapper-legacy\"><div class=\"fusion-sep-clear\"><\/div><div class=\"fusion-separator fusion-full-width-sep\" style=\"margin-left: auto;margin-right: auto;margin-top:10px;width:100%;\"><\/div><div class=\"fusion-sep-clear\"><\/div><div class=\"fusion-button-wrapper\"><a class=\"fusion-button button-flat fusion-button-default-size button-default fusion-button-default button-1 fusion-button-default-span fusion-button-default-type btn-left\" target=\"_blank\" rel=\"noopener noreferrer\" href=\" https:\/\/www.schilliger.ch\/wp-content\/uploads\/2024\/11\/SchilligerHolz-Teaser-2024-A4-IT-V5-Small.pdf\"><i class=\"fa-file-alt fas awb-button__icon awb-button__icon--default button-icon-left\" aria-hidden=\"true\"><\/i><span class=\"fusion-button-text awb-button__text awb-button__text--default\">Brochure Schilliger Holz<\/span><\/a><\/div><div class=\"fusion-sep-clear\"><\/div><div class=\"fusion-separator fusion-full-width-sep\" style=\"margin-left: auto;margin-right: auto;margin-top:10px;width:100%;\"><\/div><div class=\"fusion-sep-clear\"><\/div><div class=\"fusion-button-wrapper\"><a class=\"fusion-button button-flat fusion-button-default-size button-default fusion-button-default button-2 fusion-button-default-span fusion-button-default-type btn-left\" target=\"_blank\" rel=\"noopener noreferrer\" href=\" https:\/\/www.schilliger.ch\/wp-content\/uploads\/2024\/09\/org-schilliger-Konzern-Italienisch.pdf\"><i class=\"fa-file-alt fas awb-button__icon awb-button__icon--default button-icon-left\" aria-hidden=\"true\"><\/i><span class=\"fusion-button-text awb-button__text awb-button__text--default\">Organigramm Schilliger<\/span><\/a><\/div><div class=\"fusion-sep-clear\"><\/div><div class=\"fusion-separator fusion-full-width-sep\" style=\"margin-left: auto;margin-right: auto;margin-top:10px;width:100%;\"><\/div><div class=\"fusion-sep-clear\"><\/div><div class=\"fusion-button-wrapper\"><a class=\"fusion-button button-flat fusion-button-default-size button-default fusion-button-default button-3 fusion-button-default-span fusion-button-default-type btn-left\" target=\"_blank\" rel=\"noopener noreferrer\" href=\" http:\/\/www.schilliger.ch\/wp-content\/uploads\/2021\/10\/Infografik-2021-Schilliger-Holz-AG-franzoesisch.pdf\"><i class=\"fa-file-alt fas awb-button__icon awb-button__icon--default button-icon-left\" aria-hidden=\"true\"><\/i><span class=\"fusion-button-text awb-button__text awb-button__text--default\">INFOGRAFICA <\/span><\/a><\/div><div class=\"fusion-sep-clear\"><\/div><div class=\"fusion-separator fusion-full-width-sep\" style=\"margin-left: auto;margin-right: auto;margin-top:10px;width:100%;\"><\/div><div class=\"fusion-sep-clear\"><\/div><div class=\"fusion-button-wrapper\"><a class=\"fusion-button button-flat fusion-button-default-size button-default fusion-button-default button-4 fusion-button-default-span fusion-button-default-type btn-left\" target=\"_blank\" rel=\"noopener noreferrer\" href=\" http:\/\/www.schilliger.ch\/wp-content\/uploads\/2022\/11\/Fact-sheet-Italienisch-formatiert.pdf\"><i class=\"fa-file-alt fas awb-button__icon awb-button__icon--default button-icon-left\" aria-hidden=\"true\"><\/i><span class=\"fusion-button-text awb-button__text awb-button__text--default\">Fact sheet<\/span><\/a><\/div><div class=\"fusion-clearfix\"><\/div><\/div><\/div><\/div><\/div><\/p>\n","protected":false},"excerpt":{"rendered":"","protected":false},"author":1,"featured_media":0,"parent":1587,"menu_order":0,"comment_status":"closed","ping_status":"closed","template":"100-width.php","meta":{"footnotes":""},"class_list":["post-1583","page","type-page","status-publish","hentry"],"yoast_head":"<!-- This site is optimized with the Yoast SEO plugin v16.7 - https:\/\/yoast.com\/wordpress\/plugins\/seo\/ -->\n<title>Chi siamo - Schilliger CH<\/title>\n<meta name=\"robots\" content=\"index, follow, max-snippet:-1, max-image-preview:large, max-video-preview:-1\" \/>\n<link rel=\"canonical\" href=\"https:\/\/www.schilliger.ch\/it\/azienda\/insomma\/\" \/>\n<meta property=\"og:locale\" content=\"it_IT\" \/>\n<meta property=\"og:type\" content=\"article\" \/>\n<meta property=\"og:title\" content=\"Chi siamo - Schilliger CH\" \/>\n<meta property=\"og:url\" content=\"https:\/\/www.schilliger.ch\/it\/azienda\/insomma\/\" \/>\n<meta property=\"og:site_name\" content=\"Schilliger CH\" \/>\n<meta property=\"article:modified_time\" content=\"2024-11-28T09:53:54+00:00\" \/>\n<meta name=\"twitter:card\" content=\"summary\" \/>\n<meta name=\"twitter:label1\" content=\"Tempo di lettura stimato\" \/>\n\t<meta name=\"twitter:data1\" content=\"3 minuti\" \/>\n<script type=\"application\/ld+json\" class=\"yoast-schema-graph\">{\"@context\":\"https:\/\/schema.org\",\"@graph\":[{\"@type\":\"WebSite\",\"@id\":\"https:\/\/www.schilliger.ch\/it\/#website\",\"url\":\"https:\/\/www.schilliger.ch\/it\/\",\"name\":\"Schilliger CH\",\"description\":\"Kompetenz und Innovation. Holz und Mehr.\",\"potentialAction\":[{\"@type\":\"SearchAction\",\"target\":{\"@type\":\"EntryPoint\",\"urlTemplate\":\"https:\/\/www.schilliger.ch\/it\/?s={search_term_string}\"},\"query-input\":\"required name=search_term_string\"}],\"inLanguage\":\"it-IT\"},{\"@type\":\"WebPage\",\"@id\":\"https:\/\/www.schilliger.ch\/it\/azienda\/insomma\/#webpage\",\"url\":\"https:\/\/www.schilliger.ch\/it\/azienda\/insomma\/\",\"name\":\"Chi siamo - Schilliger CH\",\"isPartOf\":{\"@id\":\"https:\/\/www.schilliger.ch\/it\/#website\"},\"datePublished\":\"2016-10-27T12:25:56+00:00\",\"dateModified\":\"2024-11-28T09:53:54+00:00\",\"breadcrumb\":{\"@id\":\"https:\/\/www.schilliger.ch\/it\/azienda\/insomma\/#breadcrumb\"},\"inLanguage\":\"it-IT\",\"potentialAction\":[{\"@type\":\"ReadAction\",\"target\":[\"https:\/\/www.schilliger.ch\/it\/azienda\/insomma\/\"]}]},{\"@type\":\"BreadcrumbList\",\"@id\":\"https:\/\/www.schilliger.ch\/it\/azienda\/insomma\/#breadcrumb\",\"itemListElement\":[{\"@type\":\"ListItem\",\"position\":1,\"name\":\"Accueil\",\"item\":\"https:\/\/www.schilliger.ch\/it\/\"},{\"@type\":\"ListItem\",\"position\":2,\"name\":\"Azienda\",\"item\":\"https:\/\/www.schilliger.ch\/it\/azienda\/\"},{\"@type\":\"ListItem\",\"position\":3,\"name\":\"Chi siamo\"}]}]}<\/script>\n<!-- \/ Yoast SEO plugin. -->","yoast_head_json":{"title":"Chi siamo - Schilliger CH","robots":{"index":"index","follow":"follow","max-snippet":"max-snippet:-1","max-image-preview":"max-image-preview:large","max-video-preview":"max-video-preview:-1"},"canonical":"https:\/\/www.schilliger.ch\/it\/azienda\/insomma\/","og_locale":"it_IT","og_type":"article","og_title":"Chi siamo - Schilliger CH","og_url":"https:\/\/www.schilliger.ch\/it\/azienda\/insomma\/","og_site_name":"Schilliger CH","article_modified_time":"2024-11-28T09:53:54+00:00","twitter_card":"summary","twitter_misc":{"Tempo di lettura stimato":"3 minuti"},"schema":{"@context":"https:\/\/schema.org","@graph":[{"@type":"WebSite","@id":"https:\/\/www.schilliger.ch\/it\/#website","url":"https:\/\/www.schilliger.ch\/it\/","name":"Schilliger CH","description":"Kompetenz und Innovation. Holz und Mehr.","potentialAction":[{"@type":"SearchAction","target":{"@type":"EntryPoint","urlTemplate":"https:\/\/www.schilliger.ch\/it\/?s={search_term_string}"},"query-input":"required name=search_term_string"}],"inLanguage":"it-IT"},{"@type":"WebPage","@id":"https:\/\/www.schilliger.ch\/it\/azienda\/insomma\/#webpage","url":"https:\/\/www.schilliger.ch\/it\/azienda\/insomma\/","name":"Chi siamo - Schilliger CH","isPartOf":{"@id":"https:\/\/www.schilliger.ch\/it\/#website"},"datePublished":"2016-10-27T12:25:56+00:00","dateModified":"2024-11-28T09:53:54+00:00","breadcrumb":{"@id":"https:\/\/www.schilliger.ch\/it\/azienda\/insomma\/#breadcrumb"},"inLanguage":"it-IT","potentialAction":[{"@type":"ReadAction","target":["https:\/\/www.schilliger.ch\/it\/azienda\/insomma\/"]}]},{"@type":"BreadcrumbList","@id":"https:\/\/www.schilliger.ch\/it\/azienda\/insomma\/#breadcrumb","itemListElement":[{"@type":"ListItem","position":1,"name":"Accueil","item":"https:\/\/www.schilliger.ch\/it\/"},{"@type":"ListItem","position":2,"name":"Azienda","item":"https:\/\/www.schilliger.ch\/it\/azienda\/"},{"@type":"ListItem","position":3,"name":"Chi siamo"}]}]}},"_links":{"self":[{"href":"https:\/\/www.schilliger.ch\/it\/wp-json\/wp\/v2\/pages\/1583","targetHints":{"allow":["GET"]}}],"collection":[{"href":"https:\/\/www.schilliger.ch\/it\/wp-json\/wp\/v2\/pages"}],"about":[{"href":"https:\/\/www.schilliger.ch\/it\/wp-json\/wp\/v2\/types\/page"}],"author":[{"embeddable":true,"href":"https:\/\/www.schilliger.ch\/it\/wp-json\/wp\/v2\/users\/1"}],"replies":[{"embeddable":true,"href":"https:\/\/www.schilliger.ch\/it\/wp-json\/wp\/v2\/comments?post=1583"}],"version-history":[{"count":19,"href":"https:\/\/www.schilliger.ch\/it\/wp-json\/wp\/v2\/pages\/1583\/revisions"}],"predecessor-version":[{"id":12212,"href":"https:\/\/www.schilliger.ch\/it\/wp-json\/wp\/v2\/pages\/1583\/revisions\/12212"}],"up":[{"embeddable":true,"href":"https:\/\/www.schilliger.ch\/it\/wp-json\/wp\/v2\/pages\/1587"}],"wp:attachment":[{"href":"https:\/\/www.schilliger.ch\/it\/wp-json\/wp\/v2\/media?parent=1583"}],"curies":[{"name":"wp","href":"https:\/\/api.w.org\/{rel}","templated":true}]}}