{"id":6586,"date":"2022-06-09T16:17:21","date_gmt":"2022-06-09T14:17:21","guid":{"rendered":"https:\/\/www.schilliger.ch\/privacy-policy\/"},"modified":"2022-06-21T15:00:50","modified_gmt":"2022-06-21T13:00:50","slug":"privacy","status":"publish","type":"page","link":"https:\/\/www.schilliger.ch\/it\/privacy\/","title":{"rendered":"Informativa sulla privacy"},"content":{"rendered":"<div class=\"fusion-fullwidth fullwidth-box fusion-builder-row-1 fusion-flex-container nonhundred-percent-fullwidth non-hundred-percent-height-scrolling\" style=\"--awb-border-radius-top-left:0px;--awb-border-radius-top-right:0px;--awb-border-radius-bottom-right:0px;--awb-border-radius-bottom-left:0px;--awb-flex-wrap:wrap;\" ><div class=\"fusion-builder-row fusion-row fusion-flex-align-items-flex-start fusion-flex-content-wrap\" style=\"max-width:1144px;margin-left: calc(-4% \/ 2 );margin-right: calc(-4% \/ 2 );\"><div class=\"fusion-layout-column fusion_builder_column fusion-builder-column-0 fusion_builder_column_1_1 1_1 fusion-flex-column\" style=\"--awb-bg-size:cover;--awb-width-large:100%;--awb-margin-top-large:0px;--awb-spacing-right-large:1.92%;--awb-margin-bottom-large:20px;--awb-spacing-left-large:1.92%;--awb-width-medium:100%;--awb-order-medium:0;--awb-spacing-right-medium:1.92%;--awb-spacing-left-medium:1.92%;--awb-width-small:100%;--awb-order-small:0;--awb-spacing-right-small:1.92%;--awb-spacing-left-small:1.92%;\"><div class=\"fusion-column-wrapper fusion-column-has-shadow fusion-flex-justify-content-flex-start fusion-content-layout-column\"><div class=\"fusion-text fusion-text-1\" style=\"--awb-text-transform:none;\"><h3>Informativa sulla privacy<\/h3>\n<h3>Chi siamo?<\/h3>\n<p>Questo sito web e i suoi contenuti sono forniti da Schilliger Holz AG. Il punto di contatto responsabile ai sensi delle leggi sulla protezione dei dati, in particolare del Regolamento generale sulla protezione dei dati dell&#8217;UE (DSGVO), \u00e8:<\/p>\n<p>Ernest Schilliger<\/p>\n<p>Haltikon 33<\/p>\n<p>6403 K\u00fcssnacht am Rigi<\/p>\n<p>E-mail: info@schilliger.ch<\/p>\n<p>Sito web: www.schilliger.ch<\/p>\n<h3>Quali dati personali raccogliamo e perch\u00e9 li raccogliamo<\/h3>\n<p>Quando si accede a questo sito web, vengono raccolte automaticamente informazioni di carattere generale. Queste informazioni vengono registrate nel file di log del server e comprendono il tipo di browser web, il sistema operativo utilizzato, il nome del dominio del vostro provider di servizi Internet, il vostro indirizzo IP e simili.<\/p>\n<p>Questo per il seguente motivo:<\/p>\n<p>Assicurarsi che la connessione al sito web sia stabilita senza problemi.<\/p>\n<p>Per garantire il corretto utilizzo del nostro sito web<\/p>\n<p>valutare la sicurezza e la stabilit\u00e0 del sistema e<\/p>\n<p>per altri scopi amministrativi<\/p>\n<p>I vostri dati non saranno utilizzati per trarre conclusioni sulla vostra persona. Le informazioni di questo tipo vengono valutate solo statisticamente per ottimizzare il nostro sito web e la tecnologia che lo sostiene.<\/p>\n<p>Periodo di stoccaggio<\/p>\n<p>I dati vengono cancellati non appena non sono pi\u00f9 necessari per lo scopo per cui sono stati raccolti. Per i dati utilizzati per la fornitura del sito web, ci\u00f2 avviene generalmente al termine della relativa sessione.<\/p>\n<h3>Media<\/h3>\n<p>Se siete un utente registrato e caricate foto su questo sito, dovreste evitare di caricare foto con una posizione EXIF GPS. I visitatori di questo sito web possono scaricare le foto memorizzate su questo sito ed estrarre le informazioni sulla loro posizione.<\/p>\n<h3>Moduli di contatto<\/h3>\n<p>I dati inseriti saranno memorizzati ai fini di una comunicazione individuale con l&#8217;utente. A tal fine, \u00e8 necessario fornire un indirizzo e-mail valido, un numero di telefono e il proprio nome. Questo viene utilizzato per l&#8217;assegnazione della richiesta e la successiva risposta. Il conferimento di ulteriori dati \u00e8 facoltativo.<\/p>\n<h3>Biscotti<\/h3>\n<p>Il nostro sito web utilizza i cookie. I cookie sono file di testo che vengono memorizzati nel browser Internet o dal browser Internet sul sistema informatico dell&#8217;utente. Quando un utente richiama un sito web, un cookie pu\u00f2 essere memorizzato sul sistema operativo dell&#8217;utente. Questo cookie contiene una stringa caratteristica di caratteri che consente di identificare in modo univoco il browser quando si richiama il sito web.<\/p>\n<h3>Utilizzo di librerie di script (Google Webfonts)<\/h3>\n<p>Per visualizzare i nostri contenuti in modo corretto e graficamente accattivante su tutti i browser, su questo sito web utilizziamo &#8220;Google Web Fonts&#8221; di Google LLC (1600 Amphitheatre Parkway, Mountain View, CA 94043, USA; di seguito &#8220;Google&#8221;) per la visualizzazione dei caratteri.<\/p>\n<p>L&#8217;informativa sulla privacy del gestore della biblioteca Google pu\u00f2 essere consultata qui: https:\/\/www.google.com\/policies\/privacy\/<\/p>\n<h3>Utilizzo di Google Analytics<\/h3>\n<p>Questo sito web utilizza Google Analytics, un servizio di analisi web fornito da Google LLC, 1600 Amphitheatre Parkway, Mountain View, CA 94043 USA (di seguito: &#8220;Google&#8221;). Google Analytics utilizza i cosiddetti &#8220;cookie&#8221;, file di testo che vengono depositati sul vostro computer per consentire al sito web di analizzare come gli utenti utilizzano il sito. Le informazioni generate dal cookie sull&#8217;utilizzo di questo sito web da parte dell&#8217;utente vengono solitamente trasmesse a un server di Google negli Stati Uniti e l\u00ec memorizzate. Tuttavia, a causa dell&#8217;attivazione dell&#8217;anonimizzazione dell&#8217;IP su questi siti web, il vostro indirizzo IP verr\u00e0 preventivamente troncato da Google all&#8217;interno degli Stati membri dell&#8217;Unione Europea o in altri Stati contraenti dell&#8217;Accordo sullo Spazio Economico Europeo. Solo in casi eccezionali l&#8217;indirizzo IP completo viene trasmesso a un server di Google negli Stati Uniti e l\u00ec abbreviato. Per conto del gestore di questo sito web, Google utilizzer\u00e0 queste informazioni allo scopo di valutare l&#8217;utilizzo del sito web da parte dell&#8217;utente, compilare report sulle attivit\u00e0 del sito web e fornire altri servizi relativi alle attivit\u00e0 del sito web e all&#8217;utilizzo di Internet al gestore del sito web. L&#8217;indirizzo IP trasmesso dal vostro browser nell&#8217;ambito di Google Analytics non viene unito ad altri dati di Google.<\/p>\n<p>Lo scopo del trattamento dei dati \u00e8 quello di valutare l&#8217;utilizzo del sito web e di compilare rapporti sulle attivit\u00e0 del sito web. Ulteriori servizi associati devono essere forniti sulla base dell&#8217;utilizzo del sito web e di Internet.<\/p>\n<p><strong>Utilizzo di Google Maps<\/strong><\/p>\n<p>Su questo sito web utilizziamo i servizi di Google Maps. Google Maps \u00e8 gestito da Google LLC, 1600 Amphitheatre Parkway, Mountain View, CA 94043, USA (di seguito &#8220;Google&#8221;). Questo ci permette di mostrarvi mappe interattive direttamente sul sito web e vi consente di utilizzare comodamente la funzione mappa.<\/p>\n<p>Ulteriori informazioni sul trattamento dei dati da parte di Google sono disponibili nelle informazioni sulla protezione dei dati di Google. \u00c8 inoltre possibile modificare le impostazioni di protezione dei dati personali nel centro di protezione dei dati.<\/p>\n<h3><strong>Video YouTube incorporati<\/strong><\/h3>\n<p>Su alcuni dei nostri siti web inseriamo video di YouTube. Il gestore dei relativi plugin \u00e8 YouTube, LLC, 901 Cherry Ave, San Bruno, CA 94066, USA (di seguito &#8220;YouTube&#8221;). Quando si visita una pagina con il plugin YouTube, viene stabilita una connessione ai server di YouTube. Questo indica a YouTube quali pagine si stanno visitando. Se l&#8217;utente ha effettuato l&#8217;accesso al proprio account YouTube, quest&#8217;ultimo pu\u00f2 assegnare il suo comportamento di navigazione all&#8217;utente stesso. Per evitare che ci\u00f2 accada, \u00e8 sufficiente disconnettersi dal proprio account YouTube.<\/p>\n<p>Se viene avviato un video di YouTube, il provider utilizza dei cookie che raccolgono informazioni sul comportamento dell&#8217;utente.<\/p>\n<h3>Annunci di Google<\/h3>\n<p>Questo sito web utilizza il monitoraggio delle conversioni di Google. Se avete visitato il nostro sito web tramite un annuncio pubblicitario di Google, Google Ads imposter\u00e0 un cookie sul vostro computer. Il cookie di monitoraggio delle conversioni viene impostato quando un utente fa clic su un annuncio pubblicitario pubblicato da Google. Questi cookie perdono la loro validit\u00e0 dopo 30 giorni e non vengono utilizzati per l&#8217;identificazione personale. Se l&#8217;utente visita determinate pagine del nostro sito web e il cookie non \u00e8 ancora scaduto, noi e Google possiamo riconoscere che l&#8217;utente ha cliccato sull&#8217;annuncio ed \u00e8 stato reindirizzato a questa pagina. Ogni cliente di Google Ads riceve un cookie diverso. I cookie non possono quindi essere rintracciati nei siti web dei clienti Ads. Le informazioni ottenute tramite il cookie di conversione vengono utilizzate per creare statistiche di conversione per i clienti di Ads che hanno optato per il monitoraggio della conversione. I clienti apprendono il numero totale di utenti che hanno fatto clic sul loro annuncio e sono stati reindirizzati a una pagina contrassegnata da un tag di monitoraggio delle conversioni. Tuttavia, non ricevono alcuna informazione che possa essere utilizzata per identificare personalmente gli utenti.<\/p>\n<p>Se non desiderate partecipare al tracciamento, potete rifiutare l&#8217;impostazione di un cookie necessario a tal fine, ad esempio mediante un&#8217;impostazione del browser che disattivi in generale l&#8217;impostazione automatica dei cookie o impostando il vostro browser in modo tale da bloccare i cookie del dominio &#8220;googleleadservices.com&#8221;.<\/p>\n<p>Si noti che non \u00e8 possibile eliminare i cookie di opt-out finch\u00e9 non si desidera che vengano registrati i dati di misurazione. Se avete cancellato tutti i cookie nel browser, dovrete impostare nuovamente il relativo cookie di opt-out.<\/p>\n<h3>Instagram<\/h3>\n<p>Le funzioni del servizio Instagram sono integrate nel nostro sito web. Queste funzioni sono offerte da Instagram Inc., 1601 Willow Road, Menlo Park, CA, 94025, USA. Se avete effettuato l&#8217;accesso al vostro account Instagram, potete collegare il contenuto delle nostre pagine al vostro profilo Instagram cliccando sul pulsante Instagram. Ci\u00f2 consente a Instagram di associare la visita alle nostre pagine al vostro account utente. Desideriamo sottolineare che noi, in qualit\u00e0 di provider delle pagine, non siamo a conoscenza del contenuto dei dati trasmessi n\u00e9 del loro utilizzo da parte di Instagram.<\/p>\n<p>Per ulteriori informazioni, consultare l&#8217;informativa sulla privacy di Instagram: http:\/\/instagram.com\/about\/legal\/privacy\/<\/p>\n<h3>LinkedIn<\/h3>\n<p>Utilizziamo i servizi di marketing del social network LinkedIn di LinkedIn Ireland Unlimited Company, Wilton Plaza, Wilton Place, Dublino 2, Irlanda (&#8220;LinkedIn&#8221;) nell&#8217;ambito della nostra offerta online.<\/p>\n<p>Questi utilizzano i cookie, ossia file di testo che vengono memorizzati sul vostro computer. Questo ci permette di analizzare l&#8217;utilizzo del sito web da parte degli utenti. Ad esempio, possiamo misurare il successo delle nostre pubblicit\u00e0 e mostrare agli utenti i prodotti a cui erano precedentemente interessati.<\/p>\n<p>Ad esempio, vengono registrate informazioni sul sistema operativo, sul browser, sul sito web visitato in precedenza (URL di riferimento), su quali siti web l&#8217;utente ha visitato, su quali offerte ha cliccato e sulla data e l&#8217;ora della visita al nostro sito web.<\/p>\n<p>Le informazioni generate dal cookie sull&#8217;utilizzo di questo sito web da parte dell&#8217;utente vengono trasferite in forma pseudonima a un server di LinkedIn negli Stati Uniti e l\u00ec memorizzate. LinkedIn non memorizza quindi il nome o l&#8217;indirizzo e-mail del rispettivo utente. I dati di cui sopra vengono invece assegnati solo alla persona per la quale \u00e8 stato generato il cookie. Ci\u00f2 non si applica se l&#8217;utente ha consentito a LinkedIn di elaborare senza pseudonimizzazione o se possiede un account LinkedIn.<\/p>\n<p>L&#8217;utente pu\u00f2 rifiutare l&#8217;uso dei cookie selezionando l&#8217;impostazione appropriata sul proprio browser, ma si prega di notare che in tal caso potrebbe non essere in grado di utilizzare tutte le funzionalit\u00e0 di questo sito web. Potete anche opporvi all&#8217;utilizzo dei vostri dati direttamente su LinkedIn: https:\/\/www.linkedin.com\/psettings\/guest-controls\/retargeting-opt-out.<\/p>\n<p>Utilizziamo LinkedIn Analytics per analizzare e migliorare regolarmente l&#8217;utilizzo del nostro sito web. Le statistiche ottenute ci consentono di migliorare la nostra offerta e di renderla pi\u00f9 interessante per l&#8217;utente. Tutte le societ\u00e0 di LinkedIn hanno adottato le clausole contrattuali standard per garantire che il traffico di dati verso gli Stati Uniti e Singapore necessario per lo sviluppo, l&#8217;implementazione e la manutenzione dei servizi avvenga in modo lecito. Nel caso in cui venga richiesto il consenso degli utenti, la base giuridica del trattamento \u00e8 l&#8217;art. 6 (1) lett. a DSGVO. In caso contrario, la base giuridica per l&#8217;utilizzo di LinkedIn Analytics \u00e8 l&#8217;art. 6 comma 1 p. 1 lett. f DSGVO.<\/p>\n<p>Informazioni del fornitore terzo: LinkedIn Ireland Unlimited Company Wilton Place, Dublin 2 Ireland; Accordo con gli utenti e Informativa sulla privacy.<\/p>\n<h3>Come proteggiamo i vostri dati<\/h3>\n<p><strong>Crittografia SSL<\/strong><\/p>\n<p>Per proteggere la sicurezza dei vostri dati durante la trasmissione, utilizziamo metodi di crittografia all&#8217;avanguardia (ad es. SSL) tramite HTTPS.<\/p>\n<h3>Cambiamenti<\/h3>\n<p>Possiamo modificare la presente dichiarazione sulla protezione dei dati in qualsiasi momento e senza preavviso. Si applica la versione attuale pubblicata sul nostro sito web.<\/p>\n<h3>Domande al responsabile della protezione dei dati<\/h3>\n<p>In caso di domande sulla protezione dei dati, vi preghiamo di scriverci via e-mail o di contattare direttamente la persona della nostra organizzazione responsabile della protezione dei dati indicata all&#8217;inizio della presente dichiarazione sulla protezione dei dati.<\/p>\n<p>Haltikon, 13.6.2022<\/p>\n<\/div><\/div><\/div><\/div><\/div>\n","protected":false},"excerpt":{"rendered":"","protected":false},"author":1,"featured_media":0,"parent":0,"menu_order":0,"comment_status":"closed","ping_status":"closed","template":"100-width.php","meta":{"footnotes":""},"class_list":["post-6586","page","type-page","status-publish","hentry"],"yoast_head":"<!-- This site is optimized with the Yoast SEO plugin v16.7 - https:\/\/yoast.com\/wordpress\/plugins\/seo\/ -->\n<title>Informativa sulla privacy - Schilliger CH<\/title>\n<meta name=\"description\" content=\"Schilliger Holz AG Haltikon 33 6403 K\u00fcssnacht am Rigi www.schilliger.ch Production CLT, Bois lamell\u00e9 coll\u00e9, bois massif, raboterie.\" \/>\n<meta name=\"robots\" content=\"index, follow, max-snippet:-1, max-image-preview:large, max-video-preview:-1\" \/>\n<link rel=\"canonical\" href=\"https:\/\/www.schilliger.ch\/it\/privacy\/\" \/>\n<meta property=\"og:locale\" content=\"it_IT\" \/>\n<meta property=\"og:type\" content=\"article\" \/>\n<meta property=\"og:title\" content=\"Informativa sulla privacy - Schilliger CH\" \/>\n<meta property=\"og:description\" content=\"Schilliger Holz AG Haltikon 33 6403 K\u00fcssnacht am Rigi www.schilliger.ch Production CLT, Bois lamell\u00e9 coll\u00e9, bois massif, raboterie.\" \/>\n<meta property=\"og:url\" content=\"https:\/\/www.schilliger.ch\/it\/privacy\/\" \/>\n<meta property=\"og:site_name\" content=\"Schilliger CH\" \/>\n<meta property=\"article:modified_time\" content=\"2022-06-21T13:00:50+00:00\" \/>\n<meta name=\"twitter:card\" content=\"summary\" \/>\n<meta name=\"twitter:label1\" content=\"Tempo di lettura stimato\" \/>\n\t<meta name=\"twitter:data1\" content=\"2 minuti\" \/>\n<script type=\"application\/ld+json\" class=\"yoast-schema-graph\">{\"@context\":\"https:\/\/schema.org\",\"@graph\":[{\"@type\":\"WebSite\",\"@id\":\"https:\/\/www.schilliger.ch\/it\/#website\",\"url\":\"https:\/\/www.schilliger.ch\/it\/\",\"name\":\"Schilliger CH\",\"description\":\"Kompetenz und Innovation. Holz und Mehr.\",\"potentialAction\":[{\"@type\":\"SearchAction\",\"target\":{\"@type\":\"EntryPoint\",\"urlTemplate\":\"https:\/\/www.schilliger.ch\/it\/?s={search_term_string}\"},\"query-input\":\"required name=search_term_string\"}],\"inLanguage\":\"it-IT\"},{\"@type\":\"WebPage\",\"@id\":\"https:\/\/www.schilliger.ch\/it\/privacy\/#webpage\",\"url\":\"https:\/\/www.schilliger.ch\/it\/privacy\/\",\"name\":\"Informativa sulla privacy - Schilliger CH\",\"isPartOf\":{\"@id\":\"https:\/\/www.schilliger.ch\/it\/#website\"},\"datePublished\":\"2022-06-09T14:17:21+00:00\",\"dateModified\":\"2022-06-21T13:00:50+00:00\",\"description\":\"Schilliger Holz AG Haltikon 33 6403 K\\u00fcssnacht am Rigi www.schilliger.ch Production CLT, Bois lamell\\u00e9 coll\\u00e9, bois massif, raboterie.\",\"breadcrumb\":{\"@id\":\"https:\/\/www.schilliger.ch\/it\/privacy\/#breadcrumb\"},\"inLanguage\":\"it-IT\",\"potentialAction\":[{\"@type\":\"ReadAction\",\"target\":[\"https:\/\/www.schilliger.ch\/it\/privacy\/\"]}]},{\"@type\":\"BreadcrumbList\",\"@id\":\"https:\/\/www.schilliger.ch\/it\/privacy\/#breadcrumb\",\"itemListElement\":[{\"@type\":\"ListItem\",\"position\":1,\"name\":\"Accueil\",\"item\":\"https:\/\/www.schilliger.ch\/it\/\"},{\"@type\":\"ListItem\",\"position\":2,\"name\":\"Informativa sulla privacy\"}]}]}<\/script>\n<!-- \/ Yoast SEO plugin. -->","yoast_head_json":{"title":"Informativa sulla privacy - Schilliger CH","description":"Schilliger Holz AG Haltikon 33 6403 K\u00fcssnacht am Rigi www.schilliger.ch Production CLT, Bois lamell\u00e9 coll\u00e9, bois massif, raboterie.","robots":{"index":"index","follow":"follow","max-snippet":"max-snippet:-1","max-image-preview":"max-image-preview:large","max-video-preview":"max-video-preview:-1"},"canonical":"https:\/\/www.schilliger.ch\/it\/privacy\/","og_locale":"it_IT","og_type":"article","og_title":"Informativa sulla privacy - Schilliger CH","og_description":"Schilliger Holz AG Haltikon 33 6403 K\u00fcssnacht am Rigi www.schilliger.ch Production CLT, Bois lamell\u00e9 coll\u00e9, bois massif, raboterie.","og_url":"https:\/\/www.schilliger.ch\/it\/privacy\/","og_site_name":"Schilliger CH","article_modified_time":"2022-06-21T13:00:50+00:00","twitter_card":"summary","twitter_misc":{"Tempo di lettura stimato":"2 minuti"},"schema":{"@context":"https:\/\/schema.org","@graph":[{"@type":"WebSite","@id":"https:\/\/www.schilliger.ch\/it\/#website","url":"https:\/\/www.schilliger.ch\/it\/","name":"Schilliger CH","description":"Kompetenz und Innovation. Holz und Mehr.","potentialAction":[{"@type":"SearchAction","target":{"@type":"EntryPoint","urlTemplate":"https:\/\/www.schilliger.ch\/it\/?s={search_term_string}"},"query-input":"required name=search_term_string"}],"inLanguage":"it-IT"},{"@type":"WebPage","@id":"https:\/\/www.schilliger.ch\/it\/privacy\/#webpage","url":"https:\/\/www.schilliger.ch\/it\/privacy\/","name":"Informativa sulla privacy - Schilliger CH","isPartOf":{"@id":"https:\/\/www.schilliger.ch\/it\/#website"},"datePublished":"2022-06-09T14:17:21+00:00","dateModified":"2022-06-21T13:00:50+00:00","description":"Schilliger Holz AG Haltikon 33 6403 K\u00fcssnacht am Rigi www.schilliger.ch Production CLT, Bois lamell\u00e9 coll\u00e9, bois massif, raboterie.","breadcrumb":{"@id":"https:\/\/www.schilliger.ch\/it\/privacy\/#breadcrumb"},"inLanguage":"it-IT","potentialAction":[{"@type":"ReadAction","target":["https:\/\/www.schilliger.ch\/it\/privacy\/"]}]},{"@type":"BreadcrumbList","@id":"https:\/\/www.schilliger.ch\/it\/privacy\/#breadcrumb","itemListElement":[{"@type":"ListItem","position":1,"name":"Accueil","item":"https:\/\/www.schilliger.ch\/it\/"},{"@type":"ListItem","position":2,"name":"Informativa sulla privacy"}]}]}},"_links":{"self":[{"href":"https:\/\/www.schilliger.ch\/it\/wp-json\/wp\/v2\/pages\/6586","targetHints":{"allow":["GET"]}}],"collection":[{"href":"https:\/\/www.schilliger.ch\/it\/wp-json\/wp\/v2\/pages"}],"about":[{"href":"https:\/\/www.schilliger.ch\/it\/wp-json\/wp\/v2\/types\/page"}],"author":[{"embeddable":true,"href":"https:\/\/www.schilliger.ch\/it\/wp-json\/wp\/v2\/users\/1"}],"replies":[{"embeddable":true,"href":"https:\/\/www.schilliger.ch\/it\/wp-json\/wp\/v2\/comments?post=6586"}],"version-history":[{"count":4,"href":"https:\/\/www.schilliger.ch\/it\/wp-json\/wp\/v2\/pages\/6586\/revisions"}],"predecessor-version":[{"id":6628,"href":"https:\/\/www.schilliger.ch\/it\/wp-json\/wp\/v2\/pages\/6586\/revisions\/6628"}],"wp:attachment":[{"href":"https:\/\/www.schilliger.ch\/it\/wp-json\/wp\/v2\/media?parent=6586"}],"curies":[{"name":"wp","href":"https:\/\/api.w.org\/{rel}","templated":true}]}}